{"id":980,"date":"2017-12-13T09:20:53","date_gmt":"2017-12-13T09:20:53","guid":{"rendered":"http:\/\/www.gadoros.hu\/?page_id=980"},"modified":"2017-12-13T09:20:53","modified_gmt":"2017-12-13T09:20:53","slug":"muvelodesi-haz-dokumentumtar","status":"publish","type":"page","link":"http:\/\/gadoros.hu\/?page_id=980","title":{"rendered":"M\u0171vel\u0151d\u00e9si H\u00e1z &#8211; Dokumentumt\u00e1r"},"content":{"rendered":"<p>[wpfilebase tag=list id=99 pagenav=1 \/]<\/p>\n","protected":false},"excerpt":{"rendered":"<p>[wpfilebase tag=list id=99 pagenav=1 \/]<\/p>\n","protected":false},"author":1,"featured_media":0,"parent":0,"menu_order":0,"comment_status":"closed","ping_status":"closed","template":"","meta":{"footnotes":""},"_links":{"self":[{"href":"http:\/\/gadoros.hu\/index.php?rest_route=\/wp\/v2\/pages\/980"}],"collection":[{"href":"http:\/\/gadoros.hu\/index.php?rest_route=\/wp\/v2\/pages"}],"about":[{"href":"http:\/\/gadoros.hu\/index.php?rest_route=\/wp\/v2\/types\/page"}],"author":[{"embeddable":true,"href":"http:\/\/gadoros.hu\/index.php?rest_route=\/wp\/v2\/users\/1"}],"replies":[{"embeddable":true,"href":"http:\/\/gadoros.hu\/index.php?rest_route=%2Fwp%2Fv2%2Fcomments&post=980"}],"version-history":[{"count":1,"href":"http:\/\/gadoros.hu\/index.php?rest_route=\/wp\/v2\/pages\/980\/revisions"}],"predecessor-version":[{"id":981,"href":"http:\/\/gadoros.hu\/index.php?rest_route=\/wp\/v2\/pages\/980\/revisions\/981"}],"wp:attachment":[{"href":"http:\/\/gadoros.hu\/index.php?rest_route=%2Fwp%2Fv2%2Fmedia&parent=980"}],"curies":[{"name":"wp","href":"https:\/\/api.w.org\/{rel}","templated":true}]}}