{"id":961,"date":"2017-12-11T07:02:41","date_gmt":"2017-12-11T07:02:41","guid":{"rendered":"http:\/\/www.gadoros.hu\/?page_id=961"},"modified":"2018-05-18T09:27:02","modified_gmt":"2018-05-18T09:27:02","slug":"top-4-2-1-15-bs1-2016-00035-gondozasi-kozpont","status":"publish","type":"page","link":"http:\/\/gadoros.hu\/?page_id=961","title":{"rendered":"TOP-4.2.1-15-BS1-2016-00035 &#8211; Gondoz\u00e1si K\u00f6zpont"},"content":{"rendered":"<p><img loading=\"lazy\" decoding=\"async\" class=\"alignright size-full wp-image-857\" src=\"http:\/\/gadoros.hu\/wp-content\/uploads\/2017\/11\/piaclogo.png\" alt=\"\" width=\"436\" height=\"301\" srcset=\"http:\/\/gadoros.hu\/wp-content\/uploads\/2017\/11\/piaclogo.png 436w, http:\/\/gadoros.hu\/wp-content\/uploads\/2017\/11\/piaclogo-300x207.png 300w\" sizes=\"(max-width: 436px) 100vw, 436px\" \/><\/p>\n<p>&nbsp;<\/p>\n<p>&nbsp;<\/p>\n<p>&nbsp;<\/p>\n<p>&nbsp;<\/p>\n<p>&nbsp;<\/p>\n<p>&nbsp;<\/p>\n<p>Projekt bemutat\u00e1sa<\/p>\n<p><strong>Projekt c\u00edme, azonos\u00edt\u00f3 sz\u00e1ma: <\/strong><\/p>\n<p><strong>\u201eGondoz\u00e1si k\u00f6zpont eszk\u00f6zfejleszt\u00e9se G\u00e1doroson c\u00edm\u0171, TOP-4.2.1-15-BS1-2016-00035 azonos\u00edt\u00f3 sz\u00e1m\u00fa\u201d projekt.<\/strong><\/p>\n<p><strong>Projekt tervezett, elsz\u00e1molhat\u00f3 \u00f6sszk\u00f6lts\u00e9ge: <\/strong>8.043.020 Ft.<\/p>\n<p><strong>Kedvezm\u00e9nyezett:<\/strong> G\u00e1doros Nagyk\u00f6zs\u00e9g \u00d6nkorm\u00e1nyzata<br \/>\n<strong>T\u00e1mogat\u00e1si m\u00e9rt\u00e9ke:<\/strong> 100%<br \/>\n<strong>A projekt tervezett befejez\u00e9si d\u00e1tuma: <\/strong>2018. 01. 31.<strong><br \/>\n<\/strong><\/p>\n<p><strong>Konzorciumi partner<\/strong>: B\u00e9k\u00e9s Megyei \u00d6nkorm\u00e1nyzati Hivatal<br \/>\n<strong><u>Projekt r\u00f6vid m\u0171szaki, szakmai tartalma:<\/u><\/strong><\/p>\n<p><strong><u>A projekt c\u00e9lja: <\/u><\/strong><\/p>\n<p>A Gondoz\u00e1si K\u00f6zpontban m\u0171k\u00f6d\u0151 Id\u0151sek Klubja 1985-ben ker\u00fclt \u00e1tad\u00e1sra. Az akkori elv\u00e1r\u00e1sok, ig\u00e9nyek \u00e9s lehet\u0151s\u00e9gek szerint lett az Int\u00e9zm\u00e9ny berendezve, felszerelve. Az\u00f3ta eltelt id\u0151 alatt csak a legsz\u00fcks\u00e9gesebb eszk\u00f6z\u00f6k, berendez\u00e9sek ker\u00fcltek cser\u00e9re. A technikai fejl\u0151d\u00e9st az Int\u00e9zm\u00e9ny nem tudta k\u00f6vetni. \u00cdgy a jelenlegi \u00e1llapota miatt fel\u00faj\u00edt\u00e1sra szorul. Az \u00e9p\u00fclet b\u00fatorzata r\u00e9gi, elhaszn\u00e1l\u00f3dott, a mai kor elv\u00e1r\u00e1s\u00e1nak nem megfelel\u0151 (pl. a pihen\u0151 szobai hever\u0151k, k\u00f6nyvespolcok, sz\u00e9kek, asztalok, irodai b\u00fatorok). Az eszk\u00f6z\u00f6k hi\u00e1nyosak, nem eszt\u00e9tikusak (pl. konyhai eszk\u00f6z\u00f6k: t\u00e1ny\u00e9rok, poharak, t\u00e1lak, ev\u0151eszk\u00f6z\u00f6k). A technikai felszerel\u00e9s: CD-lej\u00e1tsz\u00f3, sz\u00e1m\u00edt\u00f3g\u00e9p nincs ami seg\u00edten\u00e9 a klubtagok sz\u00f3rakoz\u00e1s\u00e1t, inform\u00e1ci\u00f3 szerz\u00e9s\u00e9t. (pl. Internet sarok kialak\u00edt\u00e1sa)<\/p>\n<p>A p\u00e1ly\u00e1zat megval\u00f3s\u00edt\u00e1s\u00e1val szebb, modernebb k\u00f6r\u00fclm\u00e9nyek k\u00f6z\u00f6tt zajlan\u00e1nak a klubfoglalkoz\u00e1sok, lehet\u0151s\u00e9g lenne tartalmasabb programok megrendez\u00e9s\u00e9re. A h\u00e1zi gondoz\u00e1sban elengedhetetlen a gondoz\u00f3n\u0151k sz\u00e1m\u00e1ra j\u00f3 min\u0151s\u00e9g\u0171 ker\u00e9kp\u00e1rok beszerz\u00e9se, hiszen naponta t\u00f6bb km utat kell megtenni\u00fck, mire minden gondozottat v\u00e9gigj\u00e1rnak. A r\u00e9gi ker\u00e9kp\u00e1rok folyamatos jav\u00edt\u00e1sra szorulnak. A Gondoz\u00e1si K\u00f6zponton bel\u00fcl egy udvarban helyezkedik el az Id\u0151sek Klubja, Az itt id\u0151t t\u00f6lt\u0151 id\u0151seknek a mindennapi sz\u00fcks\u00e9glet\u00fckh\u00f6z \u00e9s eg\u00e9szs\u00e9g\u00fckh\u00f6z hozz\u00e1tartozik a leveg\u0151n val\u00f3 tart\u00f3zkod\u00e1s. \u00cdgy az \u00e9p\u00fcletek k\u00f6rny\u00e9k\u00e9t \u00e9s udvar\u00e1t, ha kerti b\u00fatorokkal tudn\u00e1nk felszerelni, akkor a k\u00f6rnyezet szebb \u00e9s \u00e9lhet\u0151bb lenne. A projekt keret\u00e9ben beszerzend\u0151 eszk\u00f6z\u00f6k mind a g\u00e1dorosi Gondoz\u00e1si K\u00f6zpont nappali ell\u00e1t\u00e1shoz, valamint az int\u00e9zm\u00e9ny \u00e1ltal biztos\u00edtott h\u00e1zi seg\u00edts\u00e9gny\u00fajt\u00e1shoz biztos\u00edtja a szolg\u00e1ltat\u00e1sok sz\u00ednvonal\u00e1nak fenntart\u00e1s\u00e1t \u00e9s a min\u0151s\u00e9gi, \u00e9letsz\u00ednvonalat jav\u00edt\u00f3 szolg\u00e1ltat\u00e1sok el\u00e9rhet\u0151s\u00e9g\u00e9t a telep\u00fcl\u00e9sen. A nappali ell\u00e1t\u00e1s \u00e9s a h\u00e1zi seg\u00edts\u00e9gny\u00fajt\u00e1s eset\u00e9n is olyan id\u0151s emberek ell\u00e1t\u00e1s\u00e1t v\u00e9gezz\u00fck, akik eg\u00e9szs\u00e9gi \u00e1llapotuk, vagy id\u0151s koruk miatt ment\u00e1lis \u00e9s szoci\u00e1lis t\u00e1mogat\u00e1sra szorulnak; \u00f6nmaguk ell\u00e1t\u00e1s\u00e1ra csak r\u00e9szben k\u00e9pesek. Olyan nyugd\u00edjas emberek, akik sokszor egyed\u00fcl \u00e9lnek, \u00e9s m\u00e1r nem k\u00e9pesek \u00f6nmagukr\u00f3l teljes m\u00e9rt\u00e9kben gondoskodni; nem tudnak egyed\u00fcl \u00e9tkezni, tiszt\u00e1lkodni, a ruh\u00e1ikat kimosni.<\/p>\n<p>A projekt keret\u00e9ben beszerzend\u0151 eszk\u00f6z\u00f6k mind azt a c\u00e9lt szolg\u00e1lj\u00e1k, hogy tov\u00e1bbra is megfelel\u0151en m\u0171k\u00f6dj\u00f6n az ilyen magasabb sz\u00fcks\u00e9glet\u0171 szem\u00e9lyek ell\u00e1t\u00e1sa, \u00e9letk\u00f6r\u00fclm\u00e9nyeik jav\u00edt\u00e1sa, fizikai \u00e9s ment\u00e1lis hanyatl\u00e1suk n\u00f6veked\u00e9s\u00e9nek cs\u00f6kkent\u00e9se. A megval\u00f3s\u00edtani k\u00edv\u00e1nt szoci\u00e1lis szolg\u00e1ltat\u00f3 strukt\u00fara, lehet\u0151s\u00e9get biztos\u00edt 30 f\u0151 nappali ell\u00e1t\u00e1s\u00e1ra, tov\u00e1bb\u00e1 27 f\u0151nek h\u00e1zi seg\u00edts\u00e9gny\u00fajt\u00e1s ig\u00e9nybev\u00e9tel\u00e9re.<\/p>\n<p>A tervezett szakmai strukt\u00far\u00e1hoz sz\u00fcks\u00e9ges t\u00e1rgyi felt\u00e9telek biztos\u00edt\u00e1s\u00e1t a beszerzend\u0151 eszk\u00f6z\u00f6k jelentik, ker\u00e9kp\u00e1rok, v\u00e9rnyom\u00e1sm\u00e9r\u0151k, v\u00e9rcukorszint m\u00e9r\u0151k, eb\u00e9dl\u0151 asztalok, sz\u00e9kek, k\u00f6nyvespolcok, irattart\u00f3 szekr\u00e9ny, fotelek, hever\u0151k, kanap\u00e9k, konyhab\u00fatorok, infokommunik\u00e1ci\u00f3s eszk\u00f6z\u00f6k (t\u00e9v\u00e9k, dvd lej\u00e1tsz\u00f3k, sz\u00e1m\u00edt\u00f3g\u00e9p, cd lej\u00e1tsz\u00f3), konyhai eszk\u00f6z\u00f6k, ed\u00e9nyek, valamint kerti b\u00fatorok. Ker\u00e9kp\u00e1rok beszerz\u00e9s\u00e9nek sz\u00fcks\u00e9gess\u00e9g\u00e9t a seg\u00edt\u00e9sben r\u00e9sztvev\u0151k mobilit\u00e1s\u00e1nak n\u00f6vel\u00e9se h\u00edvta \u00e9letre.<\/p>\n<p>A nappali ell\u00e1t\u00e1st \u00e9s a h\u00e1zi seg\u00edts\u00e9gny\u00fajt\u00e1st is id\u0151s emberek veszik ig\u00e9nybe, akikn\u00e9l szinte minden esetben el\u0151fordulnak v\u00e9rnyom\u00e1sprobl\u00e9m\u00e1k \u00e9s\/vagy a cukorbetegs\u00e9g valamilyen t\u00edpusa. Ez\u00e9rt elengedhetetlen\u00fcl fontos \u00faj v\u00e9rnyom\u00e1sm\u00e9r\u0151k \u00e9s v\u00e9rcukorszint m\u00e9r\u0151k beszerz\u00e9se, hiszen a folyamatosa ellen\u0151rz\u00e9ssel biztos\u00edthat\u00f3 a norm\u00e1lis \u00e9letmin\u0151s\u00e9g \u00e9s megel\u0151zhet\u0151ek az ilyen jelleg\u0171 betegs\u00e9gek miatti komoly beavatkoz\u00e1sok. A nappali ell\u00e1t\u00e1s lehet\u0151s\u00e9get ny\u00fajt a napk\u00f6zbeni tart\u00f3zkod\u00e1sra, amihez a megfelel\u0151 int\u00e9zm\u00e9nyi k\u00f6r\u00fclm\u00e9nyeket meg kell teremteni. A b\u00fatorok, sz\u00e9kek, asztalok folyamatos haszn\u00e1lata k\u00f6vetkezt\u00e9ben zajl\u00f3 amortiz\u00e1ci\u00f3 jelent\u0151sen befoly\u00e1solja a szolg\u00e1ltat\u00e1sra r\u00e1szorul\u00f3 j\u00f3ll\u00e9t\u00e9t, ez\u00e9rt sz\u00fcks\u00e9ges a b\u00fatorok, sz\u00e9kek, egy\u00e9b \u00fcl\u0151alkalmatoss\u00e1gok (hever\u0151, kanap\u00e9), f\u00fcgg\u00f6ny\u00f6k, pl\u00e9dek, stb. beszerz\u00e9se, cser\u00e9je. A k\u00f6z\u00f6ss\u00e9gi \u00e9lm\u00e9ny meg\u00e9l\u00e9s\u00e9nek megfelel\u0151 k\u00f6rnyezet kialak\u00edt\u00e1sa a k\u00fclt\u00e9rben ugyan\u00fagy fontos; j\u00f3 id\u0151 eset\u00e9n min\u00e9l t\u00f6bb id\u0151t tudjanak elt\u00f6lteni szabad leveg\u0151n k\u00e9nyelmes k\u00f6rnyezetben. Ehhez j\u00e1rul hozz\u00e1 a projekt keret\u00e9ben beszerz\u00e9sre ker\u00fcl\u0151 kerti b\u00fatorok, kerti padok, asztalok \u00e9s sz\u00e9kek. A nappali ell\u00e1t\u00e1s lehet\u0151s\u00e9get biztos\u00edt az ell\u00e1tottak sz\u00e1m\u00e1ra, hogy t\u00e1rsas\u00e1gban legyenek, t\u00e1rsaloghassanak m\u00e1sokkal.<\/p>\n<p>A projekt megval\u00f3sul\u00e1s\u00e1val, azaz a helyi szoci\u00e1lis alapszolg\u00e1ltat\u00e1s fejleszt\u00e9s\u00e9vel javulni fog az alapell\u00e1t\u00e1s min\u0151s\u00e9gi felt\u00e9telei. A projekt keret\u00e9ben beszerz\u00e9sre ker\u00fcl\u0151 eszk\u00f6z\u00f6k, mindennapi haszn\u00e1lati t\u00e1rgyak, infokommunik\u00e1ci\u00f3s eszk\u00f6z\u00f6k a g\u00e1dorosi Gondoz\u00e1si K\u00f6zpont szoci\u00e1lis alapszolg\u00e1ltat\u00e1sok infrastrukt\u00far\u00e1j\u00e1nak fejleszt\u00e9s\u00e9t jelenti, mely felt\u00e9tele annak, hogy az els\u0151sorban t\u00e1rsadalmi leszakad\u00e1ssal vesz\u00e9lyeztetett csoportok helyzet\u00e9t jav\u00edtsa, \u00e9letmin\u0151s\u00e9g\u00e9t pozit\u00edv ir\u00e1nyban befoly\u00e1solja.<\/p>\n<p><img loading=\"lazy\" decoding=\"async\" class=\"alignright wp-image-885\" src=\"http:\/\/gadoros.hu\/wp-content\/uploads\/2017\/11\/toplogo2.jpg\" alt=\"\" width=\"436\" height=\"301\" srcset=\"http:\/\/gadoros.hu\/wp-content\/uploads\/2017\/11\/toplogo2.jpg 1453w, http:\/\/gadoros.hu\/wp-content\/uploads\/2017\/11\/toplogo2-300x207.jpg 300w, http:\/\/gadoros.hu\/wp-content\/uploads\/2017\/11\/toplogo2-768x531.jpg 768w, http:\/\/gadoros.hu\/wp-content\/uploads\/2017\/11\/toplogo2-1024x708.jpg 1024w, http:\/\/gadoros.hu\/wp-content\/uploads\/2017\/11\/toplogo2-624x431.jpg 624w\" sizes=\"(max-width: 436px) 100vw, 436px\" \/><\/p>\n","protected":false},"excerpt":{"rendered":"<p>&nbsp; &nbsp; &nbsp; &nbsp; &nbsp; &nbsp; Projekt bemutat\u00e1sa Projekt c\u00edme, azonos\u00edt\u00f3 sz\u00e1ma: \u201eGondoz\u00e1si k\u00f6zpont eszk\u00f6zfejleszt\u00e9se G\u00e1doroson c\u00edm\u0171, TOP-4.2.1-15-BS1-2016-00035 azonos\u00edt\u00f3 sz\u00e1m\u00fa\u201d projekt. Projekt tervezett, elsz\u00e1molhat\u00f3 \u00f6sszk\u00f6lts\u00e9ge: 8.043.020 Ft. Kedvezm\u00e9nyezett: G\u00e1doros Nagyk\u00f6zs\u00e9g \u00d6nkorm\u00e1nyzata T\u00e1mogat\u00e1si m\u00e9rt\u00e9ke: 100% A projekt tervezett befejez\u00e9si d\u00e1tuma: 2018. 01. 31. Konzorciumi partner: B\u00e9k\u00e9s Megyei \u00d6nkorm\u00e1nyzati Hivatal Projekt r\u00f6vid m\u0171szaki, szakmai tartalma: A projekt [&hellip;]<\/p>\n","protected":false},"author":1,"featured_media":0,"parent":0,"menu_order":0,"comment_status":"closed","ping_status":"closed","template":"","meta":{"footnotes":""},"_links":{"self":[{"href":"http:\/\/gadoros.hu\/index.php?rest_route=\/wp\/v2\/pages\/961"}],"collection":[{"href":"http:\/\/gadoros.hu\/index.php?rest_route=\/wp\/v2\/pages"}],"about":[{"href":"http:\/\/gadoros.hu\/index.php?rest_route=\/wp\/v2\/types\/page"}],"author":[{"embeddable":true,"href":"http:\/\/gadoros.hu\/index.php?rest_route=\/wp\/v2\/users\/1"}],"replies":[{"embeddable":true,"href":"http:\/\/gadoros.hu\/index.php?rest_route=%2Fwp%2Fv2%2Fcomments&post=961"}],"version-history":[{"count":2,"href":"http:\/\/gadoros.hu\/index.php?rest_route=\/wp\/v2\/pages\/961\/revisions"}],"predecessor-version":[{"id":1113,"href":"http:\/\/gadoros.hu\/index.php?rest_route=\/wp\/v2\/pages\/961\/revisions\/1113"}],"wp:attachment":[{"href":"http:\/\/gadoros.hu\/index.php?rest_route=%2Fwp%2Fv2%2Fmedia&parent=961"}],"curies":[{"name":"wp","href":"https:\/\/api.w.org\/{rel}","templated":true}]}}