{"id":949,"date":"2017-12-01T08:27:58","date_gmt":"2017-12-01T08:27:58","guid":{"rendered":"http:\/\/test.gadoros.hu\/?page_id=949"},"modified":"2026-04-30T10:25:44","modified_gmt":"2026-04-30T08:25:44","slug":"roma-nemzetisegi-onkormanyzat-jegyzokonyvei","status":"publish","type":"page","link":"http:\/\/gadoros.hu\/?page_id=949","title":{"rendered":"Roma Nemzetis\u00e9gi \u00d6nkorm\u00e1nyzat Jegyz\u0151k\u00f6nyvei"},"content":{"rendered":"<div class=\"lightweight-accordion\"><details><summary class=\"lightweight-accordion-title\"><span>2026<\/span><\/summary><div class=\"lightweight-accordion-body\">\n\n<ul>\n<li><a href=\"http:\/\/gadoros.hu\/wp-content\/uploads\/2026\/04\/Jegyzokonyv-2026.03.30.pdf\">2026.03.30.<\/a><\/li>\n\n\n\n<li><a href=\"http:\/\/gadoros.hu\/wp-content\/uploads\/2026\/03\/Jegyzokonyv-2026.02.23.pdf\">2026.02.23.<\/a><\/li>\n\n\n\n<li><a href=\"http:\/\/gadoros.hu\/wp-content\/uploads\/2026\/02\/Jkv-2026.01.26.pdf\">2026.01.26.<\/a><\/li>\n<\/ul>\n\n<\/div><\/details><\/div>\n\n<div class=\"lightweight-accordion\"><details><summary class=\"lightweight-accordion-title\"><span>2025<\/span><\/summary><div class=\"lightweight-accordion-body\">\n\n<ul>\n<li><a href=\"http:\/\/gadoros.hu\/wp-content\/uploads\/2026\/02\/Jegyzokonyv-Kozmeghallgatas-2025.12.09.pdf\">2025.12.09.<\/a><\/li>\n\n\n\n<li><a href=\"http:\/\/gadoros.hu\/wp-content\/uploads\/2025\/12\/2025.-november-17-Jegyzokonyv.pdf\">2025.11.17.<\/a><\/li>\n\n\n\n<li><a href=\"http:\/\/gadoros.hu\/wp-content\/uploads\/2025\/12\/2025-oktober-27.-jegyzokonyv.pdf\">2025.10.27.<\/a><\/li>\n\n\n\n<li><a href=\"http:\/\/gadoros.hu\/wp-content\/uploads\/2025\/10\/Roma-jegyzokonyv-2025.09.09.pdf\">2025.09.09.<\/a><br><a href=\"http:\/\/gadoros.hu\/wp-content\/uploads\/2025\/10\/Roma-Jegyzokonyv-2025.08.14.pdf\">2025.08.14.<\/a><\/li>\n\n\n\n<li><a href=\"http:\/\/gadoros.hu\/wp-content\/uploads\/2025\/07\/Jegyzokonyv-2025.07.07-roma.pdf\">2025.07.07.<\/a><\/li>\n\n\n\n<li><a href=\"http:\/\/gadoros.hu\/wp-content\/uploads\/2025\/06\/Jegyzokonyv-2025.05.05.pdf\">2025.05.05.<\/a><\/li>\n\n\n\n<li><a href=\"http:\/\/gadoros.hu\/wp-content\/uploads\/2026\/04\/2025.04.25-Jegyzokonyv.pdf\">2025.04.25.<\/a><\/li>\n\n\n\n<li><a href=\"http:\/\/gadoros.hu\/wp-content\/uploads\/2025\/04\/RNO-Jegyzokonyv-2025.04.07.pdf\">2025.04.07.<\/a><\/li>\n\n\n\n<li><a href=\"http:\/\/gadoros.hu\/wp-content\/uploads\/2025\/04\/RNO-Jegyzokonyv-2025.03.31.pdf\">2025.03.31.<\/a><\/li>\n\n\n\n<li><a href=\"http:\/\/gadoros.hu\/wp-content\/uploads\/2025\/04\/RNO-Jegyzokonyv-2025.02.24.pdf\">2025.02.24.<\/a><\/li>\n\n\n\n<li><a href=\"http:\/\/gadoros.hu\/wp-content\/uploads\/2025\/04\/RNO-Jegyzokonyv-2025.01.27.pdf\">2025.01.27.<\/a><\/li>\n<\/ul>\n\n<\/div><\/details><\/div>\n\n<div class=\"lightweight-accordion\"><details><summary class=\"lightweight-accordion-title\"><span>2024<\/span><\/summary><div class=\"lightweight-accordion-body\">\n\n<ul>\n<li><a href=\"http:\/\/gadoros.hu\/wp-content\/uploads\/2026\/04\/2024.12.09-Jegyzokonyv.pdf\">024.12.09.<\/a><\/li>\n\n\n\n<li><a href=\"http:\/\/gadoros.hu\/wp-content\/uploads\/2026\/04\/2024.11.20-Jegyzokonyv.pdf\">2024.11.20.<\/a><\/li>\n\n\n\n<li><a href=\"http:\/\/gadoros.hu\/wp-content\/uploads\/2026\/04\/2024.10.14-Roma-Nemzetiseg-Alakulo-ules-.pdf\">2024.10.14. \u2013 Alakul\u00f3 \u00fcl\u00e9s.<\/a><\/li>\n\n\n\n<li><a href=\"http:\/\/gadoros.hu\/wp-content\/uploads\/2026\/04\/2024.08.21-Jegyzokonyv-.pdf\" data-type=\"link\" data-id=\"http:\/\/gadoros.hu\/wp-content\/uploads\/2026\/04\/2024.08.21-Jegyzokonyv-.pdf\">2024.08.21.<\/a><\/li>\n\n\n\n<li><a href=\"http:\/\/gadoros.hu\/wp-content\/uploads\/2026\/04\/2024.07.05-Jegyzokonyv.pdf\">2024.07.05.<\/a><\/li>\n\n\n\n<li><a href=\"http:\/\/gadoros.hu\/wp-content\/uploads\/2026\/04\/2024.04.25-jegyzokonyv.pdf\">2024.04.25.<\/a><\/li>\n\n\n\n<li><a href=\"http:\/\/gadoros.hu\/wp-content\/uploads\/2026\/04\/2024.02.14-Jegyzokonyv.pdf\">2024.02.14.<\/a><\/li>\n\n\n\n<li><a href=\"http:\/\/gadoros.hu\/wp-content\/uploads\/2026\/04\/2024.01.31-Jegyzokonyv-.pdf\">2024.01.31.<\/a><\/li>\n<\/ul>\n\n<\/div><\/details><\/div>\n\n<div class=\"lightweight-accordion\"><details><summary class=\"lightweight-accordion-title\"><span>2023<\/span><\/summary><div class=\"lightweight-accordion-body\">\n\n<ul>\n<li><a href=\"http:\/\/gadoros.hu\/wp-content\/uploads\/2026\/04\/Jegyzokonyv-2023.12.11.pdf\">2023.12.11.<\/a><\/li>\n\n\n\n<li><a href=\"http:\/\/gadoros.hu\/wp-content\/uploads\/2026\/04\/Jegyzokonyv-2023.10.13.pdf\">2023.10.13.<\/a><\/li>\n\n\n\n<li><a href=\"http:\/\/gadoros.hu\/wp-content\/uploads\/2026\/04\/Jegyzokonyv-2023.08.31.pdf\">2023.08.31.<\/a><\/li>\n\n\n\n<li><a href=\"http:\/\/gadoros.hu\/wp-content\/uploads\/2026\/04\/JKV-2023.06.28.pdf\">2023.06.28.<\/a><\/li>\n\n\n\n<li><a href=\"http:\/\/gadoros.hu\/wp-content\/uploads\/2026\/04\/JKV-2023.06.20.pdf\">2023.06.20.<\/a><\/li>\n\n\n\n<li><a href=\"http:\/\/gadoros.hu\/wp-content\/uploads\/2026\/04\/Jkv-2023.05.16.pdf\">2023.05.16.<\/a><\/li>\n\n\n\n<li><a href=\"http:\/\/gadoros.hu\/wp-content\/uploads\/2026\/04\/Jkv-2023.05.08.pdf\">2023.05.08.<\/a><\/li>\n\n\n\n<li><a href=\"http:\/\/gadoros.hu\/wp-content\/uploads\/2026\/04\/JKV-2023.04.24.pdf\">2023.04.24.<\/a><\/li>\n\n\n\n<li><a href=\"http:\/\/gadoros.hu\/wp-content\/uploads\/2026\/04\/Jegyzokonyv-2023.02.27.pdf\">2023.02.27.<\/a><\/li>\n\n\n\n<li><a href=\"http:\/\/gadoros.hu\/wp-content\/uploads\/2026\/04\/Jkv-2023.02.13.pdf\">2023.02.13.<\/a><\/li>\n<\/ul>\n\n<\/div><\/details><\/div>\n\n<div class=\"lightweight-accordion\"><details><summary class=\"lightweight-accordion-title\"><span>2022<\/span><\/summary><div class=\"lightweight-accordion-body\">\n\n<ul>\n<li><a href=\"http:\/\/gadoros.hu\/wp-content\/uploads\/2026\/04\/Jegyzokonyv-2022.12.20.pdf\">2022.12.20.<\/a><\/li>\n\n\n\n<li><a href=\"http:\/\/gadoros.hu\/wp-content\/uploads\/2026\/04\/Jegyzokonyv-2022.10.07.pdf\">2022.10.07.<\/a><\/li>\n\n\n\n<li><a href=\"http:\/\/gadoros.hu\/wp-content\/uploads\/2026\/04\/JKV-2022.09.07.pdf\">2022.09.07.<\/a><\/li>\n\n\n\n<li><a href=\"http:\/\/gadoros.hu\/wp-content\/uploads\/2026\/04\/2022_07_22.pdf\">2022.07.22.<\/a><\/li>\n\n\n\n<li><a href=\"http:\/\/gadoros.hu\/wp-content\/uploads\/2026\/04\/2022_07_12.pdf\">2022.07.12.<\/a><\/li>\n\n\n\n<li><a href=\"http:\/\/gadoros.hu\/wp-content\/uploads\/2026\/04\/2022_06_13.pdf\">2022.06.13.<\/a><\/li>\n\n\n\n<li><a href=\"http:\/\/gadoros.hu\/wp-content\/uploads\/2026\/04\/2022_06_02.pdf\">2022.06.02.<\/a><\/li>\n\n\n\n<li><a href=\"http:\/\/gadoros.hu\/wp-content\/uploads\/2026\/04\/2022_04_26.pdf\">2022.04.26.<\/a><\/li>\n\n\n\n<li><a href=\"http:\/\/gadoros.hu\/wp-content\/uploads\/2026\/04\/2022_02_14.pdf\">2022.02.14.<\/a><\/li>\n\n\n\n<li><a href=\"http:\/\/gadoros.hu\/wp-content\/uploads\/2026\/04\/2022_01_19.pdf\">2022.01.19.<\/a><\/li>\n<\/ul>\n\n<\/div><\/details><\/div>\n\n<div class=\"lightweight-accordion\"><details><summary class=\"lightweight-accordion-title\"><span>2021<\/span><\/summary><div class=\"lightweight-accordion-body\">\n\n<ul>\n<li><a href=\"http:\/\/gadoros.hu\/wp-content\/uploads\/2026\/04\/Jkv-2021.12.16.pdf\">2021.12.16.<\/a><\/li>\n\n\n\n<li><a href=\"http:\/\/gadoros.hu\/wp-content\/uploads\/2026\/04\/Jkv-2021.12.06.pdf\">2021.12.06.<\/a><\/li>\n\n\n\n<li><a href=\"http:\/\/gadoros.hu\/wp-content\/uploads\/2026\/04\/Jkv-2021.11.16.pdf\">2021.11.16.<\/a><\/li>\n\n\n\n<li><a href=\"http:\/\/gadoros.hu\/wp-content\/uploads\/2026\/04\/Jkv-2021.09.10.pdf\">2021.09.10.<\/a><\/li>\n\n\n\n<li><a href=\"http:\/\/gadoros.hu\/wp-content\/uploads\/2026\/04\/Gadoros-RNO-2021.08.11-rendkivuli.pdf\">2021.08.11.<\/a><\/li>\n\n\n\n<li><a href=\"http:\/\/gadoros.hu\/wp-content\/uploads\/2026\/04\/Gadoros-RNO-2021.07.14-rendkivuli.pdf\">2021.07<\/a><a href=\"http:\/\/gadoros.hu\/wp-content\/uploads\/2024\/05\/Gadoros-RNO-2021.07.14-rendkivuli.pdf\">.14.<\/a><\/li>\n\n\n\n<li><a href=\"http:\/\/gadoros.hu\/wp-content\/uploads\/2026\/04\/Gadoros-RNO-2021.06.21-rendes.pdf\">2021.06.21.<\/a><\/li>\n<\/ul>\n\n<\/div><\/details><\/div>\n\n<div class=\"lightweight-accordion\"><details><summary class=\"lightweight-accordion-title\"><span>2020<\/span><\/summary><div class=\"lightweight-accordion-body\">\n\n<ul>\n<li><a href=\"http:\/\/gadoros.hu\/wp-content\/uploads\/2026\/04\/Gadoros-RNO-2020.09.30.-Jkv-jelenleti-meghivo.pdf\">2020.09.30.<\/a><\/li>\n\n\n\n<li><a href=\"http:\/\/gadoros.hu\/wp-content\/uploads\/2026\/04\/Gadoros-RNO-2020.09.03.-Jkv-jelenleti-meghivo.pdf\">2020.09.03.<\/a><\/li>\n\n\n\n<li><a href=\"http:\/\/gadoros.hu\/wp-content\/uploads\/2026\/04\/Gadoros-RNO-2020.08.19.-Jkv-jelenleti-meghivo.pdf\">2020.08.19.<\/a><\/li>\n\n\n\n<li><a href=\"http:\/\/gadoros.hu\/wp-content\/uploads\/2026\/04\/Gadoros-RNO-2020.08.04.-Jkv-jelenleti-meghivo.pdf\">2020.08.04.<\/a><\/li>\n\n\n\n<li><a href=\"http:\/\/gadoros.hu\/wp-content\/uploads\/2026\/04\/RNO-2020.07.21-rendkivuli.pdf\">2020.07.21.<\/a><\/li>\n\n\n\n<li><a href=\"http:\/\/gadoros.hu\/wp-content\/uploads\/2026\/04\/RNO-2020.07.15-rendkivuli.pdf\">2020.07.15.<\/a><\/li>\n\n\n\n<li><a href=\"http:\/\/gadoros.hu\/wp-content\/uploads\/2026\/04\/RNO-2020.07.13-rendkivuli.pdf\">2020.07.13.<\/a><\/li>\n\n\n\n<li><a href=\"http:\/\/gadoros.hu\/wp-content\/uploads\/2026\/04\/RNO-2020.07.07-rendkivuli.pdf\">2020.07.07.<\/a><\/li>\n\n\n\n<li><a href=\"http:\/\/gadoros.hu\/wp-content\/uploads\/2026\/04\/RNO-2020.06.23-rendkivuli_2.pdf\">2020.06.23.<\/a><\/li>\n\n\n\n<li><a href=\"http:\/\/gadoros.hu\/wp-content\/uploads\/2026\/04\/RNO-2020.03.05-rendes.pdf\">2020.03.05.<\/a><\/li>\n\n\n\n<li><a href=\"http:\/\/gadoros.hu\/wp-content\/uploads\/2026\/04\/RNO-2020.02.13-rendkivuli.pdf\">2020.02.13.<\/a><\/li>\n\n\n\n<li><a href=\"http:\/\/gadoros.hu\/wp-content\/uploads\/2026\/04\/RNO-2020.01.29-rendkivuli.pdf\">2020.01.29.<\/a><\/li>\n\n\n\n<li><a href=\"http:\/\/gadoros.hu\/wp-content\/uploads\/2026\/04\/RNO-2020.01.15-rendkivuli.pdf\">2020.01.15.<\/a><\/li>\n<\/ul>\n\n<\/div><\/details><\/div>\n\n<div class=\"lightweight-accordion\"><details><summary class=\"lightweight-accordion-title\"><span>2019<\/span><\/summary><div class=\"lightweight-accordion-body\">\n\n<ul>\n<li><a href=\"http:\/\/gadoros.hu\/wp-content\/uploads\/2026\/04\/RNO-jegyzokonyv-2019.12.16-kozmeghallgatas.pdf\">2019.12.16.<\/a><\/li>\n\n\n\n<li><a href=\"http:\/\/gadoros.hu\/wp-content\/uploads\/2026\/04\/RNO-jegyzokonyv-2019.11.19-rendkivuli.pdf\">2019.11.19.<\/a><\/li>\n\n\n\n<li><a href=\"http:\/\/gadoros.hu\/wp-content\/uploads\/2026\/04\/RNO-jegyzokonyv-2019.10.25-alakulo.pdf\">2019.10.25.<\/a><\/li>\n\n\n\n<li><a href=\"http:\/\/gadoros.hu\/wp-content\/uploads\/2026\/04\/RNO-jegyzokonyv-2019.10.10-rendkivuli.pdf\">2019.10.10.<\/a><\/li>\n\n\n\n<li><a href=\"http:\/\/gadoros.hu\/wp-content\/uploads\/2026\/04\/RNO-jegyzokonyv-2019.07.18-rendkivuli.pdf\">2019.07.18.<\/a><\/li>\n\n\n\n<li><a href=\"http:\/\/gadoros.hu\/wp-content\/uploads\/2026\/04\/RNO-jegyzokonyv-2019.04.09-rendes-ules.pdf\">2019.04.09.<\/a><\/li>\n\n\n\n<li><a href=\"http:\/\/gadoros.hu\/wp-content\/uploads\/2026\/04\/RNO-Gadoros-2019.02.05-rendes-ules.pdf\" data-type=\"link\" data-id=\"http:\/\/gadoros.hu\/wp-content\/uploads\/2026\/04\/RNO-Gadoros-2019.02.05-rendes-ules.pdf\">2019.02.05.<\/a><\/li>\n\n\n\n<li><a href=\"http:\/\/gadoros.hu\/wp-content\/uploads\/2026\/04\/RNO-Gadoros-2019.01.09-rendkivuli-ules.pdf\">2019.01.09.<\/a><\/li>\n<\/ul>\n\n<\/div><\/details><\/div>\n\n<div class=\"lightweight-accordion\"><details><summary class=\"lightweight-accordion-title\"><span>2018<\/span><\/summary><div class=\"lightweight-accordion-body\">\n\n<ul>\n<li><a href=\"http:\/\/gadoros.hu\/wp-content\/uploads\/2026\/04\/RNO-Gadoros-2018.12.07-kozmeghallgatas.pdf\">2018.12.07.<\/a><\/li>\n\n\n\n<li><a href=\"http:\/\/gadoros.hu\/wp-content\/uploads\/2026\/04\/RNO-Gadoros-2018.11.30-rendes-ules.pdf\">2018.11.30.<\/a><\/li>\n\n\n\n<li><a href=\"http:\/\/gadoros.hu\/wp-content\/uploads\/2026\/04\/Gadoros-rno-2018.10.10-rendkivuli-ules.pdf\">2018.10.10.<\/a><\/li>\n\n\n\n<li><a href=\"http:\/\/gadoros.hu\/wp-content\/uploads\/2026\/04\/RNO-Gadoros-2018.09.03-rendes-ules.pdf\">2018.09.03.<\/a><\/li>\n\n\n\n<li><a href=\"http:\/\/gadoros.hu\/wp-content\/uploads\/2026\/04\/RNO-Gadoros-2018.08.06-rendes-ules.pdf\">2018.08.06.<\/a><\/li>\n\n\n\n<li><a href=\"http:\/\/gadoros.hu\/wp-content\/uploads\/2026\/04\/RNO-2018.07.05-rendkivuli-ules.pdf\">2018.07.05.<\/a><\/li>\n\n\n\n<li><a href=\"http:\/\/gadoros.hu\/wp-content\/uploads\/2026\/04\/RNO-2018.06.26-rendes-ules.pdf\">2018.06.26.<\/a><\/li>\n\n\n\n<li><a href=\"http:\/\/gadoros.hu\/wp-content\/uploads\/2026\/04\/RNO-rendkivuli-ules-2018.05.31.pdf\">2018.05.31.<\/a><\/li>\n\n\n\n<li><a href=\"http:\/\/gadoros.hu\/wp-content\/uploads\/2026\/04\/RNO-rendkivuli-ules-2018.05.16.pdf\">2018.05.16.<\/a><\/li>\n\n\n\n<li><a href=\"http:\/\/gadoros.hu\/wp-content\/uploads\/2026\/04\/Gadoros-RNO-jegyzokonyv-2018.04.23.pdf\">2018.04.23.<\/a><\/li>\n\n\n\n<li><a href=\"http:\/\/gadoros.hu\/wp-content\/uploads\/2026\/04\/Gadoros-RNO-jegyzokonyv-2018.03.27.pdf\">2018.03.27.<\/a><\/li>\n\n\n\n<li><a href=\"http:\/\/gadoros.hu\/wp-content\/uploads\/2026\/04\/RNO-jegyzokonyv-rendkivuli-2018.02.26.pdf\">2018.02.26.<\/a><\/li>\n\n\n\n<li><a href=\"http:\/\/gadoros.hu\/wp-content\/uploads\/2026\/04\/jegyzokonyv-2018.01.10-rendkivuli.pdf\">2018.01.10.<\/a><\/li>\n<\/ul>\n\n<\/div><\/details><\/div>\n\n<div class=\"lightweight-accordion\"><details><summary class=\"lightweight-accordion-title\"><span>2017<\/span><\/summary><div class=\"lightweight-accordion-body\">\n\n<ul>\n<li><a href=\"http:\/\/gadoros.hu\/wp-content\/uploads\/2026\/04\/Jegyzokonyv-2017.-12.-22.doc\">2017.12.22.<\/a><\/li>\n\n\n\n<li><a href=\"http:\/\/gadoros.hu\/wp-content\/uploads\/2024\/05\/RNO-kozmeghallgatas-2017.12.08._2.pdf\">2017.12.08.<\/a><\/li>\n\n\n\n<li><a href=\"http:\/\/gadoros.hu\/wp-content\/uploads\/2026\/04\/Jegyzokonyv-2017.-12.-06.doc\">2017.12.06.<\/a><\/li>\n\n\n\n<li><a href=\"http:\/\/gadoros.hu\/wp-content\/uploads\/2024\/05\/RNO-rendes-ules-2017.11.14-jegyzokonyv.pdf\">2017.11.14.<\/a><\/li>\n\n\n\n<li><a href=\"http:\/\/gadoros.hu\/wp-content\/uploads\/2026\/04\/Jegyzokonyv-RNO-rendes-ules-2017.09.12.pdf\">2017.09.12.<\/a><\/li>\n\n\n\n<li><a href=\"http:\/\/gadoros.hu\/wp-content\/uploads\/2024\/05\/Jegyzokonyv-RNO-rendkivuli-ules-2017.09.05.pdf\">2017.09.05.<\/a><\/li>\n\n\n\n<li><a href=\"http:\/\/gadoros.hu\/wp-content\/uploads\/2026\/04\/Jegyzokonyv-2017.-08.-21.doc\">2017.08.21.<\/a><\/li>\n\n\n\n<li><a href=\"http:\/\/gadoros.hu\/wp-content\/uploads\/2026\/04\/Jegyzokonyv-2017.08.02.-rendkivuli-ules.pdf\">2017.08.02.<\/a><\/li>\n\n\n\n<li><a href=\"http:\/\/gadoros.hu\/wp-content\/uploads\/2026\/04\/Jegyzokonyv-2017.07.14-rendkivuli-ules.pdf\">2017.07.14.<\/a><\/li>\n\n\n\n<li><a href=\"http:\/\/gadoros.hu\/wp-content\/uploads\/2024\/05\/Jegyzokonyv-2017.06.27-rendes-ules.pdf\">2017.06.27.<\/a><\/li>\n\n\n\n<li><a href=\"http:\/\/gadoros.hu\/wp-content\/uploads\/2026\/04\/Jegyzokonyv-2017.05.29-rendkivuli-ules.pdf\">2017.05.29.<\/a><\/li>\n\n\n\n<li><a href=\"http:\/\/gadoros.hu\/wp-content\/uploads\/2026\/04\/Jegyzokonyv-2017.04.11-rendes.pdf\">2017.04.11.<\/a><\/li>\n\n\n\n<li><a href=\"http:\/\/gadoros.hu\/wp-content\/uploads\/2026\/04\/Jegyzokonyvi-2017.04.05-rendkivuli.pdf\">2017.04.05.<\/a><\/li>\n\n\n\n<li><a href=\"http:\/\/gadoros.hu\/wp-content\/uploads\/2024\/05\/Jegyzokonyv-2017.03.20-rendkivuli.pdf\">2017.03.20.<\/a><\/li>\n\n\n\n<li><a href=\"http:\/\/gadoros.hu\/wp-content\/uploads\/2026\/04\/Jegyzokonyvi-2017.02.24-rendkivuli.pdf\">2017.02.24.<\/a><\/li>\n\n\n\n<li><a href=\"http:\/\/gadoros.hu\/wp-content\/uploads\/2026\/04\/Jegyzokonyv-2017.-02.-07.pdf\">2017.02.07.<\/a><\/li>\n\n\n\n<li><a href=\"http:\/\/gadoros.hu\/wp-content\/uploads\/2026\/04\/Jegyzokonyv-2017.-01.-24.-rendes.pdf\">2017.01.24.<\/a><\/li>\n<\/ul>\n\n<\/div><\/details><\/div>\n\n<div class=\"lightweight-accordion\"><details><summary class=\"lightweight-accordion-title\"><span>2016<\/span><\/summary><div class=\"lightweight-accordion-body\">\n\n<ul>\n<li><a href=\"http:\/\/gadoros.hu\/wp-content\/uploads\/2024\/05\/Jegyzokonyv-2016.-12.-06.-Kozmeghallgatas.pdf\">2016.12.06.<\/a><\/li>\n\n\n\n<li><a href=\"http:\/\/gadoros.hu\/wp-content\/uploads\/2024\/05\/Jegyzokonyv-2016.-12.-02.-rendkivuli.pdf\">2016.12.02.<\/a><\/li>\n\n\n\n<li><a href=\"http:\/\/gadoros.hu\/wp-content\/uploads\/2026\/04\/Jegyzokonyv-2016.-11.-15.-rendes-ules.pdf\">2016.11.15.<\/a><\/li>\n\n\n\n<li><a href=\"http:\/\/gadoros.hu\/wp-content\/uploads\/2026\/04\/Jegyzokonyv-2016.-10.-11.-rendkivuli.pdf\">2016.10.11.<\/a><\/li>\n\n\n\n<li><a href=\"http:\/\/gadoros.hu\/wp-content\/uploads\/2026\/04\/Jegyzokonyv-2016.-09.-23.-rendkivuli.pdf\">2016.09.23.<\/a><\/li>\n\n\n\n<li><a href=\"http:\/\/gadoros.hu\/wp-content\/uploads\/2026\/04\/Jegyzokonyvt-2016.-09.-14.pdf\">2016.09.14.<\/a><\/li>\n\n\n\n<li><a href=\"http:\/\/gadoros.hu\/wp-content\/uploads\/2024\/05\/Jegyzokonyv-2016.-08.-23.pdf\">2016.08.23.<\/a><\/li>\n\n\n\n<li><a href=\"http:\/\/gadoros.hu\/wp-content\/uploads\/2026\/04\/Jegyzokonyv-2016.-06.-28.pdf\">2016.06.28.<\/a><\/li>\n\n\n\n<li><a href=\"http:\/\/gadoros.hu\/wp-content\/uploads\/2026\/04\/Jegyzokonyv-2016.-05.-26.pdf\">2016.05.26.<\/a><\/li>\n\n\n\n<li><a href=\"http:\/\/gadoros.hu\/wp-content\/uploads\/2024\/05\/Jegyzokonyv-2016.04.12.pdf\">2016.04.12.<\/a><\/li>\n\n\n\n<li><a href=\"http:\/\/gadoros.hu\/wp-content\/uploads\/2026\/04\/Jegyzokonyv-2016.02.09.pdf\">2016.02.09.<\/a><\/li>\n\n\n\n<li><a href=\"http:\/\/gadoros.hu\/wp-content\/uploads\/2024\/05\/Jegyzokonyv-2016.01.26.pdf\">2016.01.26.<\/a><\/li>\n<\/ul>\n\n<\/div><\/details><\/div>","protected":false},"excerpt":{"rendered":"","protected":false},"author":1,"featured_media":0,"parent":0,"menu_order":0,"comment_status":"closed","ping_status":"closed","template":"","meta":{"footnotes":""},"_links":{"self":[{"href":"http:\/\/gadoros.hu\/index.php?rest_route=\/wp\/v2\/pages\/949"}],"collection":[{"href":"http:\/\/gadoros.hu\/index.php?rest_route=\/wp\/v2\/pages"}],"about":[{"href":"http:\/\/gadoros.hu\/index.php?rest_route=\/wp\/v2\/types\/page"}],"author":[{"embeddable":true,"href":"http:\/\/gadoros.hu\/index.php?rest_route=\/wp\/v2\/users\/1"}],"replies":[{"embeddable":true,"href":"http:\/\/gadoros.hu\/index.php?rest_route=%2Fwp%2Fv2%2Fcomments&post=949"}],"version-history":[{"count":85,"href":"http:\/\/gadoros.hu\/index.php?rest_route=\/wp\/v2\/pages\/949\/revisions"}],"predecessor-version":[{"id":8963,"href":"http:\/\/gadoros.hu\/index.php?rest_route=\/wp\/v2\/pages\/949\/revisions\/8963"}],"wp:attachment":[{"href":"http:\/\/gadoros.hu\/index.php?rest_route=%2Fwp%2Fv2%2Fmedia&parent=949"}],"curies":[{"name":"wp","href":"https:\/\/api.w.org\/{rel}","templated":true}]}}