{"id":944,"date":"2017-11-30T11:00:27","date_gmt":"2017-11-30T11:00:27","guid":{"rendered":"http:\/\/test.gadoros.hu\/?page_id=944"},"modified":"2024-03-12T12:38:56","modified_gmt":"2024-03-12T11:38:56","slug":"kapcsolat","status":"publish","type":"page","link":"http:\/\/gadoros.hu\/?page_id=944","title":{"rendered":"Kapcsolat"},"content":{"rendered":"<h1><strong>Polg\u00e1rmesteri Hivatal \u00fcgyf\u00e9lfogad\u00e1si rendje:<\/strong><\/h1>\n<ul>\n<li style=\"text-align: left;\">H\u00e9tf\u0151: \u00a0\u00a0\u00a0\u00a0\u00a0\u00a0\u00a0 \u00a0 \u00a0 \u00a0 \u00a0 8:00-12:00<\/li>\n<li style=\"text-align: left;\"><strong>Kedd:<\/strong> \u00a0\u00a0\u00a0 \u00a0\u00a0\u00a0 \u00a0\u00a0 \u00a0 \u00a0 \u00a0<strong><em> \u00fcgyf\u00e9lfogad\u00e1s nincs<\/em><\/strong><\/li>\n<li style=\"text-align: left;\">Szerda: \u00a0\u00a0\u00a0\u00a0\u00a0\u00a0\u00a0\u00a0\u00a0\u00a0\u00a0\u00a0\u00a0 8:00-12:00, 13:00-16:00<\/li>\n<li><strong>Cs\u00fct\u00f6rt\u00f6k:<\/strong> \u00a0\u00a0\u00a0 \u00a0 \u00a0 <strong><em>\u00fcgyf\u00e9lfogad\u00e1s nincs<\/em><\/strong><\/li>\n<li>P\u00e9ntek: \u00a0\u00a0\u00a0\u00a0\u00a0\u00a0\u00a0\u00a0\u00a0 \u00a0 \u00a0 8:00-12:00<\/li>\n<\/ul>\n<p><strong>G\u00e1doros Nagyk\u00f6zs\u00e9g Polg\u00e1rmesteri Hivatal\u00e1nak el\u00e9rhet\u0151s\u00e9gei:<br \/>\n<\/strong><\/p>\n<p><strong>Polg\u00e1rmester:<\/strong><\/p>\n<p style=\"padding-left: 120px;\">Dr. Szil\u00e1gyi Tibor<br \/>\nTel.: +36-68\/490-331<br \/>\nFogad\u00f3nap: szerd\u00e1n 8-12 \u00f3r\u00e1ig<\/p>\n<p><strong>Jegyz\u0151:<\/strong><\/p>\n<p style=\"padding-left: 120px;\">K\u0151szegi Erzs\u00e9bet M\u00e1ria<br \/>\nTel.: +36-68\/490-001<br \/>\njegyzo(kukac)gadoros.hu<\/p>\n<p><strong>Titk\u00e1rs\u00e1g:<\/strong><\/p>\n<p style=\"padding-left: 120px;\">N\u00e9meth L\u00e1szl\u00f3n\u00e9<br \/>\nTel.: +36-68\/490-331<br \/>\ngadoros(kukac)gadoros.hu<\/p>\n<p><strong>K\u00f6zponti telefonsz\u00e1m:<\/strong><\/p>\n<p style=\"padding-left: 120px;\">+36-68\/490-001<\/p>\n<p><strong>Sz\u00e9khely:<\/strong><\/p>\n<p style=\"padding-left: 120px;\">5932 G\u00e1doros, Kossuth L. u. 16.<\/p>\n<p><strong>Postai c\u00edm:<\/strong><\/p>\n<p style=\"padding-left: 120px;\">5932 G\u00e1doros, Kossuth L. u. 16.<\/p>\n<p><strong>Weblap:<\/strong><\/p>\n<p style=\"padding-left: 120px;\"><a href=\"http:\/\/gadoros.hu\/\">http:\/\/gadoros.hu<\/a><\/p>\n<p><strong>E-mail:<\/strong><\/p>\n<p style=\"padding-left: 120px;\"><a href=\"mailto:gadoros@gadoros.hu\">gadoros(kukac)gadoros.hu<\/a><\/p>\n<p><strong>Bejelent\u00e9sk\u00f6teles tev\u00e9kenys\u00e9g bejelent\u00e9s\u00e9re szolg\u00e1l\u00f3 e-mail c\u00edm:<\/strong><\/p>\n<p style=\"padding-left: 120px;\"><a href=\"mailto:kereskedelem@gadoros.hu\">kereskedelem(kukac)gadoros.hu<\/a><\/p>\n","protected":false},"excerpt":{"rendered":"<p>Polg\u00e1rmesteri Hivatal \u00fcgyf\u00e9lfogad\u00e1si rendje: H\u00e9tf\u0151: \u00a0\u00a0\u00a0\u00a0\u00a0\u00a0\u00a0 \u00a0 \u00a0 \u00a0 \u00a0 8:00-12:00 Kedd: \u00a0\u00a0\u00a0 \u00a0\u00a0\u00a0 \u00a0\u00a0 \u00a0 \u00a0 \u00a0 \u00fcgyf\u00e9lfogad\u00e1s nincs Szerda: \u00a0\u00a0\u00a0\u00a0\u00a0\u00a0\u00a0\u00a0\u00a0\u00a0\u00a0\u00a0\u00a0 8:00-12:00, 13:00-16:00 Cs\u00fct\u00f6rt\u00f6k: \u00a0\u00a0\u00a0 \u00a0 \u00a0 \u00fcgyf\u00e9lfogad\u00e1s nincs P\u00e9ntek: \u00a0\u00a0\u00a0\u00a0\u00a0\u00a0\u00a0\u00a0\u00a0 \u00a0 \u00a0 8:00-12:00 G\u00e1doros Nagyk\u00f6zs\u00e9g Polg\u00e1rmesteri Hivatal\u00e1nak el\u00e9rhet\u0151s\u00e9gei: Polg\u00e1rmester: Dr. Szil\u00e1gyi Tibor Tel.: +36-68\/490-331 Fogad\u00f3nap: szerd\u00e1n 8-12 \u00f3r\u00e1ig Jegyz\u0151: K\u0151szegi Erzs\u00e9bet M\u00e1ria Tel.: [&hellip;]<\/p>\n","protected":false},"author":1,"featured_media":0,"parent":0,"menu_order":0,"comment_status":"closed","ping_status":"closed","template":"","meta":{"footnotes":""},"_links":{"self":[{"href":"http:\/\/gadoros.hu\/index.php?rest_route=\/wp\/v2\/pages\/944"}],"collection":[{"href":"http:\/\/gadoros.hu\/index.php?rest_route=\/wp\/v2\/pages"}],"about":[{"href":"http:\/\/gadoros.hu\/index.php?rest_route=\/wp\/v2\/types\/page"}],"author":[{"embeddable":true,"href":"http:\/\/gadoros.hu\/index.php?rest_route=\/wp\/v2\/users\/1"}],"replies":[{"embeddable":true,"href":"http:\/\/gadoros.hu\/index.php?rest_route=%2Fwp%2Fv2%2Fcomments&post=944"}],"version-history":[{"count":10,"href":"http:\/\/gadoros.hu\/index.php?rest_route=\/wp\/v2\/pages\/944\/revisions"}],"predecessor-version":[{"id":4866,"href":"http:\/\/gadoros.hu\/index.php?rest_route=\/wp\/v2\/pages\/944\/revisions\/4866"}],"wp:attachment":[{"href":"http:\/\/gadoros.hu\/index.php?rest_route=%2Fwp%2Fv2%2Fmedia&parent=944"}],"curies":[{"name":"wp","href":"https:\/\/api.w.org\/{rel}","templated":true}]}}