{"id":785,"date":"2014-08-19T13:04:59","date_gmt":"2014-08-19T13:04:59","guid":{"rendered":"http:\/\/test.gadoros.hu\/?page_id=785"},"modified":"2026-03-09T14:39:02","modified_gmt":"2026-03-09T13:39:02","slug":"kezdolap","status":"publish","type":"page","link":"http:\/\/gadoros.hu\/","title":{"rendered":"Kezd\u0151lap"},"content":{"rendered":"\n<figure class=\"wp-block-image size-large\"><a href=\"http:\/\/gadoros.hu\/wp-content\/uploads\/2026\/03\/Kepernyokep-2026-03-09-143810.jpg\"><img fetchpriority=\"high\" decoding=\"async\" width=\"1024\" height=\"725\" src=\"http:\/\/gadoros.hu\/wp-content\/uploads\/2026\/03\/Kepernyokep-2026-03-09-143810-1024x725.jpg\" alt=\"\" class=\"wp-image-8181\" srcset=\"http:\/\/gadoros.hu\/wp-content\/uploads\/2026\/03\/Kepernyokep-2026-03-09-143810-1024x725.jpg 1024w, http:\/\/gadoros.hu\/wp-content\/uploads\/2026\/03\/Kepernyokep-2026-03-09-143810-300x212.jpg 300w, http:\/\/gadoros.hu\/wp-content\/uploads\/2026\/03\/Kepernyokep-2026-03-09-143810-768x543.jpg 768w, http:\/\/gadoros.hu\/wp-content\/uploads\/2026\/03\/Kepernyokep-2026-03-09-143810-624x442.jpg 624w, http:\/\/gadoros.hu\/wp-content\/uploads\/2026\/03\/Kepernyokep-2026-03-09-143810.jpg 1204w\" sizes=\"(max-width: 1024px) 100vw, 1024px\" \/><\/a><\/figure>\n\n\n<h1 style=\"text-align: center;\">H\u00edreink<\/h1>\n<\/p>\n<hr \/>\n\n\t<div id=\"wpbaw-blog-1\" class=\"blogfree-plugin blog-clearfix \">\n\t\n\t\t\t\t<div id=\"post-8619\" class=\"blog type-blog blog-clearfix wpbaw-blog-class blog-col-1 has-date no-thumb\">\n\t\t\t<div class=\"blog-inner-wrap-view blog-clearfix\">\n\t\t\t\t\n\t\t\t\t<div class=\"blog-content\">\n\t\t\t\t\t\t\t\t\t\t\t\t<div class=\"date-post\">\n\t\t\t\t\t\t\t\t<h2><span>10<\/span><\/h2>\n\t\t\t\t\t\t\t\t<p>\u00e1pr 26<\/p>\n\t\t\t\t\t\t\t<\/div>\n\t\t\t\t\t\t \n\t\t\t\t\t<div class=\"post-content-text\">\n\t\t\t\t\t\t\t\t\t\t\t\t<div class=\"grid-1-date\">\n\t\t\t\t\t\t\t2026-04-10\t\t\t\t\t\t<\/div>\n\t\t\t\t\t\t\t\t\t\t\t\t<h3 class=\"blog-title\"><a href=\"http:\/\/gadoros.hu\/?blog_post=meghivo-166\" rel=\"bookmark\">MEGH\u00cdV\u00d3!<\/a><\/h3>\n\t\t\t\t\t\t\t\t\t\t\t\t<div class=\"blog-cat\">\n\t\t\t\t\t\t\t\t\t\t\t\t\t<\/div>\n\t\t\t\t\t\t\t\t\t\t\t\t<div class=\"blog-content-excerpt\">\n\t\t\t\t\t\t\t<!-- wp:image {\"id\":8620,\"sizeSlug\":\"full\",\"linkDestination\":\"media\"} -->\n<figure class=\"wp-block-image size-full\"><a href=\"http:\/\/gadoros.hu\/wp-content\/uploads\/2026\/04\/kep-4.png\"><img decoding=\"async\" width=\"543\" height=\"654\" src=\"http:\/\/gadoros.hu\/wp-content\/uploads\/2026\/04\/kep-4.png\" alt=\"\" class=\"wp-image-8620\" srcset=\"http:\/\/gadoros.hu\/wp-content\/uploads\/2026\/04\/kep-4.png 543w, http:\/\/gadoros.hu\/wp-content\/uploads\/2026\/04\/kep-4-249x300.png 249w\" sizes=\"(max-width: 543px) 100vw, 543px\" \/><\/a><\/figure>\n<!-- \/wp:image -->\t\t\t\t\t\t<\/div>\n\t\t\t\t\t\t\t\t\t\t\t<\/div>\n\t\t\t\t<\/div>\n\t\t\t<\/div>\n\t\t<\/div>\n\t\t\t\t<div id=\"post-8239\" class=\"blog type-blog blog-clearfix wpbaw-blog-class blog-col-1 has-date no-thumb\">\n\t\t\t<div class=\"blog-inner-wrap-view blog-clearfix\">\n\t\t\t\t\n\t\t\t\t<div class=\"blog-content\">\n\t\t\t\t\t\t\t\t\t\t\t\t<div class=\"date-post\">\n\t\t\t\t\t\t\t\t<h2><span>9<\/span><\/h2>\n\t\t\t\t\t\t\t\t<p>\u00e1pr 26<\/p>\n\t\t\t\t\t\t\t<\/div>\n\t\t\t\t\t\t \n\t\t\t\t\t<div class=\"post-content-text\">\n\t\t\t\t\t\t\t\t\t\t\t\t<div class=\"grid-1-date\">\n\t\t\t\t\t\t\t2026-04-09\t\t\t\t\t\t<\/div>\n\t\t\t\t\t\t\t\t\t\t\t\t<h3 class=\"blog-title\"><a href=\"http:\/\/gadoros.hu\/?blog_post=tajekoztatas-114\" rel=\"bookmark\">T\u00c1J\u00c9KOZTAT\u00c1S!<\/a><\/h3>\n\t\t\t\t\t\t\t\t\t\t\t\t<div class=\"blog-cat\">\n\t\t\t\t\t\t\t\t\t\t\t\t\t<\/div>\n\t\t\t\t\t\t\t\t\t\t\t\t<div class=\"blog-content-excerpt\">\n\t\t\t\t\t\t\t<!-- wp:image {\"id\":8240,\"sizeSlug\":\"large\",\"linkDestination\":\"media\"} -->\n<figure class=\"wp-block-image size-large\"><a href=\"http:\/\/gadoros.hu\/wp-content\/uploads\/2026\/04\/kep-3.png\"><img decoding=\"async\" width=\"1024\" height=\"674\" src=\"http:\/\/gadoros.hu\/wp-content\/uploads\/2026\/04\/kep-3-1024x674.png\" alt=\"\" class=\"wp-image-8240\" srcset=\"http:\/\/gadoros.hu\/wp-content\/uploads\/2026\/04\/kep-3-1024x674.png 1024w, http:\/\/gadoros.hu\/wp-content\/uploads\/2026\/04\/kep-3-300x198.png 300w, http:\/\/gadoros.hu\/wp-content\/uploads\/2026\/04\/kep-3-768x506.png 768w, http:\/\/gadoros.hu\/wp-content\/uploads\/2026\/04\/kep-3-624x411.png 624w, http:\/\/gadoros.hu\/wp-content\/uploads\/2026\/04\/kep-3.png 1251w\" sizes=\"(max-width: 1024px) 100vw, 1024px\" \/><\/a><\/figure>\n<!-- \/wp:image -->\t\t\t\t\t\t<\/div>\n\t\t\t\t\t\t\t\t\t\t\t<\/div>\n\t\t\t\t<\/div>\n\t\t\t<\/div>\n\t\t<\/div>\n\t\t\t\t<div id=\"post-8232\" class=\"blog type-blog blog-clearfix wpbaw-blog-class blog-col-1 has-date no-thumb\">\n\t\t\t<div class=\"blog-inner-wrap-view blog-clearfix\">\n\t\t\t\t\n\t\t\t\t<div class=\"blog-content\">\n\t\t\t\t\t\t\t\t\t\t\t\t<div class=\"date-post\">\n\t\t\t\t\t\t\t\t<h2><span>1<\/span><\/h2>\n\t\t\t\t\t\t\t\t<p>\u00e1pr 26<\/p>\n\t\t\t\t\t\t\t<\/div>\n\t\t\t\t\t\t \n\t\t\t\t\t<div class=\"post-content-text\">\n\t\t\t\t\t\t\t\t\t\t\t\t<div class=\"grid-1-date\">\n\t\t\t\t\t\t\t2026-04-01\t\t\t\t\t\t<\/div>\n\t\t\t\t\t\t\t\t\t\t\t\t<h3 class=\"blog-title\"><a href=\"http:\/\/gadoros.hu\/?blog_post=tajekoztatas-113\" rel=\"bookmark\">T\u00c1J\u00c9KOZTAT\u00c1S!<\/a><\/h3>\n\t\t\t\t\t\t\t\t\t\t\t\t<div class=\"blog-cat\">\n\t\t\t\t\t\t\t\t\t\t\t\t\t<\/div>\n\t\t\t\t\t\t\t\t\t\t\t\t<div class=\"blog-content-excerpt\">\n\t\t\t\t\t\t\t<!-- wp:image {\"id\":8233,\"sizeSlug\":\"full\",\"linkDestination\":\"media\"} -->\n<figure class=\"wp-block-image size-full\"><a href=\"http:\/\/gadoros.hu\/wp-content\/uploads\/2026\/04\/kep-2.png\"><img loading=\"lazy\" decoding=\"async\" width=\"933\" height=\"615\" src=\"http:\/\/gadoros.hu\/wp-content\/uploads\/2026\/04\/kep-2.png\" alt=\"\" class=\"wp-image-8233\" srcset=\"http:\/\/gadoros.hu\/wp-content\/uploads\/2026\/04\/kep-2.png 933w, http:\/\/gadoros.hu\/wp-content\/uploads\/2026\/04\/kep-2-300x198.png 300w, http:\/\/gadoros.hu\/wp-content\/uploads\/2026\/04\/kep-2-768x506.png 768w, http:\/\/gadoros.hu\/wp-content\/uploads\/2026\/04\/kep-2-624x411.png 624w\" sizes=\"(max-width: 933px) 100vw, 933px\" \/><\/a><\/figure>\n<!-- \/wp:image -->\t\t\t\t\t\t<\/div>\n\t\t\t\t\t\t\t\t\t\t\t<\/div>\n\t\t\t\t<\/div>\n\t\t\t<\/div>\n\t\t<\/div>\n\t\t\t\t<div id=\"post-8230\" class=\"blog type-blog blog-clearfix wpbaw-blog-class blog-col-1 has-date no-thumb\">\n\t\t\t<div class=\"blog-inner-wrap-view blog-clearfix\">\n\t\t\t\t\n\t\t\t\t<div class=\"blog-content\">\n\t\t\t\t\t\t\t\t\t\t\t\t<div class=\"date-post\">\n\t\t\t\t\t\t\t\t<h2><span>1<\/span><\/h2>\n\t\t\t\t\t\t\t\t<p>\u00e1pr 26<\/p>\n\t\t\t\t\t\t\t<\/div>\n\t\t\t\t\t\t \n\t\t\t\t\t<div class=\"post-content-text\">\n\t\t\t\t\t\t\t\t\t\t\t\t<div class=\"grid-1-date\">\n\t\t\t\t\t\t\t2026-04-01\t\t\t\t\t\t<\/div>\n\t\t\t\t\t\t\t\t\t\t\t\t<h3 class=\"blog-title\"><a href=\"http:\/\/gadoros.hu\/?blog_post=tajekoztatas-112\" rel=\"bookmark\">T\u00c1J\u00c9KOZTAT\u00c1S!<\/a><\/h3>\n\t\t\t\t\t\t\t\t\t\t\t\t<div class=\"blog-cat\">\n\t\t\t\t\t\t\t\t\t\t\t\t\t<\/div>\n\t\t\t\t\t\t\t\t\t\t\t\t<div class=\"blog-content-excerpt\">\n\t\t\t\t\t\t\t<!-- wp:image {\"id\":8231,\"sizeSlug\":\"full\",\"linkDestination\":\"media\"} -->\n<figure class=\"wp-block-image size-full\"><a href=\"http:\/\/gadoros.hu\/wp-content\/uploads\/2026\/04\/kep-1.png\"><img loading=\"lazy\" decoding=\"async\" width=\"986\" height=\"797\" src=\"http:\/\/gadoros.hu\/wp-content\/uploads\/2026\/04\/kep-1.png\" alt=\"\" class=\"wp-image-8231\" srcset=\"http:\/\/gadoros.hu\/wp-content\/uploads\/2026\/04\/kep-1.png 986w, http:\/\/gadoros.hu\/wp-content\/uploads\/2026\/04\/kep-1-300x242.png 300w, http:\/\/gadoros.hu\/wp-content\/uploads\/2026\/04\/kep-1-768x621.png 768w, http:\/\/gadoros.hu\/wp-content\/uploads\/2026\/04\/kep-1-624x504.png 624w\" sizes=\"(max-width: 986px) 100vw, 986px\" \/><\/a><\/figure>\n<!-- \/wp:image -->\t\t\t\t\t\t<\/div>\n\t\t\t\t\t\t\t\t\t\t\t<\/div>\n\t\t\t\t<\/div>\n\t\t\t<\/div>\n\t\t<\/div>\n\t\t\t\t<div id=\"post-8210\" class=\"blog type-blog blog-clearfix wpbaw-blog-class blog-col-1 has-date no-thumb\">\n\t\t\t<div class=\"blog-inner-wrap-view blog-clearfix\">\n\t\t\t\t\n\t\t\t\t<div class=\"blog-content\">\n\t\t\t\t\t\t\t\t\t\t\t\t<div class=\"date-post\">\n\t\t\t\t\t\t\t\t<h2><span>31<\/span><\/h2>\n\t\t\t\t\t\t\t\t<p>m\u00e1rc 26<\/p>\n\t\t\t\t\t\t\t<\/div>\n\t\t\t\t\t\t \n\t\t\t\t\t<div class=\"post-content-text\">\n\t\t\t\t\t\t\t\t\t\t\t\t<div class=\"grid-1-date\">\n\t\t\t\t\t\t\t2026-03-31\t\t\t\t\t\t<\/div>\n\t\t\t\t\t\t\t\t\t\t\t\t<h3 class=\"blog-title\"><a href=\"http:\/\/gadoros.hu\/?blog_post=tajekoztatas-111\" rel=\"bookmark\">T\u00c1J\u00c9KOZTAT\u00c1S!<\/a><\/h3>\n\t\t\t\t\t\t\t\t\t\t\t\t<div class=\"blog-cat\">\n\t\t\t\t\t\t\t\t\t\t\t\t\t<\/div>\n\t\t\t\t\t\t\t\t\t\t\t\t<div class=\"blog-content-excerpt\">\n\t\t\t\t\t\t\t<!-- wp:image {\"id\":8211,\"sizeSlug\":\"full\",\"linkDestination\":\"media\"} -->\n<figure class=\"wp-block-image size-full\"><a href=\"http:\/\/gadoros.hu\/wp-content\/uploads\/2026\/03\/kep-15.png\"><img loading=\"lazy\" decoding=\"async\" width=\"966\" height=\"656\" src=\"http:\/\/gadoros.hu\/wp-content\/uploads\/2026\/03\/kep-15.png\" alt=\"\" class=\"wp-image-8211\" srcset=\"http:\/\/gadoros.hu\/wp-content\/uploads\/2026\/03\/kep-15.png 966w, http:\/\/gadoros.hu\/wp-content\/uploads\/2026\/03\/kep-15-300x204.png 300w, http:\/\/gadoros.hu\/wp-content\/uploads\/2026\/03\/kep-15-768x522.png 768w, http:\/\/gadoros.hu\/wp-content\/uploads\/2026\/03\/kep-15-624x424.png 624w\" sizes=\"(max-width: 966px) 100vw, 966px\" \/><\/a><\/figure>\n<!-- \/wp:image -->\t\t\t\t\t\t<\/div>\n\t\t\t\t\t\t\t\t\t\t\t<\/div>\n\t\t\t\t<\/div>\n\t\t\t<\/div>\n\t\t<\/div>\n\t\t\t\t<div id=\"post-8208\" class=\"blog type-blog blog-clearfix wpbaw-blog-class blog-col-1 has-date no-thumb\">\n\t\t\t<div class=\"blog-inner-wrap-view blog-clearfix\">\n\t\t\t\t\n\t\t\t\t<div class=\"blog-content\">\n\t\t\t\t\t\t\t\t\t\t\t\t<div class=\"date-post\">\n\t\t\t\t\t\t\t\t<h2><span>30<\/span><\/h2>\n\t\t\t\t\t\t\t\t<p>m\u00e1rc 26<\/p>\n\t\t\t\t\t\t\t<\/div>\n\t\t\t\t\t\t \n\t\t\t\t\t<div class=\"post-content-text\">\n\t\t\t\t\t\t\t\t\t\t\t\t<div class=\"grid-1-date\">\n\t\t\t\t\t\t\t2026-03-30\t\t\t\t\t\t<\/div>\n\t\t\t\t\t\t\t\t\t\t\t\t<h3 class=\"blog-title\"><a href=\"http:\/\/gadoros.hu\/?blog_post=tajekoztatas-110\" rel=\"bookmark\">T\u00c1J\u00c9KOZTAT\u00c1S!<\/a><\/h3>\n\t\t\t\t\t\t\t\t\t\t\t\t<div class=\"blog-cat\">\n\t\t\t\t\t\t\t\t\t\t\t\t\t<\/div>\n\t\t\t\t\t\t\t\t\t\t\t\t<div class=\"blog-content-excerpt\">\n\t\t\t\t\t\t\t<!-- wp:image {\"id\":8209,\"sizeSlug\":\"large\",\"linkDestination\":\"media\"} -->\n<figure class=\"wp-block-image size-large\"><a href=\"http:\/\/gadoros.hu\/wp-content\/uploads\/2026\/03\/kep-14.png\"><img loading=\"lazy\" decoding=\"async\" width=\"1024\" height=\"686\" src=\"http:\/\/gadoros.hu\/wp-content\/uploads\/2026\/03\/kep-14-1024x686.png\" alt=\"\" class=\"wp-image-8209\" srcset=\"http:\/\/gadoros.hu\/wp-content\/uploads\/2026\/03\/kep-14-1024x686.png 1024w, http:\/\/gadoros.hu\/wp-content\/uploads\/2026\/03\/kep-14-300x201.png 300w, http:\/\/gadoros.hu\/wp-content\/uploads\/2026\/03\/kep-14-768x515.png 768w, http:\/\/gadoros.hu\/wp-content\/uploads\/2026\/03\/kep-14-624x418.png 624w, http:\/\/gadoros.hu\/wp-content\/uploads\/2026\/03\/kep-14.png 1224w\" sizes=\"(max-width: 1024px) 100vw, 1024px\" \/><\/a><\/figure>\n<!-- \/wp:image -->\t\t\t\t\t\t<\/div>\n\t\t\t\t\t\t\t\t\t\t\t<\/div>\n\t\t\t\t<\/div>\n\t\t\t<\/div>\n\t\t<\/div>\n\t\t\t\t<div id=\"post-8206\" class=\"blog type-blog blog-clearfix wpbaw-blog-class blog-col-1 has-date no-thumb\">\n\t\t\t<div class=\"blog-inner-wrap-view blog-clearfix\">\n\t\t\t\t\n\t\t\t\t<div class=\"blog-content\">\n\t\t\t\t\t\t\t\t\t\t\t\t<div class=\"date-post\">\n\t\t\t\t\t\t\t\t<h2><span>25<\/span><\/h2>\n\t\t\t\t\t\t\t\t<p>m\u00e1rc 26<\/p>\n\t\t\t\t\t\t\t<\/div>\n\t\t\t\t\t\t \n\t\t\t\t\t<div class=\"post-content-text\">\n\t\t\t\t\t\t\t\t\t\t\t\t<div class=\"grid-1-date\">\n\t\t\t\t\t\t\t2026-03-25\t\t\t\t\t\t<\/div>\n\t\t\t\t\t\t\t\t\t\t\t\t<h3 class=\"blog-title\"><a href=\"http:\/\/gadoros.hu\/?blog_post=felhivas-81\" rel=\"bookmark\">FELH\u00cdV\u00c1S!<\/a><\/h3>\n\t\t\t\t\t\t\t\t\t\t\t\t<div class=\"blog-cat\">\n\t\t\t\t\t\t\t\t\t\t\t\t\t<\/div>\n\t\t\t\t\t\t\t\t\t\t\t\t<div class=\"blog-content-excerpt\">\n\t\t\t\t\t\t\t<!-- wp:image {\"id\":8207,\"sizeSlug\":\"full\",\"linkDestination\":\"media\"} -->\n<figure class=\"wp-block-image size-full\"><a href=\"http:\/\/gadoros.hu\/wp-content\/uploads\/2026\/03\/kep-13.png\"><img loading=\"lazy\" decoding=\"async\" width=\"619\" height=\"822\" src=\"http:\/\/gadoros.hu\/wp-content\/uploads\/2026\/03\/kep-13.png\" alt=\"\" class=\"wp-image-8207\" srcset=\"http:\/\/gadoros.hu\/wp-content\/uploads\/2026\/03\/kep-13.png 619w, http:\/\/gadoros.hu\/wp-content\/uploads\/2026\/03\/kep-13-226x300.png 226w\" sizes=\"(max-width: 619px) 100vw, 619px\" \/><\/a><\/figure>\n<!-- \/wp:image -->\t\t\t\t\t\t<\/div>\n\t\t\t\t\t\t\t\t\t\t\t<\/div>\n\t\t\t\t<\/div>\n\t\t\t<\/div>\n\t\t<\/div>\n\t\t\t\t<div id=\"post-8199\" class=\"blog type-blog blog-clearfix wpbaw-blog-class blog-col-1 has-date no-thumb\">\n\t\t\t<div class=\"blog-inner-wrap-view blog-clearfix\">\n\t\t\t\t\n\t\t\t\t<div class=\"blog-content\">\n\t\t\t\t\t\t\t\t\t\t\t\t<div class=\"date-post\">\n\t\t\t\t\t\t\t\t<h2><span>18<\/span><\/h2>\n\t\t\t\t\t\t\t\t<p>m\u00e1rc 26<\/p>\n\t\t\t\t\t\t\t<\/div>\n\t\t\t\t\t\t \n\t\t\t\t\t<div class=\"post-content-text\">\n\t\t\t\t\t\t\t\t\t\t\t\t<div class=\"grid-1-date\">\n\t\t\t\t\t\t\t2026-03-18\t\t\t\t\t\t<\/div>\n\t\t\t\t\t\t\t\t\t\t\t\t<h3 class=\"blog-title\"><a href=\"http:\/\/gadoros.hu\/?blog_post=ertesites-48\" rel=\"bookmark\">\u00c9RTES\u00cdT\u00c9S!<\/a><\/h3>\n\t\t\t\t\t\t\t\t\t\t\t\t<div class=\"blog-cat\">\n\t\t\t\t\t\t\t\t\t\t\t\t\t<\/div>\n\t\t\t\t\t\t\t\t\t\t\t\t<div class=\"blog-content-excerpt\">\n\t\t\t\t\t\t\t<!-- wp:image {\"id\":8200,\"sizeSlug\":\"large\",\"linkDestination\":\"media\"} -->\n<figure class=\"wp-block-image size-large\"><a href=\"http:\/\/gadoros.hu\/wp-content\/uploads\/2026\/03\/image.png\"><img loading=\"lazy\" decoding=\"async\" width=\"1024\" height=\"728\" src=\"http:\/\/gadoros.hu\/wp-content\/uploads\/2026\/03\/image-1024x728.png\" alt=\"\" class=\"wp-image-8200\" srcset=\"http:\/\/gadoros.hu\/wp-content\/uploads\/2026\/03\/image-1024x728.png 1024w, http:\/\/gadoros.hu\/wp-content\/uploads\/2026\/03\/image-300x213.png 300w, http:\/\/gadoros.hu\/wp-content\/uploads\/2026\/03\/image-768x546.png 768w, http:\/\/gadoros.hu\/wp-content\/uploads\/2026\/03\/image-624x444.png 624w, http:\/\/gadoros.hu\/wp-content\/uploads\/2026\/03\/image.png 1097w\" sizes=\"(max-width: 1024px) 100vw, 1024px\" \/><\/a><\/figure>\n<!-- \/wp:image -->\t\t\t\t\t\t<\/div>\n\t\t\t\t\t\t\t\t\t\t\t<\/div>\n\t\t\t\t<\/div>\n\t\t\t<\/div>\n\t\t<\/div>\n\t\t\t\t<div id=\"post-8194\" class=\"blog type-blog blog-clearfix wpbaw-blog-class blog-col-1 has-date no-thumb\">\n\t\t\t<div class=\"blog-inner-wrap-view blog-clearfix\">\n\t\t\t\t\n\t\t\t\t<div class=\"blog-content\">\n\t\t\t\t\t\t\t\t\t\t\t\t<div class=\"date-post\">\n\t\t\t\t\t\t\t\t<h2><span>13<\/span><\/h2>\n\t\t\t\t\t\t\t\t<p>m\u00e1rc 26<\/p>\n\t\t\t\t\t\t\t<\/div>\n\t\t\t\t\t\t \n\t\t\t\t\t<div class=\"post-content-text\">\n\t\t\t\t\t\t\t\t\t\t\t\t<div class=\"grid-1-date\">\n\t\t\t\t\t\t\t2026-03-13\t\t\t\t\t\t<\/div>\n\t\t\t\t\t\t\t\t\t\t\t\t<h3 class=\"blog-title\"><a href=\"http:\/\/gadoros.hu\/?blog_post=tajekoztatas-109\" rel=\"bookmark\">T\u00c1J\u00c9KOZTAT\u00c1S!<\/a><\/h3>\n\t\t\t\t\t\t\t\t\t\t\t\t<div class=\"blog-cat\">\n\t\t\t\t\t\t\t\t\t\t\t\t\t<\/div>\n\t\t\t\t\t\t\t\t\t\t\t\t<div class=\"blog-content-excerpt\">\n\t\t\t\t\t\t\t<!-- wp:image {\"id\":8195,\"sizeSlug\":\"large\",\"linkDestination\":\"media\"} -->\n<figure class=\"wp-block-image size-large\"><a href=\"http:\/\/gadoros.hu\/wp-content\/uploads\/2026\/03\/kep-11.png\"><img loading=\"lazy\" decoding=\"async\" width=\"1024\" height=\"595\" src=\"http:\/\/gadoros.hu\/wp-content\/uploads\/2026\/03\/kep-11-1024x595.png\" alt=\"\" class=\"wp-image-8195\" srcset=\"http:\/\/gadoros.hu\/wp-content\/uploads\/2026\/03\/kep-11-1024x595.png 1024w, http:\/\/gadoros.hu\/wp-content\/uploads\/2026\/03\/kep-11-300x174.png 300w, http:\/\/gadoros.hu\/wp-content\/uploads\/2026\/03\/kep-11-768x446.png 768w, http:\/\/gadoros.hu\/wp-content\/uploads\/2026\/03\/kep-11-624x362.png 624w, http:\/\/gadoros.hu\/wp-content\/uploads\/2026\/03\/kep-11.png 1395w\" sizes=\"(max-width: 1024px) 100vw, 1024px\" \/><\/a><\/figure>\n<!-- \/wp:image -->\t\t\t\t\t\t<\/div>\n\t\t\t\t\t\t\t\t\t\t\t<\/div>\n\t\t\t\t<\/div>\n\t\t\t<\/div>\n\t\t<\/div>\n\t\t\t\t<div id=\"post-8191\" class=\"blog type-blog blog-clearfix wpbaw-blog-class blog-col-1 has-date no-thumb\">\n\t\t\t<div class=\"blog-inner-wrap-view blog-clearfix\">\n\t\t\t\t\n\t\t\t\t<div class=\"blog-content\">\n\t\t\t\t\t\t\t\t\t\t\t\t<div class=\"date-post\">\n\t\t\t\t\t\t\t\t<h2><span>12<\/span><\/h2>\n\t\t\t\t\t\t\t\t<p>m\u00e1rc 26<\/p>\n\t\t\t\t\t\t\t<\/div>\n\t\t\t\t\t\t \n\t\t\t\t\t<div class=\"post-content-text\">\n\t\t\t\t\t\t\t\t\t\t\t\t<div class=\"grid-1-date\">\n\t\t\t\t\t\t\t2026-03-12\t\t\t\t\t\t<\/div>\n\t\t\t\t\t\t\t\t\t\t\t\t<h3 class=\"blog-title\"><a href=\"http:\/\/gadoros.hu\/?blog_post=meghivo-165\" rel=\"bookmark\">MEGH\u00cdV\u00d3<\/a><\/h3>\n\t\t\t\t\t\t\t\t\t\t\t\t<div class=\"blog-cat\">\n\t\t\t\t\t\t\t\t\t\t\t\t\t<\/div>\n\t\t\t\t\t\t\t\t\t\t\t\t<div class=\"blog-content-excerpt\">\n\t\t\t\t\t\t\t<!-- wp:image {\"id\":8197,\"sizeSlug\":\"full\",\"linkDestination\":\"media\"} -->\n<figure class=\"wp-block-image size-full\"><a href=\"http:\/\/gadoros.hu\/wp-content\/uploads\/2026\/03\/kep-12.png\"><img loading=\"lazy\" decoding=\"async\" width=\"627\" height=\"826\" src=\"http:\/\/gadoros.hu\/wp-content\/uploads\/2026\/03\/kep-12.png\" alt=\"\" class=\"wp-image-8197\" srcset=\"http:\/\/gadoros.hu\/wp-content\/uploads\/2026\/03\/kep-12.png 627w, http:\/\/gadoros.hu\/wp-content\/uploads\/2026\/03\/kep-12-228x300.png 228w, http:\/\/gadoros.hu\/wp-content\/uploads\/2026\/03\/kep-12-624x822.png 624w\" sizes=\"(max-width: 627px) 100vw, 627px\" \/><\/a><\/figure>\n<!-- \/wp:image -->\t\t\t\t\t\t<\/div>\n\t\t\t\t\t\t\t\t\t\t\t<\/div>\n\t\t\t\t<\/div>\n\t\t\t<\/div>\n\t\t<\/div>\n\t\t\t<\/div>\n\t\n\t\t<div class=\"blog_pagination blog-clearfix wpbaw-numeric\">\n\t\t<span aria-current=\"page\" class=\"page-numbers current\">1<\/span>\n<a class=\"page-numbers\" href=\"http:\/\/gadoros.hu\/index.php#038;paged=2#wpbaw-blog-1\">2<\/a>\n<a class=\"page-numbers\" href=\"http:\/\/gadoros.hu\/index.php#038;paged=3#wpbaw-blog-1\">3<\/a>\n<span class=\"page-numbers dots\">&hellip;<\/span>\n<a class=\"page-numbers\" href=\"http:\/\/gadoros.hu\/index.php#038;paged=138#wpbaw-blog-1\">138<\/a>\n<a class=\"next page-numbers\" href=\"http:\/\/gadoros.hu\/index.php#038;paged=2#wpbaw-blog-1\">Next &raquo;<\/a>\t<\/div>\n\t\n\n\n\n\n\n\n\n\n\n\n\n\n\n\n\n\n<p><!--more--><\/p>\n\n\n\n<p><\/p>\n","protected":false},"excerpt":{"rendered":"<p>H\u00edreink<\/p>\n","protected":false},"author":1,"featured_media":0,"parent":0,"menu_order":0,"comment_status":"closed","ping_status":"closed","template":"","meta":{"footnotes":""},"class_list":["post-785","page","type-page","status-publish","hentry"],"_links":{"self":[{"href":"http:\/\/gadoros.hu\/index.php?rest_route=\/wp\/v2\/pages\/785"}],"collection":[{"href":"http:\/\/gadoros.hu\/index.php?rest_route=\/wp\/v2\/pages"}],"about":[{"href":"http:\/\/gadoros.hu\/index.php?rest_route=\/wp\/v2\/types\/page"}],"author":[{"embeddable":true,"href":"http:\/\/gadoros.hu\/index.php?rest_route=\/wp\/v2\/users\/1"}],"replies":[{"embeddable":true,"href":"http:\/\/gadoros.hu\/index.php?rest_route=%2Fwp%2Fv2%2Fcomments&post=785"}],"version-history":[{"count":108,"href":"http:\/\/gadoros.hu\/index.php?rest_route=\/wp\/v2\/pages\/785\/revisions"}],"predecessor-version":[{"id":8182,"href":"http:\/\/gadoros.hu\/index.php?rest_route=\/wp\/v2\/pages\/785\/revisions\/8182"}],"wp:attachment":[{"href":"http:\/\/gadoros.hu\/index.php?rest_route=%2Fwp%2Fv2%2Fmedia&parent=785"}],"curies":[{"name":"wp","href":"https:\/\/api.w.org\/{rel}","templated":true}]}}