{"id":7803,"date":"2025-10-27T11:44:54","date_gmt":"2025-10-27T10:44:54","guid":{"rendered":"http:\/\/gadoros.hu\/?page_id=7803"},"modified":"2025-10-27T11:45:59","modified_gmt":"2025-10-27T10:45:59","slug":"2025-evi-magyar-falu-program","status":"publish","type":"page","link":"http:\/\/gadoros.hu\/?page_id=7803","title":{"rendered":"2025. \u00e9vi Magyar Falu Program"},"content":{"rendered":"\n<figure class=\"wp-block-embed is-type-wp-embed is-provider-g-doros-nagyk-zs-g-hivatalos-honlapja wp-block-embed-g-doros-nagyk-zs-g-hivatalos-honlapja\"><div class=\"wp-block-embed__wrapper\">\n<blockquote class=\"wp-embedded-content\" data-secret=\"Q3YCTFuyDW\"><a href=\"http:\/\/gadoros.hu\/?page_id=7799\">Magyar Falu Program keret\u00e9ben\u00a0 &#8220;\u00dat, h\u00edd, j\u00e1rda \u00e9p\u00edt\u00e9se\/fel\u00faj\u00edt\u00e1sa, gyalogos-\u00e1tkel\u0151hely kialak\u00edt\u00e1sa, fejleszt\u00e9se\u201d c\u00edm\u0171 MFP-UHJ\/2025 k\u00f3dsz\u00e1m\u00fa p\u00e1ly\u00e1zat<\/a><\/blockquote><iframe class=\"wp-embedded-content\" sandbox=\"allow-scripts\" security=\"restricted\" style=\"position: absolute; visibility: hidden;\" title=\"&#8220;Magyar Falu Program keret\u00e9ben\u00a0 &#8220;\u00dat, h\u00edd, j\u00e1rda \u00e9p\u00edt\u00e9se\/fel\u00faj\u00edt\u00e1sa, gyalogos-\u00e1tkel\u0151hely kialak\u00edt\u00e1sa, fejleszt\u00e9se\u201d c\u00edm\u0171 MFP-UHJ\/2025 k\u00f3dsz\u00e1m\u00fa p\u00e1ly\u00e1zat&#8221; &#8212; G\u00e1doros Nagyk\u00f6zs\u00e9g Hivatalos Honlapja\" src=\"http:\/\/gadoros.hu\/?page_id=7799&#038;embed=true#?secret=3DIcaARTtY#?secret=Q3YCTFuyDW\" data-secret=\"Q3YCTFuyDW\" width=\"600\" height=\"338\" frameborder=\"0\" marginwidth=\"0\" marginheight=\"0\" scrolling=\"no\"><\/iframe>\n<\/div><\/figure>\n\n\n\n<p><\/p>\n","protected":false},"excerpt":{"rendered":"","protected":false},"author":7,"featured_media":0,"parent":0,"menu_order":0,"comment_status":"closed","ping_status":"closed","template":"","meta":{"footnotes":""},"_links":{"self":[{"href":"http:\/\/gadoros.hu\/index.php?rest_route=\/wp\/v2\/pages\/7803"}],"collection":[{"href":"http:\/\/gadoros.hu\/index.php?rest_route=\/wp\/v2\/pages"}],"about":[{"href":"http:\/\/gadoros.hu\/index.php?rest_route=\/wp\/v2\/types\/page"}],"author":[{"embeddable":true,"href":"http:\/\/gadoros.hu\/index.php?rest_route=\/wp\/v2\/users\/7"}],"replies":[{"embeddable":true,"href":"http:\/\/gadoros.hu\/index.php?rest_route=%2Fwp%2Fv2%2Fcomments&post=7803"}],"version-history":[{"count":2,"href":"http:\/\/gadoros.hu\/index.php?rest_route=\/wp\/v2\/pages\/7803\/revisions"}],"predecessor-version":[{"id":7806,"href":"http:\/\/gadoros.hu\/index.php?rest_route=\/wp\/v2\/pages\/7803\/revisions\/7806"}],"wp:attachment":[{"href":"http:\/\/gadoros.hu\/index.php?rest_route=%2Fwp%2Fv2%2Fmedia&parent=7803"}],"curies":[{"name":"wp","href":"https:\/\/api.w.org\/{rel}","templated":true}]}}