{"id":7799,"date":"2025-10-27T11:40:28","date_gmt":"2025-10-27T10:40:28","guid":{"rendered":"http:\/\/gadoros.hu\/?page_id=7799"},"modified":"2025-10-27T11:40:28","modified_gmt":"2025-10-27T10:40:28","slug":"magyar-falu-program-kereteben-ut-hid-jarda-epitese-felujitasa-gyalogos-atkelohely-kialakitasa-fejlesztese-cimu-mfp-uhj-2025-kodszamu-palyazat","status":"publish","type":"page","link":"http:\/\/gadoros.hu\/?page_id=7799","title":{"rendered":"Magyar Falu Program keret\u00e9ben\u00a0 &#8222;\u00dat, h\u00edd, j\u00e1rda \u00e9p\u00edt\u00e9se\/fel\u00faj\u00edt\u00e1sa, gyalogos-\u00e1tkel\u0151hely kialak\u00edt\u00e1sa, fejleszt\u00e9se\u201d c\u00edm\u0171 MFP-UHJ\/2025 k\u00f3dsz\u00e1m\u00fa p\u00e1ly\u00e1zat"},"content":{"rendered":"\n<p><\/p>\n\n\n\n<p><strong>Kedvezm\u00e9nyezett neve:<\/strong> G\u00e1doros Nagyk\u00f6zs\u00e9g \u00d6nkorm\u00e1nyzata<\/p>\n\n\n\n<p><br><strong>Projekt c\u00edm<\/strong><strong>e<\/strong>: \u201eG\u00e1doros Piac t\u00e9ri utca burkolat fel\u00faj\u00edt\u00e1sa\u201d <strong><\/strong><br><strong>Projekt tartalma:<\/strong> G\u00e1doros Nagyk\u00f6zs\u00e9g \u00d6nkorm\u00e1nyzata fel k\u00edv\u00e1nja \u00faj\u00edtani a Piac t\u00e9ri utca (Bajcsy-Zsilinszky utca &#8211; Sz\u0151l\u0151 utca k\u00f6z\u00f6tti szakasz) burkolat\u00e1t.<\/p>\n\n\n\n<p>A tervezett fel\u00faj\u00edt\u00e1s 166 m\u00e9ter hosszban t\u00f6rt\u00e9nik, a fel\u00faj\u00edtand\u00f3 burkolat mennyis\u00e9ge \u00f6sszesen 498 m2.&nbsp;<br><\/p>\n\n\n\n<p>F\u0151bb m\u0171szaki param\u00e9terek: a megl\u00e9v\u0151 \u00f6sszet\u00f6redezett aszfalt fel\u00fcletre 5 cm 0\/22 z\u00fazottk\u00f6vet ter\u00edt\u00fcnk, ezt k\u00f6vet\u0151en 5 cm kop\u00f3 aszfaltr\u00e9teget ker\u00fcl be\u00e9p\u00edt\u00e9sre.<\/p>\n\n\n<div class=\"wp-block-image\">\n<figure class=\"alignright size-full\"><a href=\"http:\/\/gadoros.hu\/wp-content\/uploads\/2023\/12\/image.png\"><img loading=\"lazy\" decoding=\"async\" width=\"289\" height=\"300\" src=\"http:\/\/gadoros.hu\/wp-content\/uploads\/2023\/12\/image.png\" alt=\"\" class=\"wp-image-4294\"\/><\/a><\/figure><\/div>\n\n\n<p><strong>T\u00e1mogat\u00e1s \u00f6sszege:<\/strong> 10.000.211,- Ft<\/p>\n\n\n\n<p><strong>T\u00e1mogat\u00e1s m\u00e9rt\u00e9ke:&nbsp;<\/strong>100%<\/p>\n\n\n\n<p><strong>Megval\u00f3sul\u00e1s \u00e9ve:<\/strong>&nbsp;2026<\/p>\n","protected":false},"excerpt":{"rendered":"<p>Kedvezm\u00e9nyezett neve: G\u00e1doros Nagyk\u00f6zs\u00e9g \u00d6nkorm\u00e1nyzata Projekt c\u00edme: \u201eG\u00e1doros Piac t\u00e9ri utca burkolat fel\u00faj\u00edt\u00e1sa\u201d Projekt tartalma: G\u00e1doros Nagyk\u00f6zs\u00e9g \u00d6nkorm\u00e1nyzata fel k\u00edv\u00e1nja \u00faj\u00edtani a Piac t\u00e9ri utca (Bajcsy-Zsilinszky utca &#8211; Sz\u0151l\u0151 utca k\u00f6z\u00f6tti szakasz) burkolat\u00e1t. A tervezett fel\u00faj\u00edt\u00e1s 166 m\u00e9ter hosszban t\u00f6rt\u00e9nik, a fel\u00faj\u00edtand\u00f3 burkolat mennyis\u00e9ge \u00f6sszesen 498 m2.&nbsp; F\u0151bb m\u0171szaki param\u00e9terek: a megl\u00e9v\u0151 \u00f6sszet\u00f6redezett aszfalt fel\u00fcletre [&hellip;]<\/p>\n","protected":false},"author":7,"featured_media":0,"parent":0,"menu_order":0,"comment_status":"closed","ping_status":"closed","template":"","meta":{"footnotes":""},"_links":{"self":[{"href":"http:\/\/gadoros.hu\/index.php?rest_route=\/wp\/v2\/pages\/7799"}],"collection":[{"href":"http:\/\/gadoros.hu\/index.php?rest_route=\/wp\/v2\/pages"}],"about":[{"href":"http:\/\/gadoros.hu\/index.php?rest_route=\/wp\/v2\/types\/page"}],"author":[{"embeddable":true,"href":"http:\/\/gadoros.hu\/index.php?rest_route=\/wp\/v2\/users\/7"}],"replies":[{"embeddable":true,"href":"http:\/\/gadoros.hu\/index.php?rest_route=%2Fwp%2Fv2%2Fcomments&post=7799"}],"version-history":[{"count":1,"href":"http:\/\/gadoros.hu\/index.php?rest_route=\/wp\/v2\/pages\/7799\/revisions"}],"predecessor-version":[{"id":7800,"href":"http:\/\/gadoros.hu\/index.php?rest_route=\/wp\/v2\/pages\/7799\/revisions\/7800"}],"wp:attachment":[{"href":"http:\/\/gadoros.hu\/index.php?rest_route=%2Fwp%2Fv2%2Fmedia&parent=7799"}],"curies":[{"name":"wp","href":"https:\/\/api.w.org\/{rel}","templated":true}]}}