{"id":760,"date":"2014-07-29T13:26:13","date_gmt":"2014-07-29T13:26:13","guid":{"rendered":"http:\/\/test.gadoros.hu\/?page_id=760"},"modified":"2025-11-24T11:33:23","modified_gmt":"2025-11-24T10:33:23","slug":"kozerdeku-informaciok","status":"publish","type":"page","link":"http:\/\/gadoros.hu\/?page_id=760","title":{"rendered":"K\u00f6z\u00e9rdek\u0171 Inform\u00e1ci\u00f3k"},"content":{"rendered":"\n<figure class=\"wp-block-table\"><table class=\"has-fixed-layout\"><tbody><tr><td class=\"has-text-align-center\" data-align=\"center\"> I. k\u00f6rzeti h\u00e1ziorvosi rendel\u0151 <\/td><td>Kossuth u. 13.<\/td><td class=\"has-text-align-left\" data-align=\"left\">(68) 490-030<br><\/td><td>&nbsp;Dr. K\u00f6rm\u00f6czy Ildik\u00f3<\/td><\/tr><tr><td class=\"has-text-align-center\" data-align=\"center\">II. k\u00f6rzeti h\u00e1ziorvosi rendel\u0151  <\/td><td>Nagy utca 52. <\/td><td class=\"has-text-align-left\" data-align=\"left\">(68) 490-080 <\/td><td>Dr Kishonti Andr\u00e1s <br><br><\/td><\/tr><tr><td class=\"has-text-align-center\" data-align=\"center\">Gyermekorvosi rendel\u0151 <\/td><td>Kossuth u. 13.  <\/td><td class=\"has-text-align-left\" data-align=\"left\">(30) 378-9145 <br><\/td><td> Helyettes\u00edt\u0151: <br>Dr. Somogyi Zsolt<br>Dr. Gherman M\u00f3nika Ren\u00e1ta<br>Dr. Bod Margit  Zsuzsanna <\/td><\/tr><tr><td class=\"has-text-align-center\" data-align=\"center\">Fogorvosi rendel\u0151<\/td><td>Kossuth u. 27.<\/td><td class=\"has-text-align-left\" data-align=\"left\">(20) 976-0542<\/td><td>&nbsp;Dr. Neller Vivien<\/td><\/tr><tr><td class=\"has-text-align-center\" data-align=\"center\">V\u00e9d\u0151n\u0151i szolg\u00e1lat<\/td><td>Kossuth u. 27.<\/td><td class=\"has-text-align-left\" data-align=\"left\"><br>06-30\/129-4966<br>06-30\/129-4906<\/td><td><br>T\u00f3thn\u00e9 Moln\u00e1r Timea<br>Kosztol\u00e1n\u00e9  Szab\u00f3 Ildik\u00f3<\/td><\/tr><tr><td class=\"has-text-align-center\" data-align=\"center\">Gondoz\u00e1si k\u00f6zpont<\/td><td>F\u00f5 u. 30.<\/td><td class=\"has-text-align-left\" data-align=\"left\">(68) 490-079<\/td><td><a href=\"mailto:gond.kozp@gadoros.hu\">gond.kozp@gadoros.hu<\/a><\/td><\/tr><tr><td class=\"has-text-align-center\" data-align=\"center\">Posta<\/td><td>H\u00f3vir\u00e1g u. 7.<\/td><td class=\"has-text-align-left\" data-align=\"left\">(68) 511 &#8211; 620<\/td><td>&nbsp;<\/td><\/tr><tr><td class=\"has-text-align-center\" data-align=\"center\">Rend\u0151rs\u00e9g<\/td><td>Bajcsy Zs. u. 43.<\/td><td class=\"has-text-align-left\" data-align=\"left\">(30) 633-7212<\/td><td>&nbsp;<\/td><\/tr><tr><td class=\"has-text-align-center\" data-align=\"center\"><a href=\"\/mveldesi-haz-es-koenyvtar\">K\u00f6nyvt\u00e1r<\/a><\/td><td>Iskola utca 19.<\/td><td class=\"has-text-align-left\" data-align=\"left\">(68) 490-075<\/td><td><a href=\"mailto:konyvtar@gadoros.hu\">gadorosi.konyvtar@gmail.com<\/a><\/td><\/tr><tr><td class=\"has-text-align-center\" data-align=\"center\"><a href=\"\/mveldesi-haz-es-koenyvtar\">M\u0171vel\u0151d\u00e9si h\u00e1z <\/a><\/td><td>Kossuth u. 18.<\/td><td class=\"has-text-align-left\" data-align=\"left\">(68) 490 &#8211; 075<\/td><td><a href=\"mailto:konyvtar@gadoros.hu\">muvhazgadoros@gmail.com<\/a><\/td><\/tr><tr><td class=\"has-text-align-center\" data-align=\"center\"><a href=\"\/polgarmesteri-hivatal\">Polg\u00e1rmesteri hivatal<\/a><\/td><td>Kossuth u. 16.<\/td><td class=\"has-text-align-left\" data-align=\"left\">(68) 490-001<br>(68) 490-331<\/td><td><a href=\"mailto:gadoros@gadoros.hu\">gadoros@gadoros.hu<\/a><\/td><\/tr><tr><td class=\"has-text-align-center\" data-align=\"center\">  Telep\u00fcl\u00e9si F\u0151\u00e9p\u00edt\u00e9sz:<br>  Bart\u00f3k Csilla Zs\u00f3fia<\/td><td>M\u00c9K tagsz\u00e1m: 04-0262<\/td><td class=\"has-text-align-left\" data-align=\"left\">(68) 490-001<br>(68) 490-331<\/td><td><a href=\"mailto:gadoros@gadoros.hu\">gadoros@gadoros.hu<\/a><\/td><\/tr><tr><td class=\"has-text-align-center\" data-align=\"center\"><a href=\"http:\/\/www.gadorosiskola.hu\/\">Kisboldogasszony Katolikus \u00c1ltal\u00e1nos Iskola<\/a><\/td><td>Iskola u. 4.<\/td><td class=\"has-text-align-left\" data-align=\"left\">(68) 490-052<\/td><td><a href=\"mailto:nemann2018@gmail.com\">nemann2018@gmail.com<\/a><\/td><\/tr><tr><td class=\"has-text-align-center\" data-align=\"center\"><a href=\"https:\/\/www.gadorosovoda.hu\/\">G\u00e1dorosi Man\u00f3liget \u00d3voda \u00e9s Mini B\u00f6lcs\u0151de<\/a><\/td><td>B\u00e9ke t\u00e9r 6.<\/td><td class=\"has-text-align-left\" data-align=\"left\">(68) 490-042<\/td><td><a href=\"mailto:gadorosovoda@gadoros.hu\">gadorosovoda@gadoros.hu<\/a><\/td><\/tr><tr><td class=\"has-text-align-center\" data-align=\"center\">G\u00e1doros Nagyk\u00f6zs\u00e9g Roma Nemzetis\u00e9gi \u00d6nkorm\u00e1nyzata<\/td><td>Kossuth u. 16.<\/td><td class=\"has-text-align-left\" data-align=\"left\">(68) 490-001<br>(68) 490-331<\/td><td><a href=\"mailto:gadoros@gadoros.hu\">gadoros@gadoros.hu<\/a><\/td><\/tr><tr><td class=\"has-text-align-center\" data-align=\"center\"><a href=\"\/progador-kht\">Prog\u00e1dor Kft.<\/a><\/td><td>Kossuth u. 1<\/td><td class=\"has-text-align-left\" data-align=\"left\">(68) 490-037<\/td><td><a href=\"mailto:progador@freemail.hu\">progador@oroscom.hu<\/a><\/td><\/tr><\/tbody><\/table><\/figure>\n\n\n\n<p>Egy\u00e9b K\u00f6z\u00e9rdek\u0171 Inform\u00e1ci\u00f3k:<\/p>\n\n\n\n<p><b>H\u00e1ziorvos:<\/b><\/p>\n\n\n\n<figure class=\"wp-block-table\"><table><tbody><tr><td> Dr. K\u00f6rm\u00f6czy Ildik\u00f3 <br>G\u00e1doros,  Kossuth u. 13. <br>Tel.: 68\/490-030<br><br>Rendel\u00e9si id\u0151n k\u00edv\u00fcl 16:00-ig: 06-30\/180-36-33<\/td><td><strong>Rendel\u00e9si id\u0151:<\/strong><br>H\u00e9tf\u0151: 8:00-12:00<br>Kedd: 8:00-13:00 <br>Szerda: 12:00-16:00 <br>Cs\u00fct\u00f6rt\u00f6k: 8:00-12:00<br>P\u00e9ntek: 8:00-11:00<\/td><\/tr><\/tbody><\/table><\/figure>\n\n\n\n<figure class=\"wp-block-table\"><table><tbody><tr><td>Dr. Kishonti Andr\u00e1s<br>G\u00e1doros, Nagy u. 52.<br>Tel.: 68\/490-080<\/td><td><strong>Rendel\u00e9si id\u0151:<\/strong><br>H\u00e9tf\u0151: 6:30-10:45     13:00-14:45<br>Kedd: 6.30-10:45      13.00-14:45<br>Szerda: 6.30-10:45    13:00-14:45<br>Cs\u00fct\u00f6rt\u00f6k: 7:30-10:30<br>P\u00e9ntek: 6:30-10:45<\/td><\/tr><\/tbody><\/table><\/figure>\n\n\n\n<p><b>H\u00e1zi gyermekorvos:<\/b><\/p>\n\n\n\n<p class=\"has-text-align-center\">Rendel\u00e9si id\u0151 2025.11.01-t\u0151l<\/p>\n\n\n\n<p class=\"has-text-align-center has-medium-font-size\"><strong>Gy\u00f3gyszerfel\u00edr\u00e1s, betegrendel\u00e9sre id\u0151pontk\u00e9r\u00e9s 8:00 &#8211; 10:00 \u00f3r\u00e1ig<\/strong><br><strong>a 06-30\/378-9145 telefonsz\u00e1mon k\u00e9rhet\u0151!<\/strong><\/p>\n\n\n\n<figure class=\"wp-block-table\"><table><tbody><tr><td>H\u00e9tf\u0151<\/td><td>12:30 &#8211; 14:30 \u00f3r\u00e1ig<\/td><\/tr><tr><td>Kedd:<br><\/td><td>14:00 \u2013 16:00 \u00f3r\u00e1ig<\/td><\/tr><tr><td>Szerda<\/td><td>10:00 \u2013 12:00 \u00f3r\u00e1ig<\/td><\/tr><tr><td>Cs\u00fct\u00f6rt\u00f6k:<br><\/td><td>12:30 \u2013 14:30 \u00f3r\u00e1ig<br>14:30 \u2013 16:00 \u00f3r\u00e1ig Tan\u00e1csad\u00e1s<\/td><\/tr><tr><td>P\u00e9ntek<\/td><td>11:30 &#8211; 13:30 \u00f3r\u00e1ig<\/td><\/tr><\/tbody><\/table><\/figure>\n\n\n\n<p class=\"has-text-align-center\"><br>A tan\u00e1csad\u00e1s tov\u00e1bbra is telefonos egyeztet\u00e9st k\u00f6vet\u0151en a v\u00e9d\u0151n\u0151i szolg\u00e1lattal egyeztetve t\u00f6rt\u00e9nik.<\/p>\n\n\n\n<p><b>A k\u00f6zponti \u00fcgyelet telefonsz\u00e1ma: &nbsp;&nbsp;<\/b>68\/411-166 (K\u00f3rh\u00e1z) vagy 68\/411-200<\/p>\n\n\n\n<p><b>Fogorvos:<\/b><\/p>\n\n\n\n<figure class=\"wp-block-table\"><table><tbody><tr><td> Dr. Neller Vivien <br>G\u00e1doros, Kossuth u. 27.<br>Tel.: 06-20\/976-0542<\/td><td><strong>Rendel\u00e9si id\u0151:<\/strong><br> H\u00e9tf\u0151:&nbsp; &nbsp; &nbsp; &nbsp;  8:00-16:00<br> Kedd:&nbsp; &nbsp; &nbsp; &nbsp; &nbsp; 7:30-12:30<br> Szerda:&nbsp; &nbsp; &nbsp;  8:00-16:00&nbsp;<br> Cs\u00fct\u00f6rt\u00f6k: 7:30-12:00 Iskola fog\u00e1szat 9:00-11:00<br> P\u00e9ntek: &nbsp;&nbsp;&nbsp;&nbsp;&nbsp;8:00-12:00<br> el\u0151zetes telefonon t\u00f6rt\u00e9n\u0151 id\u0151pont egyeztet\u00e9s sz\u00fcks\u00e9ges <\/td><\/tr><\/tbody><\/table><\/figure>\n\n\n\n<p><b>Gy\u00f3gyszert\u00e1r<\/b><\/p>\n\n\n\n<figure class=\"wp-block-table\"><table><tbody><tr><td><b>Szent Bal\u00e1zs Patika<\/b><br>G\u00e1doros, Kossuth u.<br>Tel.: 68\/490-018.<\/td><td>Nyitvatart\u00e1si id\u0151: H\u00e9tf\u0151t\u0151l-p\u00e9ntekig 8:00-16:00<\/td><\/tr><\/tbody><\/table><\/figure>\n\n\n\n<p><strong>Helyben t\u00f6rt\u00e9n\u0151 v\u00e9rv\u00e9teli szolg\u00e1ltat\u00e1s:<br><\/strong><br>2020. \u00e1prilis 01-t\u0151l G\u00e1doros Nagyk\u00f6zs\u00e9g \u00d6nkorm\u00e1nyzata helyben t\u00f6rt\u00e9n\u0151 ingyenes v\u00e9rv\u00e9teli szolg\u00e1ltat\u00e1st biztos\u00edt G\u00e1doros lakosai sz\u00e1m\u00e1ra. <br><br>G\u00e1doros, Kossuth utca 27. sz\u00e1m alatti Eg\u00e9szs\u00e9gh\u00e1z-V\u00e9d\u0151n\u0151i Szolg\u00e1lat \u00e9p\u00fclet\u00e9ben.<br><br><strong>Rendel\u00e9si id\u0151:<\/strong><br>Minden keddi napon: reggel 05:45 \u00f3r\u00e1t\u00f3l 7:30-ig.<br><\/p>\n\n\n\n<p><\/p>\n","protected":false},"excerpt":{"rendered":"<p>I. k\u00f6rzeti h\u00e1ziorvosi rendel\u0151 Kossuth u. 13. (68) 490-030 &nbsp;Dr. K\u00f6rm\u00f6czy Ildik\u00f3 II. k\u00f6rzeti h\u00e1ziorvosi rendel\u0151 Nagy utca 52. (68) 490-080 Dr Kishonti Andr\u00e1s Gyermekorvosi rendel\u0151 Kossuth u. 13. (30) 378-9145 Helyettes\u00edt\u0151: Dr. Somogyi ZsoltDr. Gherman M\u00f3nika Ren\u00e1taDr. Bod Margit Zsuzsanna Fogorvosi rendel\u0151 Kossuth u. 27. (20) 976-0542 &nbsp;Dr. Neller Vivien V\u00e9d\u0151n\u0151i szolg\u00e1lat Kossuth u. [&hellip;]<\/p>\n","protected":false},"author":1,"featured_media":0,"parent":0,"menu_order":0,"comment_status":"closed","ping_status":"closed","template":"","meta":{"footnotes":""},"class_list":["post-760","page","type-page","status-publish","hentry"],"_links":{"self":[{"href":"http:\/\/gadoros.hu\/index.php?rest_route=\/wp\/v2\/pages\/760"}],"collection":[{"href":"http:\/\/gadoros.hu\/index.php?rest_route=\/wp\/v2\/pages"}],"about":[{"href":"http:\/\/gadoros.hu\/index.php?rest_route=\/wp\/v2\/types\/page"}],"author":[{"embeddable":true,"href":"http:\/\/gadoros.hu\/index.php?rest_route=\/wp\/v2\/users\/1"}],"replies":[{"embeddable":true,"href":"http:\/\/gadoros.hu\/index.php?rest_route=%2Fwp%2Fv2%2Fcomments&post=760"}],"version-history":[{"count":67,"href":"http:\/\/gadoros.hu\/index.php?rest_route=\/wp\/v2\/pages\/760\/revisions"}],"predecessor-version":[{"id":7894,"href":"http:\/\/gadoros.hu\/index.php?rest_route=\/wp\/v2\/pages\/760\/revisions\/7894"}],"wp:attachment":[{"href":"http:\/\/gadoros.hu\/index.php?rest_route=%2Fwp%2Fv2%2Fmedia&parent=760"}],"curies":[{"name":"wp","href":"https:\/\/api.w.org\/{rel}","templated":true}]}}