{"id":7455,"date":"2025-07-18T09:00:16","date_gmt":"2025-07-18T07:00:16","guid":{"rendered":"http:\/\/gadoros.hu\/?page_id=7455"},"modified":"2025-07-21T10:21:25","modified_gmt":"2025-07-21T08:21:25","slug":"7455-2","status":"publish","type":"page","link":"http:\/\/gadoros.hu\/?page_id=7455","title":{"rendered":"G\u00e1doros Nagyk\u00f6zs\u00e9g Roma Nemzetis\u00e9gi \u00d6nkorm\u00e1nyzata"},"content":{"rendered":"\t\t<div data-elementor-type=\"wp-page\" data-elementor-id=\"7455\" class=\"elementor elementor-7455\" data-elementor-post-type=\"page\">\n\t\t\t\t<div class=\"elementor-element elementor-element-3a81459 e-flex e-con-boxed e-con e-parent\" data-id=\"3a81459\" data-element_type=\"container\" data-core-v316-plus=\"true\">\n\t\t\t\t\t<div class=\"e-con-inner\">\n\t\t\t\t<div class=\"elementor-element elementor-element-4b0a87ae elementor-widget elementor-widget-text-editor\" data-id=\"4b0a87ae\" data-element_type=\"widget\" data-widget_type=\"text-editor.default\">\n\t\t\t\t<div class=\"elementor-widget-container\">\n\t\t\t<style>\/*! elementor - v3.20.0 - 10-04-2024 *\/\n.elementor-widget-text-editor.elementor-drop-cap-view-stacked .elementor-drop-cap{background-color:#69727d;color:#fff}.elementor-widget-text-editor.elementor-drop-cap-view-framed .elementor-drop-cap{color:#69727d;border:3px solid;background-color:transparent}.elementor-widget-text-editor:not(.elementor-drop-cap-view-default) .elementor-drop-cap{margin-top:8px}.elementor-widget-text-editor:not(.elementor-drop-cap-view-default) .elementor-drop-cap-letter{width:1em;height:1em}.elementor-widget-text-editor .elementor-drop-cap{float:left;text-align:center;line-height:1;font-size:50px}.elementor-widget-text-editor .elementor-drop-cap-letter{display:inline-block}<\/style>\t\t\t\t<p><!-- wp:paragraph --><\/p>\n<p><strong>\u00a0<em>Eln\u00f6k<\/em>:<\/strong><br \/>\u00a0 \u00a0 \u00a0Pisont Andr\u00e1s<br \/><br \/><br \/><strong>K\u00e9pvisel\u0151-test\u00fcleti tagok:<\/strong><br \/>\u00a0 \u00a0 \u00a0Farkas M\u00e1ria Kinga<br \/>\u00a0 \u00a0 \u00a0Triponn\u00e9 Farkas Ilona<br \/><br \/><\/p>\n<p><strong>Kapcsolat:<\/strong><br \/>\u00a0 \u00a0 \u00a0Tel: 20\/951-6874<br \/>\u00a0 \u00a0 \u00a0E-mail: gadoros[kukac]gadoros.hu<br \/>\u00a0 \u00a0 \u00a0Sz\u00e9kely 5932 G\u00e1doros, Kossuth L. u. 16.<\/p>\n<p><!-- \/wp:paragraph --><\/p>\t\t\t\t\t\t<\/div>\n\t\t\t\t<\/div>\n\t\t\t\t\t<\/div>\n\t\t\t\t<\/div>\n\t\t<div class=\"elementor-element elementor-element-79b2e75 e-flex e-con-boxed e-con e-parent\" data-id=\"79b2e75\" data-element_type=\"container\" data-core-v316-plus=\"true\">\n\t\t\t\t\t<div class=\"e-con-inner\">\n\t\t\t\t<div class=\"elementor-element elementor-element-c5a2484 elementor-button-info elementor-widget elementor-widget-button\" data-id=\"c5a2484\" data-element_type=\"widget\" data-widget_type=\"button.default\">\n\t\t\t\t<div class=\"elementor-widget-container\">\n\t\t\t\t\t<div class=\"elementor-button-wrapper\">\n\t\t\t<a class=\"elementor-button elementor-button-link elementor-size-sm\" href=\"http:\/\/gadoros.hu\/?page_id=949\">\n\t\t\t\t\t\t<span class=\"elementor-button-content-wrapper\">\n\t\t\t\t\t\t<span class=\"elementor-button-text\">Roma Nemzetis\u00e9gi \u00d6nkorm\u00e1nyzat Jegyz\u0151k\u00f6nyvei<\/span>\n\t\t<\/span>\n\t\t\t\t\t<\/a>\n\t\t<\/div>\n\t\t\t\t<\/div>\n\t\t\t\t<\/div>\n\t\t\t\t\t<\/div>\n\t\t\t\t<\/div>\n\t\t\t\t<\/div>\n\t\t","protected":false},"excerpt":{"rendered":"<p>\u00a0Eln\u00f6k:\u00a0 \u00a0 \u00a0Pisont Andr\u00e1s K\u00e9pvisel\u0151-test\u00fcleti tagok:\u00a0 \u00a0 \u00a0Farkas M\u00e1ria Kinga\u00a0 \u00a0 \u00a0Triponn\u00e9 Farkas Ilona Kapcsolat:\u00a0 \u00a0 \u00a0Tel: 20\/951-6874\u00a0 \u00a0 \u00a0E-mail: gadoros[kukac]gadoros.hu\u00a0 \u00a0 \u00a0Sz\u00e9kely 5932 G\u00e1doros, Kossuth L. u. 16. Roma Nemzetis\u00e9gi \u00d6nkorm\u00e1nyzat Jegyz\u0151k\u00f6nyvei<\/p>\n","protected":false},"author":7,"featured_media":0,"parent":0,"menu_order":0,"comment_status":"closed","ping_status":"closed","template":"","meta":{"footnotes":""},"class_list":["post-7455","page","type-page","status-publish","hentry"],"_links":{"self":[{"href":"http:\/\/gadoros.hu\/index.php?rest_route=\/wp\/v2\/pages\/7455"}],"collection":[{"href":"http:\/\/gadoros.hu\/index.php?rest_route=\/wp\/v2\/pages"}],"about":[{"href":"http:\/\/gadoros.hu\/index.php?rest_route=\/wp\/v2\/types\/page"}],"author":[{"embeddable":true,"href":"http:\/\/gadoros.hu\/index.php?rest_route=\/wp\/v2\/users\/7"}],"replies":[{"embeddable":true,"href":"http:\/\/gadoros.hu\/index.php?rest_route=%2Fwp%2Fv2%2Fcomments&post=7455"}],"version-history":[{"count":11,"href":"http:\/\/gadoros.hu\/index.php?rest_route=\/wp\/v2\/pages\/7455\/revisions"}],"predecessor-version":[{"id":7469,"href":"http:\/\/gadoros.hu\/index.php?rest_route=\/wp\/v2\/pages\/7455\/revisions\/7469"}],"wp:attachment":[{"href":"http:\/\/gadoros.hu\/index.php?rest_route=%2Fwp%2Fv2%2Fmedia&parent=7455"}],"curies":[{"name":"wp","href":"https:\/\/api.w.org\/{rel}","templated":true}]}}