{"id":7375,"date":"2025-06-05T14:37:40","date_gmt":"2025-06-05T12:37:40","guid":{"rendered":"http:\/\/gadoros.hu\/?page_id=7375"},"modified":"2026-01-22T11:17:51","modified_gmt":"2026-01-22T10:17:51","slug":"gadoros-fo-utca-30-szam-alatti-gondozasi-kozpont-energetikai-felujitasatop_plusz-2-1-1-21-bs1-2023-00053","status":"publish","type":"page","link":"http:\/\/gadoros.hu\/?page_id=7375","title":{"rendered":""},"content":{"rendered":"<div class=\"wp-block-image\">\n<figure class=\"aligncenter size-full\"><a href=\"http:\/\/gadoros.hu\/wp-content\/uploads\/2025\/06\/kep-5.png\"><img loading=\"lazy\" decoding=\"async\" width=\"646\" height=\"184\" src=\"http:\/\/gadoros.hu\/wp-content\/uploads\/2025\/06\/kep-5.png\" alt=\"\" class=\"wp-image-7376\" srcset=\"http:\/\/gadoros.hu\/wp-content\/uploads\/2025\/06\/kep-5.png 646w, http:\/\/gadoros.hu\/wp-content\/uploads\/2025\/06\/kep-5-300x85.png 300w, http:\/\/gadoros.hu\/wp-content\/uploads\/2025\/06\/kep-5-624x178.png 624w\" sizes=\"(max-width: 646px) 100vw, 646px\" \/><\/a><\/figure><\/div>\n\n\n<p class=\"has-text-align-center\" style=\"font-size:20px\"><strong>\u201eG\u00e1doros, F\u0151 utca 30. sz\u00e1m alatti Gondoz\u00e1si K\u00f6zpont energetikai fel\u00faj\u00edt\u00e1sa\u201d<\/strong><strong><br><\/strong>TOP_PLUSZ-2.1.1-21-BS1-2023-00053<strong><br><br><\/strong><\/p>\n\n\n\n<p style=\"font-size:15px\"><strong>A projekt f\u0151bb adatai:<\/strong><\/p>\n\n\n\n<p style=\"font-size:15px\"><strong><br><\/strong><strong>Kedvezm\u00e9nyezett neve:<\/strong>&nbsp;&nbsp;&nbsp;&nbsp;&nbsp;&nbsp;&nbsp;&nbsp;&nbsp;&nbsp;&nbsp;&nbsp;&nbsp;&nbsp;&nbsp;&nbsp;&nbsp;&nbsp;&nbsp;&nbsp;&nbsp;&nbsp; G\u00e1doros Nagyk\u00f6zs\u00e9g \u00d6nkorm\u00e1nyzata<br><strong>Projekt c\u00edme:<\/strong> \u201eG\u00e1doros, F\u0151 utca 30. sz\u00e1m alatti Gondoz\u00e1si K\u00f6zpont energetikai fel\u00faj\u00edt\u00e1sa\u201d<strong><\/strong><\/p>\n\n\n\n<p style=\"font-size:15px\"><strong>A szerz\u0151d\u00f6tt t\u00e1mogat\u00e1s \u00f6sszege:<\/strong> \u00a0\u00a0\u00a0 \u00a089\u00a0620\u00a0846,-Ft\u00a0\u00a0\u00a0\u00a0\u00a0\u00a0\u00a0\u00a0\u00a0\u00a0\u00a0 <strong><br>T\u00e1mogat\u00e1s m\u00e9rt\u00e9ke:<\/strong> \u00a0\u00a0\u00a0\u00a0\u00a0\u00a0\u00a0\u00a0\u00a0\u00a0\u00a0\u00a0\u00a0\u00a0\u00a0\u00a0\u00a0\u00a0\u00a0\u00a0\u00a0\u00a0 100 %\u00a0 <strong><br>Projekt azonos\u00edt\u00f3 sz\u00e1ma:<\/strong> \u00a0\u00a0\u00a0\u00a0\u00a0\u00a0\u00a0\u00a0\u00a0\u00a0\u00a0\u00a0\u00a0\u00a0\u00a0\u00a0 TOP_PLUSZ-2.1.1-21-BS1-2023-00053<\/p>\n\n\n\n<p style=\"font-size:15px\">A TOP Plusz-2.1.1-21 k\u00f3dsz\u00e1m\u00fa <strong>\u201e<\/strong>\u00d6nkorm\u00e1nyzati \u00e9p\u00fcletek energetikai korszer\u0171s\u00edt\u00e9se\u201d c\u00edm\u0171 felh\u00edv\u00e1s keretein bel\u00fcl G\u00e1doros Nagyk\u00f6zs\u00e9g \u00d6nkorm\u00e1nyzata sikeresen p\u00e1ly\u00e1zott a F\u0151 utca 30. sz\u00e1m alatti Gondoz\u00e1si K\u00f6zpont energetikai fel\u00faj\u00edt\u00e1s\u00e1ra. Az \u00f6nkorm\u00e1nyzat a Ter\u00fclet- \u00e9s Telep\u00fcl\u00e9sfejleszt\u00e9si Operat\u00edv Program Plusz keret\u00e9ben, az Eur\u00f3pai Region\u00e1lis Fejleszt\u00e9si Alap \u00e9s a hazai k\u00f6zponti k\u00f6lts\u00e9gvet\u00e9s finansz\u00edroz\u00e1s\u00e1ban 89,62 milli\u00f3 forint vissza nem t\u00e9r\u00edtend\u0151 Eur\u00f3pai Uni\u00f3s t\u00e1mogat\u00e1sb\u00f3l val\u00f3s\u00edthatja meg a fejleszt\u00e9st.<br><strong><br>A projekt keret\u00e9ben az al\u00e1bbi tev\u00e9kenys\u00e9gek ker\u00fclnek megval\u00f3s\u00edt\u00e1sra:<\/strong><\/p>\n\n\n\n<p style=\"font-size:15px\">Az \u00e9p\u00fclet homlokzat\u00e1nak h\u0151szigetel\u00e9se, igazodva a m\u00e1r elk\u00e9sz\u00fclt homlokzati h\u0151szigetel\u00e9sekhez. A homlokzati ny\u00edl\u00e1sz\u00e1r\u00f3k cser\u00e9je ahol a kor\u00e1bbi \u00e9vekben nem t\u00f6rt\u00e9nt korszer\u0171s\u00edt\u00e9s \u00e9s a z\u00e1r\u00f3f\u00f6d\u00e9m h\u0151szigetel\u00e9se.H\u0151szivatty\u00faval a f\u0171t\u00e9si rendszer korszer\u0171 lesz \u00e9s napelemes rendszer is kialak\u00edt\u00e1sra ker\u00fcl a projekt r\u00e9szek\u00e9nt.<\/p>\n\n\n\n<p>A beruh\u00e1z\u00e1st k\u00f6vet\u0151en kisebb fosszilis energiahordoz\u00f3 felhaszn\u00e1l\u00e1ssal j\u00e1r\u00f3 emisszi\u00f3-cs\u00f6kken\u00e9s, \u00fcvegh\u00e1zhat\u00e1s\u00fa g\u00e1zkibocs\u00e1t\u00e1s cs\u00f6kkent\u00e9se \u00e9rhet\u0151 el, amely nemzetgazdas\u00e1gi szinten hozz\u00e1j\u00e1rul az energiam\u00e9rleg javul\u00e1s\u00e1hoz, tov\u00e1bb az \u00e9p\u00fcletet haszn\u00e1l\u00f3 szem\u00e9lyek komfort\u00e9rzet\u00fck n\u00f6vel\u00e9s\u00e9hez.<\/p>\n\n\n\n<p style=\"font-size:15px\">A projekt fizikai befejez\u00e9s\u00e9nek tervezett id\u0151pontja: 2026. November 06.<\/p>\n\n\n\n<p><\/p>\n","protected":false},"excerpt":{"rendered":"<p>\u201eG\u00e1doros, F\u0151 utca 30. sz\u00e1m alatti Gondoz\u00e1si K\u00f6zpont energetikai fel\u00faj\u00edt\u00e1sa\u201dTOP_PLUSZ-2.1.1-21-BS1-2023-00053 A projekt f\u0151bb adatai: Kedvezm\u00e9nyezett neve:&nbsp;&nbsp;&nbsp;&nbsp;&nbsp;&nbsp;&nbsp;&nbsp;&nbsp;&nbsp;&nbsp;&nbsp;&nbsp;&nbsp;&nbsp;&nbsp;&nbsp;&nbsp;&nbsp;&nbsp;&nbsp;&nbsp; G\u00e1doros Nagyk\u00f6zs\u00e9g \u00d6nkorm\u00e1nyzataProjekt c\u00edme: \u201eG\u00e1doros, F\u0151 utca 30. sz\u00e1m alatti Gondoz\u00e1si K\u00f6zpont energetikai fel\u00faj\u00edt\u00e1sa\u201d A szerz\u0151d\u00f6tt t\u00e1mogat\u00e1s \u00f6sszege: \u00a0\u00a0\u00a0 \u00a089\u00a0620\u00a0846,-Ft\u00a0\u00a0\u00a0\u00a0\u00a0\u00a0\u00a0\u00a0\u00a0\u00a0\u00a0 T\u00e1mogat\u00e1s m\u00e9rt\u00e9ke: \u00a0\u00a0\u00a0\u00a0\u00a0\u00a0\u00a0\u00a0\u00a0\u00a0\u00a0\u00a0\u00a0\u00a0\u00a0\u00a0\u00a0\u00a0\u00a0\u00a0\u00a0\u00a0 100 %\u00a0 Projekt azonos\u00edt\u00f3 sz\u00e1ma: \u00a0\u00a0\u00a0\u00a0\u00a0\u00a0\u00a0\u00a0\u00a0\u00a0\u00a0\u00a0\u00a0\u00a0\u00a0\u00a0 TOP_PLUSZ-2.1.1-21-BS1-2023-00053 A TOP Plusz-2.1.1-21 k\u00f3dsz\u00e1m\u00fa \u201e\u00d6nkorm\u00e1nyzati \u00e9p\u00fcletek energetikai korszer\u0171s\u00edt\u00e9se\u201d c\u00edm\u0171 [&hellip;]<\/p>\n","protected":false},"author":7,"featured_media":0,"parent":0,"menu_order":0,"comment_status":"closed","ping_status":"closed","template":"","meta":{"footnotes":""},"_links":{"self":[{"href":"http:\/\/gadoros.hu\/index.php?rest_route=\/wp\/v2\/pages\/7375"}],"collection":[{"href":"http:\/\/gadoros.hu\/index.php?rest_route=\/wp\/v2\/pages"}],"about":[{"href":"http:\/\/gadoros.hu\/index.php?rest_route=\/wp\/v2\/types\/page"}],"author":[{"embeddable":true,"href":"http:\/\/gadoros.hu\/index.php?rest_route=\/wp\/v2\/users\/7"}],"replies":[{"embeddable":true,"href":"http:\/\/gadoros.hu\/index.php?rest_route=%2Fwp%2Fv2%2Fcomments&post=7375"}],"version-history":[{"count":6,"href":"http:\/\/gadoros.hu\/index.php?rest_route=\/wp\/v2\/pages\/7375\/revisions"}],"predecessor-version":[{"id":8047,"href":"http:\/\/gadoros.hu\/index.php?rest_route=\/wp\/v2\/pages\/7375\/revisions\/8047"}],"wp:attachment":[{"href":"http:\/\/gadoros.hu\/index.php?rest_route=%2Fwp%2Fv2%2Fmedia&parent=7375"}],"curies":[{"name":"wp","href":"https:\/\/api.w.org\/{rel}","templated":true}]}}