{"id":7003,"date":"2025-01-13T11:53:29","date_gmt":"2025-01-13T10:53:29","guid":{"rendered":"http:\/\/gadoros.hu\/?page_id=7003"},"modified":"2025-01-13T11:55:32","modified_gmt":"2025-01-13T10:55:32","slug":"magyar-falu-program-kereteben-onkormanyzati-tulajdonu-ingatlanok-fejlesztese-onkormanyzati-feladatellatashoz-kapcsolodo-beszerzesek-mfp-otifb-2024-ekb-kodszamu-palyazat","status":"publish","type":"page","link":"http:\/\/gadoros.hu\/?page_id=7003","title":{"rendered":"Magyar Falu Program keret\u00e9ben  &#8222;\u00d6nkorm\u00e1nyzati tulajdon\u00fa ingatlanok fejleszt\u00e9se, \u00f6nkorm\u00e1nyzati feladatell\u00e1t\u00e1shoz kapcsol\u00f3d\u00f3 beszerz\u00e9sek&#8221; MFP\/\u00d6TIFB\/2024\/EKB k\u00f3dsz\u00e1m\u00fa p\u00e1ly\u00e1zat"},"content":{"rendered":"\n<p><\/p>\n\n\n\n<p><strong>Kedvezm\u00e9nyezett neve:<\/strong> G\u00e1doros Nagyk\u00f6zs\u00e9g \u00d6nkorm\u00e1nyzata<\/p>\n\n\n\n<p><strong>Projekt c\u00edm<\/strong><strong>e:<\/strong> &#8222;\u00d6nkorm\u00e1nyzati feladatell\u00e1t\u00e1st seg\u00edt\u0151 eszk\u00f6zbeszerz\u00e9s G\u00e1doroson&#8221;<strong>Projekt tartalma:<\/strong> G\u00e1doros Kossuth utca 16. sz\u00e1m alatti Polg\u00e1rmesteri Hivatalban \u00e9s G\u00e1doros F\u0151 utca 30., Gondoz\u00e1si K\u00f6zpontban ker\u00fclnek eszk\u00f6z\u00f6k beszerz\u00e9sre a projekt keret\u00e9ben.<br>Az eszk\u00f6z\u00f6k r\u00e9szletez\u00e9se: 100 db rendezv\u00e9nysz\u00e9k, 12 db asztali sz\u00e1mt\u00f3g\u00e9p, 6 db monitor \u00e9s 1 db nyomtat\u00f3.<\/p>\n\n\n<div class=\"wp-block-image\">\n<figure class=\"alignright size-full is-resized\"><a href=\"http:\/\/gadoros.hu\/wp-content\/uploads\/2025\/01\/image.png\"><img loading=\"lazy\" decoding=\"async\" width=\"289\" height=\"300\" src=\"http:\/\/gadoros.hu\/wp-content\/uploads\/2025\/01\/image.png\" alt=\"\" class=\"wp-image-7007\" style=\"width:312px;height:auto\"\/><\/a><\/figure><\/div>\n\n\n<p><strong>T\u00e1mogat\u00e1s \u00f6sszege:<\/strong> 5.999.997,- Ft<\/p>\n\n\n\n<p><strong>T\u00e1mogat\u00e1s m\u00e9rt\u00e9ke:&nbsp;<\/strong>100%<\/p>\n\n\n\n<p><strong>Megval\u00f3sul\u00e1s \u00e9ve:<\/strong>&nbsp;2024<\/p>\n","protected":false},"excerpt":{"rendered":"<p>Kedvezm\u00e9nyezett neve: G\u00e1doros Nagyk\u00f6zs\u00e9g \u00d6nkorm\u00e1nyzata Projekt c\u00edme: &#8222;\u00d6nkorm\u00e1nyzati feladatell\u00e1t\u00e1st seg\u00edt\u0151 eszk\u00f6zbeszerz\u00e9s G\u00e1doroson&#8221;Projekt tartalma: G\u00e1doros Kossuth utca 16. sz\u00e1m alatti Polg\u00e1rmesteri Hivatalban \u00e9s G\u00e1doros F\u0151 utca 30., Gondoz\u00e1si K\u00f6zpontban ker\u00fclnek eszk\u00f6z\u00f6k beszerz\u00e9sre a projekt keret\u00e9ben.Az eszk\u00f6z\u00f6k r\u00e9szletez\u00e9se: 100 db rendezv\u00e9nysz\u00e9k, 12 db asztali sz\u00e1mt\u00f3g\u00e9p, 6 db monitor \u00e9s 1 db nyomtat\u00f3. T\u00e1mogat\u00e1s \u00f6sszege: 5.999.997,- Ft T\u00e1mogat\u00e1s [&hellip;]<\/p>\n","protected":false},"author":7,"featured_media":0,"parent":0,"menu_order":0,"comment_status":"closed","ping_status":"closed","template":"","meta":{"footnotes":""},"_links":{"self":[{"href":"http:\/\/gadoros.hu\/index.php?rest_route=\/wp\/v2\/pages\/7003"}],"collection":[{"href":"http:\/\/gadoros.hu\/index.php?rest_route=\/wp\/v2\/pages"}],"about":[{"href":"http:\/\/gadoros.hu\/index.php?rest_route=\/wp\/v2\/types\/page"}],"author":[{"embeddable":true,"href":"http:\/\/gadoros.hu\/index.php?rest_route=\/wp\/v2\/users\/7"}],"replies":[{"embeddable":true,"href":"http:\/\/gadoros.hu\/index.php?rest_route=%2Fwp%2Fv2%2Fcomments&post=7003"}],"version-history":[{"count":3,"href":"http:\/\/gadoros.hu\/index.php?rest_route=\/wp\/v2\/pages\/7003\/revisions"}],"predecessor-version":[{"id":7010,"href":"http:\/\/gadoros.hu\/index.php?rest_route=\/wp\/v2\/pages\/7003\/revisions\/7010"}],"wp:attachment":[{"href":"http:\/\/gadoros.hu\/index.php?rest_route=%2Fwp%2Fv2%2Fmedia&parent=7003"}],"curies":[{"name":"wp","href":"https:\/\/api.w.org\/{rel}","templated":true}]}}