{"id":541,"date":"2014-05-30T16:50:20","date_gmt":"2014-05-30T16:50:20","guid":{"rendered":"http:\/\/test.gadoros.hu\/?page_id=541"},"modified":"2014-05-30T16:51:41","modified_gmt":"2014-05-30T16:51:41","slug":"1-6-felettes-felugyeleti-torvenyessegi-ellenorzest-gyakorlo-szerv","status":"publish","type":"page","link":"http:\/\/gadoros.hu\/?page_id=541","title":{"rendered":"1.6 Felettes, fel\u00fcgyeleti, t\u00f6rv\u00e9nyess\u00e9gi ellen\u00f6rz\u00e9st gyakorl\u00f3 szerv"},"content":{"rendered":"<h1 align=\"center\">K\u00f6z\u00e9rdek\u0171 adatok elektronikus k\u00f6zz\u00e9t\u00e9tele<\/h1>\n<p align=\"center\"><em>(Az inform\u00e1ci\u00f3s \u00f6nrendelkez\u00e9si jogr\u00f3l \u00e9s az inform\u00e1ci\u00f3szabads\u00e1gr\u00f3 sz\u00f3l\u00f3 2011. \u00e9vi CXII.\u00a0t\u00f6rv\u00e9ny \u00a0\u00e9s a k\u00f6z\u00e9rdek\u0171 adatok elektronikus k\u00f6zz\u00e9t\u00e9tel\u00e9re, az egys\u00e9ges k\u00f6zadatkeres\u0151 rendszerre, valamint a k\u00f6zponti jegyz\u00e9k adattartalm\u00e1ra, az adatintegr\u00e1ci\u00f3ra vonatkoz\u00f3 r\u00e9szletes szab\u00e1lyokr\u00f3l 305\/2005. (XII. 25.) Korm. rendelet alapj\u00e1n)<\/em><\/p>\n<p align=\"center\">\n<p style=\"text-align: center;font-size: 150%;\">1.6 Felettes, fel\u00fcgyeleti, t\u00f6rv\u00e9nyess\u00e9gi ellen\u00f6rz\u00e9st gyakorl\u00f3 szerv<\/p>\n<p style=\"font-size: 110%;\">B\u00e9k\u00e9s Megyei Korm\u00e1nyhivatal <\/p>\n<div >\n<table border=1>\n<tr>\n<td>Ellen\u00f6rz\u00e9st gyakorl\u00f3 szerv neve:<\/td>\n<td>B\u00e9k\u00e9s Megyei Korm\u00e1nyhivatal<\/td>\n<\/tr>\n<tr>\n<td>Sz\u00e9khelye:<\/td>\n<td>5600 B\u00e9k\u00e9scsaba, J\u00f3zsef Attila u. 2-4.<\/td>\n<\/tr>\n<tr>\n<td>El\u00e9rhet\u0151s\u00e9ge:<\/td>\n<td>Tel.:(66)622-000 Fax:(66)622-001<br \/>Email: vezeto@bekeskh.hu<br \/> <a href=\"http:\/\/www.bekeskh.hu\/\" target=\"_blank\">www.bekeskh.hu<\/a><\/td>\n<\/tr>\n<tr>\n<td>\u00dcgyf\u00e9lfogad\u00e1s:<\/td>\n<td>h\u00e9tf\u0151t\u0151l cs\u00fct\u00f6rt\u00f6kig 8.00-16.30 \u00f3r\u00e1ig, p\u00e9nteken 8.00-14.00 \u00f3r\u00e1ig<\/td>\n<\/tr>\n<\/table>\n<\/div>\n","protected":false},"excerpt":{"rendered":"<p>K\u00f6z\u00e9rdek\u0171 adatok elektronikus k\u00f6zz\u00e9t\u00e9tele (Az inform\u00e1ci\u00f3s \u00f6nrendelkez\u00e9si jogr\u00f3l \u00e9s az inform\u00e1ci\u00f3szabads\u00e1gr\u00f3 sz\u00f3l\u00f3 2011. \u00e9vi CXII.\u00a0t\u00f6rv\u00e9ny \u00a0\u00e9s a k\u00f6z\u00e9rdek\u0171 adatok elektronikus k\u00f6zz\u00e9t\u00e9tel\u00e9re, az egys\u00e9ges k\u00f6zadatkeres\u0151 rendszerre, valamint a k\u00f6zponti jegyz\u00e9k adattartalm\u00e1ra, az adatintegr\u00e1ci\u00f3ra vonatkoz\u00f3 r\u00e9szletes szab\u00e1lyokr\u00f3l 305\/2005. (XII. 25.) Korm. rendelet alapj\u00e1n) 1.6 Felettes, fel\u00fcgyeleti, t\u00f6rv\u00e9nyess\u00e9gi ellen\u00f6rz\u00e9st gyakorl\u00f3 szerv B\u00e9k\u00e9s Megyei Korm\u00e1nyhivatal Ellen\u00f6rz\u00e9st gyakorl\u00f3 szerv neve: [&hellip;]<\/p>\n","protected":false},"author":1,"featured_media":0,"parent":516,"menu_order":0,"comment_status":"closed","ping_status":"closed","template":"","meta":{"footnotes":""},"_links":{"self":[{"href":"http:\/\/gadoros.hu\/index.php?rest_route=\/wp\/v2\/pages\/541"}],"collection":[{"href":"http:\/\/gadoros.hu\/index.php?rest_route=\/wp\/v2\/pages"}],"about":[{"href":"http:\/\/gadoros.hu\/index.php?rest_route=\/wp\/v2\/types\/page"}],"author":[{"embeddable":true,"href":"http:\/\/gadoros.hu\/index.php?rest_route=\/wp\/v2\/users\/1"}],"replies":[{"embeddable":true,"href":"http:\/\/gadoros.hu\/index.php?rest_route=%2Fwp%2Fv2%2Fcomments&post=541"}],"version-history":[{"count":1,"href":"http:\/\/gadoros.hu\/index.php?rest_route=\/wp\/v2\/pages\/541\/revisions"}],"predecessor-version":[{"id":542,"href":"http:\/\/gadoros.hu\/index.php?rest_route=\/wp\/v2\/pages\/541\/revisions\/542"}],"up":[{"embeddable":true,"href":"http:\/\/gadoros.hu\/index.php?rest_route=\/wp\/v2\/pages\/516"}],"wp:attachment":[{"href":"http:\/\/gadoros.hu\/index.php?rest_route=%2Fwp%2Fv2%2Fmedia&parent=541"}],"curies":[{"name":"wp","href":"https:\/\/api.w.org\/{rel}","templated":true}]}}