{"id":528,"date":"2014-05-30T16:36:57","date_gmt":"2014-05-30T16:36:57","guid":{"rendered":"http:\/\/test.gadoros.hu\/?page_id=528"},"modified":"2014-05-30T16:45:02","modified_gmt":"2014-05-30T16:45:02","slug":"1-2-a-felugyelt-koltsegvetesi-szervek","status":"publish","type":"page","link":"http:\/\/gadoros.hu\/?page_id=528","title":{"rendered":"1.2 A fel\u00fcgyelt k\u00f6lts\u00e9gvet\u00e9si szervek"},"content":{"rendered":"<h1 align=\"center\">K\u00f6z\u00e9rdek\u0171 adatok elektronikus k\u00f6zz\u00e9t\u00e9tele<\/h1>\n<p align=\"center\"><em>(Az inform\u00e1ci\u00f3s \u00f6nrendelkez\u00e9si jogr\u00f3l \u00e9s az inform\u00e1ci\u00f3szabads\u00e1gr\u00f3 sz\u00f3l\u00f3 2011. \u00e9vi CXII.\u00a0t\u00f6rv\u00e9ny \u00a0\u00e9s a k\u00f6z\u00e9rdek\u0171 adatok elektronikus k\u00f6zz\u00e9t\u00e9tel\u00e9re, az egys\u00e9ges k\u00f6zadatkeres\u0151 rendszerre, valamint a k\u00f6zponti jegyz\u00e9k adattartalm\u00e1ra, az adatintegr\u00e1ci\u00f3ra vonatkoz\u00f3 r\u00e9szletes szab\u00e1lyokr\u00f3l 305\/2005. (XII. 25.) Korm. rendelet alapj\u00e1n) <\/em><\/p>\n<p style=\"text-align: center; font-size: 150%;\">1.2 A fel\u00fcgyelt k\u00f6lts\u00e9gvet\u00e9si szervek<\/p>\n<p style=\"font-size: 110%;\">G\u00e1dorosi Napk\u00f6ziotthonos \u00d3voda<\/p>\n<div>\n<table border=\"1\">\n<tbody>\n<tr>\n<td>Hivatalos n\u00e9v:<\/td>\n<td>G\u00e1dorosi Napk\u00f6ziotthonos \u00d3voda<\/td>\n<\/tr>\n<tr>\n<td>Sz\u00e9khely:<\/td>\n<td>5932 G\u00e1doros B\u00e9ke t\u00e9r 6.<\/td>\n<\/tr>\n<tr>\n<td>Postac\u00edm:<\/td>\n<td>5932 G\u00e1doros B\u00e9ke t\u00e9r 6.<\/td>\n<\/tr>\n<tr>\n<td>Telephelyek::<\/td>\n<td>5932 G\u00e1doros B\u00e9ke t\u00e9r 6.<br \/>\n5932 G\u00e1doros Kossuth L.u.17<\/td>\n<\/tr>\n<tr>\n<td>Telefonsz\u00e1m:<\/td>\n<td>06 68\/490-042, 06 68\/490-017<\/td>\n<\/tr>\n<tr>\n<td>K\u00f6zponti elektronikus lev\u00e9lc\u00edm:<\/td>\n<td>gadorosovoda@gadoros.hu<\/td>\n<\/tr>\n<tr>\n<td>Honlap:<\/td>\n<td><a href=\"http:\/\/test.gadoros.hu\/?page_id=52\">www.gadoros.hu\/?page_id=52<\/a><\/td>\n<\/tr>\n<tr>\n<td>Nyitvatart\u00e1s:<\/td>\n<td>H\u00e9tf\u0151t\u0151l \u2013 P\u00e9ntekig -Reggel 6.00 -t\u00f3l d\u00e9lut\u00e1n 17.00-ig<\/td>\n<\/tr>\n<\/tbody>\n<\/table>\n<\/div>\n<p style=\"font-size: 110%;\">Justh Zsigmond M\u0171vel\u0151d\u00e9si H\u00e1z \u00e9s K\u00f6nyvt\u00e1r<\/p>\n<div>\n<table border=\"1\">\n<tbody>\n<tr>\n<td>Hivatalos n\u00e9v:<\/td>\n<td>Justh Zsigmond M\u0171vel\u0151d\u00e9si H\u00e1z \u00e9s K\u00f6nyvt\u00e1r<\/td>\n<\/tr>\n<tr>\n<td>Sz\u00e9khely:<\/td>\n<td>5932 G\u00e1doros, F\u0151 u. 30.<\/td>\n<\/tr>\n<tr>\n<td>Postac\u00edm:<\/td>\n<td>5932 G\u00e1doros, F\u0151 u. 30.<\/td>\n<\/tr>\n<tr>\n<td>Telefonsz\u00e1m:<\/td>\n<td>06 68\/490-075, 06 30\/684-0771<\/td>\n<\/tr>\n<tr>\n<td>K\u00f6zponti elektronikus lev\u00e9lc\u00edm:<\/td>\n<td>konyvtar@gadoros.hu, muvhaz@gadoros.hu<\/td>\n<\/tr>\n<tr>\n<td>Honlap:<\/td>\n<td><a href=\"http:\/\/test.gadoros.hu\/?page_id=52\">www.gadoros.hu\/?page_id=52<\/a><\/td>\n<\/tr>\n<tr>\n<td>Nyitvatart\u00e1s:<\/td>\n<td>\n<table border=\"0\">\n<tbody>\n<tr>\n<td>\n<table border=\"0\">\n<tbody>\n<tr>\n<td><span style=\"text-decoration: underline;\">K\u00f6nyvt\u00e1r:<\/span><\/td>\n<td><\/td>\n<\/tr>\n<tr>\n<td>H\u00e9tf\u0151:<\/td>\n<td>Z\u00e1rva<\/td>\n<\/tr>\n<tr>\n<td>Kedd, Szerda<\/td>\n<td>10-17<\/td>\n<\/tr>\n<tr>\n<td>Cs\u00fct\u00f6rt\u00f6k:<\/td>\n<td>13-17<\/td>\n<\/tr>\n<tr>\n<td>P\u00e9ntek:<\/td>\n<td>10-17<\/td>\n<\/tr>\n<tr>\n<td>Szombat:<\/td>\n<td>13-17<\/td>\n<\/tr>\n<\/tbody>\n<\/table>\n<\/td>\n<td>\n<table border=\"0\">\n<tbody>\n<tr>\n<td><span style=\"text-decoration: underline;\">M\u0171vel\u0151d\u00e9si h\u00e1z: <\/span><\/td>\n<td><\/td>\n<\/tr>\n<tr>\n<td>H\u00e9tf\u0151 &#8211; P\u00e9ntek:<\/td>\n<td>8-17<\/td>\n<\/tr>\n<\/tbody>\n<\/table>\n<\/td>\n<\/tr>\n<\/tbody>\n<\/table>\n<\/td>\n<\/tr>\n<\/tbody>\n<\/table>\n<\/div>\n<p style=\"font-size: 110%;\">Gondoz\u00e1si K\u00f6zpont, Csal\u00e1dseg\u00edt\u0151 \u00e9s V\u00e9d\u0151n\u0151i Szolg\u00e1lat<\/p>\n<div>\n<table border=\"1\">\n<tbody>\n<tr>\n<td>Hivatalos n\u00e9v:<\/td>\n<td>Gondoz\u00e1si K\u00f6zpont, Csal\u00e1dseg\u00edt\u0151 \u00e9s V\u00e9d\u0151n\u0151i Szolg\u00e1lat<\/td>\n<\/tr>\n<tr>\n<td>Sz\u00e9khely:<\/td>\n<td>5932 G\u00e1doros, F\u0151 u. 30.<\/td>\n<\/tr>\n<tr>\n<td>Postac\u00edm:<\/td>\n<td>5932 G\u00e1doros, F\u0151 u. 30.<\/td>\n<\/tr>\n<tr>\n<td>Telefonsz\u00e1m:<\/td>\n<td>06 68\/490-079<\/td>\n<\/tr>\n<tr>\n<td>K\u00f6zponti elektronikus lev\u00e9lc\u00edm:<\/td>\n<td>gond.kozp@gadoros.hu<\/td>\n<\/tr>\n<tr>\n<td>Honlap:<\/td>\n<td>&#8211;<\/td>\n<\/tr>\n<tr>\n<td>Nyitvatart\u00e1s:<\/td>\n<td><\/td>\n<\/tr>\n<\/tbody>\n<\/table>\n<\/div>\n","protected":false},"excerpt":{"rendered":"<p>K\u00f6z\u00e9rdek\u0171 adatok elektronikus k\u00f6zz\u00e9t\u00e9tele (Az inform\u00e1ci\u00f3s \u00f6nrendelkez\u00e9si jogr\u00f3l \u00e9s az inform\u00e1ci\u00f3szabads\u00e1gr\u00f3 sz\u00f3l\u00f3 2011. \u00e9vi CXII.\u00a0t\u00f6rv\u00e9ny \u00a0\u00e9s a k\u00f6z\u00e9rdek\u0171 adatok elektronikus k\u00f6zz\u00e9t\u00e9tel\u00e9re, az egys\u00e9ges k\u00f6zadatkeres\u0151 rendszerre, valamint a k\u00f6zponti jegyz\u00e9k adattartalm\u00e1ra, az adatintegr\u00e1ci\u00f3ra vonatkoz\u00f3 r\u00e9szletes szab\u00e1lyokr\u00f3l 305\/2005. (XII. 25.) Korm. rendelet alapj\u00e1n) 1.2 A fel\u00fcgyelt k\u00f6lts\u00e9gvet\u00e9si szervek G\u00e1dorosi Napk\u00f6ziotthonos \u00d3voda Hivatalos n\u00e9v: G\u00e1dorosi Napk\u00f6ziotthonos \u00d3voda Sz\u00e9khely: [&hellip;]<\/p>\n","protected":false},"author":1,"featured_media":0,"parent":516,"menu_order":0,"comment_status":"closed","ping_status":"closed","template":"","meta":{"footnotes":""},"class_list":["post-528","page","type-page","status-publish","hentry"],"_links":{"self":[{"href":"http:\/\/gadoros.hu\/index.php?rest_route=\/wp\/v2\/pages\/528"}],"collection":[{"href":"http:\/\/gadoros.hu\/index.php?rest_route=\/wp\/v2\/pages"}],"about":[{"href":"http:\/\/gadoros.hu\/index.php?rest_route=\/wp\/v2\/types\/page"}],"author":[{"embeddable":true,"href":"http:\/\/gadoros.hu\/index.php?rest_route=\/wp\/v2\/users\/1"}],"replies":[{"embeddable":true,"href":"http:\/\/gadoros.hu\/index.php?rest_route=%2Fwp%2Fv2%2Fcomments&post=528"}],"version-history":[{"count":5,"href":"http:\/\/gadoros.hu\/index.php?rest_route=\/wp\/v2\/pages\/528\/revisions"}],"predecessor-version":[{"id":535,"href":"http:\/\/gadoros.hu\/index.php?rest_route=\/wp\/v2\/pages\/528\/revisions\/535"}],"up":[{"embeddable":true,"href":"http:\/\/gadoros.hu\/index.php?rest_route=\/wp\/v2\/pages\/516"}],"wp:attachment":[{"href":"http:\/\/gadoros.hu\/index.php?rest_route=%2Fwp%2Fv2%2Fmedia&parent=528"}],"curies":[{"name":"wp","href":"https:\/\/api.w.org\/{rel}","templated":true}]}}