{"id":52,"date":"2013-12-09T10:53:19","date_gmt":"2013-12-09T10:53:19","guid":{"rendered":"http:\/\/test.gadoros.hu\/?page_id=52"},"modified":"2024-07-16T08:48:22","modified_gmt":"2024-07-16T06:48:22","slug":"justh-zsigmond-muvelodesi-haz-es-konyvtar","status":"publish","type":"page","link":"http:\/\/gadoros.hu\/?page_id=52","title":{"rendered":"Justh Zsigmond M\u0171vel\u0151d\u00e9si H\u00e1z \u00e9s K\u00f6nyvt\u00e1r"},"content":{"rendered":"<p>A Justh Zsigmond M\u0171vel\u0151d\u00e9si H\u00e1z \u00e9s K\u00f6nyvt\u00e1r \u00f6n\u00e1ll\u00f3 jogi szem\u00e9ly, amely munk\u00e1j\u00e1t a kultur\u00e1lis javak v\u00e9delm\u00e9r\u0151l \u00e9s a muze\u00e1lis int\u00e9zm\u00e9nyekr\u0151l, a nyilv\u00e1nos k\u00f6nyvt\u00e1ri ell\u00e1t\u00e1sr\u00f3l \u00e9s a k\u00f6zm\u0171vel\u0151d\u00e9sr\u0151l sz\u00f3l\u00f3 1997. \u00e9vi CXL. t\u00f6rv\u00e9ny alapj\u00e1n v\u00e9gzi.<\/p>\n\n\n<p>A Justh Zsigmond M\u0171vel\u0151d\u00e9si H\u00e1z \u00e9s K\u00f6nyvt\u00e1r honlapja el\u00e9rhet\u0151: <a href=\"https:\/\/gadorosikonyvtar.webnode.hu\"><strong>https:\/\/gadorosikonyvtar.webnode.hu<\/strong><\/a><\/p>\n\n\n\n<p><\/p>\n\n\n\n<p><\/p>\n\n\n\n<p class=\"has-text-align-center\"><strong>G\u00c1DOROS NAGYK\u00d6ZS\u00c9G \u00d6NKORM\u00c1NYZATA<\/strong><\/p>\n\n\n\n<p>G\u00e1doros Nagyk\u00f6zs\u00e9g \u00d6nkorm\u00e1nyzata K\u00e9pvisel\u0151-test\u00fclet\u00e9nek<strong> Justh Zsigmond M\u0171vel\u0151d\u00e9si H\u00e1za \u00e9s K\u00f6nyvt\u00e1ra<\/strong><\/p>\n\n\n\n<p>p\u00e1ly\u00e1zatot hirdet Munkaviszony (MT) keret\u00e9ben<\/p>\n\n\n\n<h3 class=\"wp-block-heading has-text-align-center\">K\u00f6nyvt\u00e1ros<\/h3>\n\n\n\n<p class=\"has-text-align-center\">Munkak\u00f6r\/feladatk\u00f6r bet\u00f6lt\u00e9s\u00e9re. <br>B\u0151vebben az al\u00e1bbi linken olvashat:<\/p>\n\n\n\n<p class=\"has-text-align-center\"><a href=\"https:\/\/kozszolgallas.ksz.gov.hu\/JobAd\/Info\/74523\">https:\/\/kozszolgallas.ksz.gov.hu\/JobAd\/Info\/74523<\/a><\/p>\n","protected":false},"excerpt":{"rendered":"<p>A Justh Zsigmond M\u0171vel\u0151d\u00e9si H\u00e1z \u00e9s K\u00f6nyvt\u00e1r \u00f6n\u00e1ll\u00f3 jogi szem\u00e9ly, amely munk\u00e1j\u00e1t a kultur\u00e1lis javak v\u00e9delm\u00e9r\u0151l \u00e9s a muze\u00e1lis int\u00e9zm\u00e9nyekr\u0151l, a nyilv\u00e1nos k\u00f6nyvt\u00e1ri ell\u00e1t\u00e1sr\u00f3l \u00e9s a k\u00f6zm\u0171vel\u0151d\u00e9sr\u0151l sz\u00f3l\u00f3 1997. \u00e9vi CXL. t\u00f6rv\u00e9ny alapj\u00e1n v\u00e9gzi. A Justh Zsigmond M\u0171vel\u0151d\u00e9si H\u00e1z \u00e9s K\u00f6nyvt\u00e1r honlapja el\u00e9rhet\u0151: https:\/\/gadorosikonyvtar.webnode.hu G\u00c1DOROS NAGYK\u00d6ZS\u00c9G \u00d6NKORM\u00c1NYZATA G\u00e1doros Nagyk\u00f6zs\u00e9g \u00d6nkorm\u00e1nyzata K\u00e9pvisel\u0151-test\u00fclet\u00e9nek Justh Zsigmond M\u0171vel\u0151d\u00e9si H\u00e1za [&hellip;]<\/p>\n","protected":false},"author":1,"featured_media":0,"parent":0,"menu_order":0,"comment_status":"closed","ping_status":"closed","template":"","meta":{"footnotes":""},"_links":{"self":[{"href":"http:\/\/gadoros.hu\/index.php?rest_route=\/wp\/v2\/pages\/52"}],"collection":[{"href":"http:\/\/gadoros.hu\/index.php?rest_route=\/wp\/v2\/pages"}],"about":[{"href":"http:\/\/gadoros.hu\/index.php?rest_route=\/wp\/v2\/types\/page"}],"author":[{"embeddable":true,"href":"http:\/\/gadoros.hu\/index.php?rest_route=\/wp\/v2\/users\/1"}],"replies":[{"embeddable":true,"href":"http:\/\/gadoros.hu\/index.php?rest_route=%2Fwp%2Fv2%2Fcomments&post=52"}],"version-history":[{"count":15,"href":"http:\/\/gadoros.hu\/index.php?rest_route=\/wp\/v2\/pages\/52\/revisions"}],"predecessor-version":[{"id":6366,"href":"http:\/\/gadoros.hu\/index.php?rest_route=\/wp\/v2\/pages\/52\/revisions\/6366"}],"wp:attachment":[{"href":"http:\/\/gadoros.hu\/index.php?rest_route=%2Fwp%2Fv2%2Fmedia&parent=52"}],"curies":[{"name":"wp","href":"https:\/\/api.w.org\/{rel}","templated":true}]}}