{"id":5121,"date":"2024-05-07T10:32:33","date_gmt":"2024-05-07T08:32:33","guid":{"rendered":"http:\/\/www.gadoros.hu\/?page_id=5121"},"modified":"2025-05-12T15:22:15","modified_gmt":"2025-05-12T13:22:15","slug":"gadorosi-focicsapat-kozlemenyei","status":"publish","type":"page","link":"http:\/\/gadoros.hu\/?page_id=5121","title":{"rendered":"G\u00e1dorosi Focicsapat K\u00f6zlem\u00e9nyei"},"content":{"rendered":"\n<p class=\"has-text-align-center has-medium-font-size\"><strong>G\u00e1doros SE TAO 2025<\/strong><\/p>\n\n\n\n<div data-wp-interactive=\"core\/file\" class=\"wp-block-file\"><object data-wp-bind--hidden=\"!state.hasPdfPreview\"  class=\"wp-block-file__embed\" data=\"http:\/\/gadoros.hu\/wp-content\/uploads\/2025\/05\/gadoros-2025-SFP.pdf\" type=\"application\/pdf\" style=\"width:100%;height:900px\" aria-label=\"gadoros 2025 SFP be\u00e1gyaz\u00e1sa\"><\/object><a id=\"wp-block-file--media-a0081f13-9b35-4777-91e7-4995050dcdab\" href=\"http:\/\/gadoros.hu\/wp-content\/uploads\/2025\/05\/gadoros-2025-SFP.pdf\">gadoros 2025 SFP<\/a><a href=\"http:\/\/gadoros.hu\/wp-content\/uploads\/2025\/05\/gadoros-2025-SFP.pdf\" class=\"wp-block-file__button wp-element-button\" download aria-describedby=\"wp-block-file--media-a0081f13-9b35-4777-91e7-4995050dcdab\">Let\u00f6lt\u00e9s<\/a><\/div>\n\n\n\n<h2 class=\"wp-block-heading has-text-align-center has-medium-font-size\">G\u00e1doros 2024 SFP j\u00f3v\u00e1hagy\u00f3 Hat\u00e1rozat<\/h2>\n\n\n\n<div data-wp-interactive=\"core\/file\" class=\"wp-block-file\"><object data-wp-bind--hidden=\"!state.hasPdfPreview\"  class=\"wp-block-file__embed\" data=\"http:\/\/gadoros.hu\/wp-content\/uploads\/2024\/05\/gadoros-2024-SFP-jovahagyo.pdf\" type=\"application\/pdf\" style=\"width:100%;height:820px\" aria-label=\"gadoros-2024-SFP-jovahagyo be\u00e1gyaz\u00e1sa\"><\/object><a id=\"wp-block-file--media-7def8b35-8b6b-4f62-b4a4-09769648d7b0\" href=\"http:\/\/gadoros.hu\/wp-content\/uploads\/2024\/05\/gadoros-2024-SFP-jovahagyo.pdf\">gadoros-2024-SFP-jovahagyo<\/a><a href=\"http:\/\/gadoros.hu\/wp-content\/uploads\/2024\/05\/gadoros-2024-SFP-jovahagyo.pdf\" class=\"wp-block-file__button wp-element-button\" download aria-describedby=\"wp-block-file--media-7def8b35-8b6b-4f62-b4a4-09769648d7b0\">Let\u00f6lt\u00e9s<\/a><\/div>\n\n\n\n<h2 class=\"wp-block-heading has-text-align-center\">gadoros 2024 SFP UP<\/h2>\n\n\n\n<div data-wp-interactive=\"core\/file\" class=\"wp-block-file\"><object data-wp-bind--hidden=\"!state.hasPdfPreview\"  class=\"wp-block-file__embed\" data=\"http:\/\/gadoros.hu\/wp-content\/uploads\/2024\/05\/gadoros-2024-SFP-UP.pdf\" type=\"application\/pdf\" style=\"width:100%;height:900px\" aria-label=\"gadoros-2024-SFP-UP be\u00e1gyaz\u00e1sa\"><\/object><a id=\"wp-block-file--media-641e3c42-036e-45ff-a850-9ef3134e459c\" href=\"http:\/\/gadoros.hu\/wp-content\/uploads\/2024\/05\/gadoros-2024-SFP-UP.pdf\">gadoros-2024-SFP-UP<\/a><a href=\"http:\/\/gadoros.hu\/wp-content\/uploads\/2024\/05\/gadoros-2024-SFP-UP.pdf\" class=\"wp-block-file__button wp-element-button\" download aria-describedby=\"wp-block-file--media-641e3c42-036e-45ff-a850-9ef3134e459c\">Let\u00f6lt\u00e9s<\/a><\/div>\n","protected":false},"excerpt":{"rendered":"<p>G\u00e1doros SE TAO 2025 G\u00e1doros 2024 SFP j\u00f3v\u00e1hagy\u00f3 Hat\u00e1rozat gadoros 2024 SFP UP<\/p>\n","protected":false},"author":7,"featured_media":0,"parent":0,"menu_order":0,"comment_status":"closed","ping_status":"closed","template":"","meta":{"footnotes":""},"_links":{"self":[{"href":"http:\/\/gadoros.hu\/index.php?rest_route=\/wp\/v2\/pages\/5121"}],"collection":[{"href":"http:\/\/gadoros.hu\/index.php?rest_route=\/wp\/v2\/pages"}],"about":[{"href":"http:\/\/gadoros.hu\/index.php?rest_route=\/wp\/v2\/types\/page"}],"author":[{"embeddable":true,"href":"http:\/\/gadoros.hu\/index.php?rest_route=\/wp\/v2\/users\/7"}],"replies":[{"embeddable":true,"href":"http:\/\/gadoros.hu\/index.php?rest_route=%2Fwp%2Fv2%2Fcomments&post=5121"}],"version-history":[{"count":4,"href":"http:\/\/gadoros.hu\/index.php?rest_route=\/wp\/v2\/pages\/5121\/revisions"}],"predecessor-version":[{"id":7308,"href":"http:\/\/gadoros.hu\/index.php?rest_route=\/wp\/v2\/pages\/5121\/revisions\/7308"}],"wp:attachment":[{"href":"http:\/\/gadoros.hu\/index.php?rest_route=%2Fwp%2Fv2%2Fmedia&parent=5121"}],"curies":[{"name":"wp","href":"https:\/\/api.w.org\/{rel}","templated":true}]}}