{"id":4919,"date":"2024-04-23T14:28:38","date_gmt":"2024-04-23T12:28:38","guid":{"rendered":"http:\/\/www.gadoros.hu\/?page_id=4919"},"modified":"2024-04-23T14:37:35","modified_gmt":"2024-04-23T12:37:35","slug":"magyar-falu-program-kereteben-onkormanyzati-temetok-infrastrukturalis-fejlesztese-mfp-otif-2022-kodszamu-palyazat","status":"publish","type":"page","link":"http:\/\/gadoros.hu\/?page_id=4919","title":{"rendered":"Magyar Falu Program keret\u00e9ben  &#8222;\u00d6nkorm\u00e1nyzati temet\u0151k infrastruktur\u00e1lis fejleszt\u00e9se\u201d MFP-\u00d6TIF\/2022 k\u00f3dsz\u00e1m\u00fa p\u00e1ly\u00e1zat"},"content":{"rendered":"\t\t<div data-elementor-type=\"wp-page\" data-elementor-id=\"4919\" class=\"elementor elementor-4919\" data-elementor-post-type=\"page\">\n\t\t\t\t<div class=\"elementor-element elementor-element-33cff4d e-flex e-con-boxed e-con e-parent\" data-id=\"33cff4d\" data-element_type=\"container\" data-core-v316-plus=\"true\">\n\t\t\t\t\t<div class=\"e-con-inner\">\n\t\t\t\t<div class=\"elementor-element elementor-element-a211efe elementor-widget__width-initial elementor-widget elementor-widget-text-editor\" data-id=\"a211efe\" data-element_type=\"widget\" data-widget_type=\"text-editor.default\">\n\t\t\t\t<div class=\"elementor-widget-container\">\n\t\t\t<style>\/*! elementor - v3.20.0 - 10-04-2024 *\/\n.elementor-widget-text-editor.elementor-drop-cap-view-stacked .elementor-drop-cap{background-color:#69727d;color:#fff}.elementor-widget-text-editor.elementor-drop-cap-view-framed .elementor-drop-cap{color:#69727d;border:3px solid;background-color:transparent}.elementor-widget-text-editor:not(.elementor-drop-cap-view-default) .elementor-drop-cap{margin-top:8px}.elementor-widget-text-editor:not(.elementor-drop-cap-view-default) .elementor-drop-cap-letter{width:1em;height:1em}.elementor-widget-text-editor .elementor-drop-cap{float:left;text-align:center;line-height:1;font-size:50px}.elementor-widget-text-editor .elementor-drop-cap-letter{display:inline-block}<\/style>\t\t\t\t<p><em>Magyar Falu Program keret\u00e9ben\u00a0\u00a0&#8222;\u00d6nkorm\u00e1nyzati temet\u0151k infrastruktur\u00e1lis fejleszt\u00e9se\u201d\u00a0MFP-\u00d6TIF\/2022 k\u00f3dsz\u00e1m\u00fa p\u00e1ly\u00e1zat<\/em><\/p><p><strong>Kedvezm\u00e9nyezett neve: <\/strong>G\u00e1doros Nagyk\u00f6zs\u00e9g \u00d6nkorm\u00e1nyzata<\/p><p><strong>Projekt c\u00edme:<\/strong>\u00a0 G\u00e1dorosi k\u00f6ztemet\u0151 (hrsz: 2001) r\u00e9szleges j\u00e1rdafel\u00faj\u00edt\u00e1sa II. \u00fctem<\/p><p><strong>Projekt tartalma:<\/strong>\u00a0<\/p><p>G\u00e1doros Nagyk\u00f6zs\u00e9g \u00d6nkorm\u00e1nyzata, a k\u00f6ztemet\u0151 bels\u0151 k\u00f6zleked\u00e9si \u00fatj\u00e1nak \u00fajj\u00e1\u00e9p\u00edt\u00e9s\u00e9t tervezte megval\u00f3s\u00edtani. 110 fm hosszban \u00faj t\u00e9rk\u00f6ves j\u00e1rda \u00e9p\u00fclt kerti szeg\u00e9llyel. Az \u00faj \u00fatburkolat 275 m2 \u00e9s 6 cm vastags\u00e1g\u00fa t\u00e9rk\u0151 burkolattal k\u00e9sz\u00fclt el. A megl\u00e9v\u0151 temet\u0151i l\u00e1mp\u00e1k egy r\u00e9sze elbont\u00e1sra ker\u00fclt \u00e9s 3 db \u00faj l\u00e1mpa ker\u00fclt elhelyez\u00e9sre.<\/p><p><br \/><strong>T\u00e1mogat\u00e1s \u00f6sszege:<\/strong> 5.946.850,- Ft<br \/><br \/><strong>T\u00e1mogat\u00e1s m\u00e9rt\u00e9ke:\u00a0<\/strong>100%<br \/><br \/><strong>Megval\u00f3sul\u00e1s \u00e9ve:<\/strong>\u00a02024<\/p>\t\t\t\t\t\t<\/div>\n\t\t\t\t<\/div>\n\t\t\t\t\t<\/div>\n\t\t\t\t<\/div>\n\t\t<div class=\"elementor-element elementor-element-d8c5d85 e-flex e-con-boxed e-con e-parent\" data-id=\"d8c5d85\" data-element_type=\"container\" data-core-v316-plus=\"true\">\n\t\t\t\t\t<div class=\"e-con-inner\">\n\t\t\t\t<div class=\"elementor-element elementor-element-9613762 elementor-widget__width-initial elementor-absolute elementor-widget elementor-widget-image\" data-id=\"9613762\" data-element_type=\"widget\" data-settings=\"{&quot;_position&quot;:&quot;absolute&quot;}\" data-widget_type=\"image.default\">\n\t\t\t\t<div class=\"elementor-widget-container\">\n\t\t\t<style>\/*! elementor - v3.20.0 - 10-04-2024 *\/\n.elementor-widget-image{text-align:center}.elementor-widget-image a{display:inline-block}.elementor-widget-image a img[src$=\".svg\"]{width:48px}.elementor-widget-image img{vertical-align:middle;display:inline-block}<\/style>\t\t\t\t\t\t\t\t\t\t<img fetchpriority=\"high\" decoding=\"async\" width=\"289\" height=\"300\" src=\"http:\/\/gadoros.hu\/wp-content\/uploads\/2023\/12\/image.png\" class=\"attachment-2048x2048 size-2048x2048 wp-image-4294\" alt=\"\" \/>\t\t\t\t\t\t\t\t\t\t\t\t\t<\/div>\n\t\t\t\t<\/div>\n\t\t\t\t\t<\/div>\n\t\t\t\t<\/div>\n\t\t\t\t<\/div>\n\t\t","protected":false},"excerpt":{"rendered":"<p>Magyar Falu Program keret\u00e9ben\u00a0\u00a0&#8222;\u00d6nkorm\u00e1nyzati temet\u0151k infrastruktur\u00e1lis fejleszt\u00e9se\u201d\u00a0MFP-\u00d6TIF\/2022 k\u00f3dsz\u00e1m\u00fa p\u00e1ly\u00e1zat Kedvezm\u00e9nyezett neve: G\u00e1doros Nagyk\u00f6zs\u00e9g \u00d6nkorm\u00e1nyzata Projekt c\u00edme:\u00a0 G\u00e1dorosi k\u00f6ztemet\u0151 (hrsz: 2001) r\u00e9szleges j\u00e1rdafel\u00faj\u00edt\u00e1sa II. \u00fctem Projekt tartalma:\u00a0 G\u00e1doros Nagyk\u00f6zs\u00e9g \u00d6nkorm\u00e1nyzata, a k\u00f6ztemet\u0151 bels\u0151 k\u00f6zleked\u00e9si \u00fatj\u00e1nak \u00fajj\u00e1\u00e9p\u00edt\u00e9s\u00e9t tervezte megval\u00f3s\u00edtani. 110 fm hosszban \u00faj t\u00e9rk\u00f6ves j\u00e1rda \u00e9p\u00fclt kerti szeg\u00e9llyel. Az \u00faj \u00fatburkolat 275 m2 \u00e9s 6 cm vastags\u00e1g\u00fa [&hellip;]<\/p>\n","protected":false},"author":7,"featured_media":0,"parent":0,"menu_order":0,"comment_status":"closed","ping_status":"closed","template":"","meta":{"footnotes":""},"class_list":["post-4919","page","type-page","status-publish","hentry"],"_links":{"self":[{"href":"http:\/\/gadoros.hu\/index.php?rest_route=\/wp\/v2\/pages\/4919"}],"collection":[{"href":"http:\/\/gadoros.hu\/index.php?rest_route=\/wp\/v2\/pages"}],"about":[{"href":"http:\/\/gadoros.hu\/index.php?rest_route=\/wp\/v2\/types\/page"}],"author":[{"embeddable":true,"href":"http:\/\/gadoros.hu\/index.php?rest_route=\/wp\/v2\/users\/7"}],"replies":[{"embeddable":true,"href":"http:\/\/gadoros.hu\/index.php?rest_route=%2Fwp%2Fv2%2Fcomments&post=4919"}],"version-history":[{"count":4,"href":"http:\/\/gadoros.hu\/index.php?rest_route=\/wp\/v2\/pages\/4919\/revisions"}],"predecessor-version":[{"id":4925,"href":"http:\/\/gadoros.hu\/index.php?rest_route=\/wp\/v2\/pages\/4919\/revisions\/4925"}],"wp:attachment":[{"href":"http:\/\/gadoros.hu\/index.php?rest_route=%2Fwp%2Fv2%2Fmedia&parent=4919"}],"curies":[{"name":"wp","href":"https:\/\/api.w.org\/{rel}","templated":true}]}}