{"id":483,"date":"2014-05-26T17:42:17","date_gmt":"2014-05-26T17:42:17","guid":{"rendered":"http:\/\/test.gadoros.hu\/?page_id=483"},"modified":"2025-01-10T10:19:09","modified_gmt":"2025-01-10T09:19:09","slug":"alapito-okiratok","status":"publish","type":"page","link":"http:\/\/gadoros.hu\/?page_id=483","title":{"rendered":"Alap\u00edt\u00f3 Okiratok"},"content":{"rendered":"<p><a href=\"http:\/\/gadoros.hu\/wp-content\/uploads\/2024\/05\/polg_hiv_alapito.pdf\">Polg\u00e1rmesteri alap\u00edt\u00f3 okiratok<\/a><\/p>\n<p><a href=\"http:\/\/gadoros.hu\/wp-content\/uploads\/2024\/05\/rendeletek_alapito.pdf\">Rendeletek alap\u00edt\u00f3 okiratok<\/a><\/p>\n<p><a href=\"http:\/\/gadoros.hu\/wp-content\/uploads\/2024\/05\/Gadoros-Nagykozseg-Onkormanyzata-Kepviselo-testuletenek-Justh-Zsigmond-Muvelodesi-Haza-es-Konyvtara-Alapito-okirat-2020.pdf\">Justh Zsigmond M\u0171vel\u0151d\u00e9si h\u00e1z \u00e9s k\u00f6nyvt\u00e1r alap\u00edt\u00f3 okiratok<\/a><\/p>\n<p><a href=\"http:\/\/gadoros.hu\/wp-content\/uploads\/2024\/05\/Manoliget-alapito-okirat-2024.pdf\">Man\u00f3liget alap\u00edt\u00f3 okirat<\/a><\/p>\n<p><a href=\"http:\/\/gadoros.hu\/wp-content\/uploads\/2024\/05\/Gu00e1doros-Nagyku00f6zsu00e9g-u00d6nkormu00e1nyzata-Ku00e9pviselu0151-trstu00fcletu00e9nek-Gondozu00e1si-Ku00f6zpontja.pdf\">Gondoz\u00e1si K\u00f6zpont alap\u00edt\u00f3 okiratok<\/a><\/p>\n<p><a href=\"http:\/\/gadoros.hu\/wp-content\/uploads\/2024\/05\/iskola_alapito.pdf\">Iskola alap\u00edt\u00f3 okirat<\/a><\/p>\n","protected":false},"excerpt":{"rendered":"<p>Polg\u00e1rmesteri alap\u00edt\u00f3 okiratok Rendeletek alap\u00edt\u00f3 okiratok Justh Zsigmond M\u0171vel\u0151d\u00e9si h\u00e1z \u00e9s k\u00f6nyvt\u00e1r alap\u00edt\u00f3 okiratok Man\u00f3liget alap\u00edt\u00f3 okirat Gondoz\u00e1si K\u00f6zpont alap\u00edt\u00f3 okiratok Iskola alap\u00edt\u00f3 okirat<\/p>\n","protected":false},"author":1,"featured_media":0,"parent":0,"menu_order":0,"comment_status":"closed","ping_status":"closed","template":"","meta":{"footnotes":""},"class_list":["post-483","page","type-page","status-publish","hentry"],"_links":{"self":[{"href":"http:\/\/gadoros.hu\/index.php?rest_route=\/wp\/v2\/pages\/483"}],"collection":[{"href":"http:\/\/gadoros.hu\/index.php?rest_route=\/wp\/v2\/pages"}],"about":[{"href":"http:\/\/gadoros.hu\/index.php?rest_route=\/wp\/v2\/types\/page"}],"author":[{"embeddable":true,"href":"http:\/\/gadoros.hu\/index.php?rest_route=\/wp\/v2\/users\/1"}],"replies":[{"embeddable":true,"href":"http:\/\/gadoros.hu\/index.php?rest_route=%2Fwp%2Fv2%2Fcomments&post=483"}],"version-history":[{"count":6,"href":"http:\/\/gadoros.hu\/index.php?rest_route=\/wp\/v2\/pages\/483\/revisions"}],"predecessor-version":[{"id":5337,"href":"http:\/\/gadoros.hu\/index.php?rest_route=\/wp\/v2\/pages\/483\/revisions\/5337"}],"wp:attachment":[{"href":"http:\/\/gadoros.hu\/index.php?rest_route=%2Fwp%2Fv2%2Fmedia&parent=483"}],"curies":[{"name":"wp","href":"https:\/\/api.w.org\/{rel}","templated":true}]}}