{"id":479,"date":"2014-05-26T17:20:07","date_gmt":"2014-05-26T17:20:07","guid":{"rendered":"http:\/\/test.gadoros.hu\/?page_id=479"},"modified":"2014-05-28T08:27:50","modified_gmt":"2014-05-28T08:27:50","slug":"lakascelu-tamogatasok","status":"publish","type":"page","link":"http:\/\/gadoros.hu\/?page_id=479","title":{"rendered":"Lak\u00e1sc\u00e9l\u00fa t\u00e1mogat\u00e1sok"},"content":{"rendered":"<p style=\"text-align: center;\"><strong>T\u00e1j\u00e9koztat\u00f3<br \/>\n<\/strong><strong>Lak\u00e1sc\u00e9l\u00fa t\u00e1mogat\u00e1sok ig\u00e9nybev\u00e9tel\u00e9hez<\/strong><\/p>\n<p><strong>Az \u00f6nkorm\u00e1nyzat \u00e1ltal ny\u00fajthat\u00f3 lak\u00e1sc\u00e9l\u00fa t\u00e1mogat\u00e1sok:<\/strong><\/p>\n<ol>\n<li>vissza nem t\u00e9r\u00edtend\u0151 t\u00e1mogat\u00e1s,<\/li>\n<li>kamatmentes k\u00f6lcs\u00f6n,<\/li>\n<\/ol>\n<p><strong>Vissza nem t\u00e9r\u00edtend\u0151 t\u00e1mogat\u00e1s<\/strong><\/p>\n<p>(1) Vissza nem t\u00e9r\u00edtend\u0151 t\u00e1mogat\u00e1s ny\u00fajthat\u00f3 annak a szem\u00e9lynek, csal\u00e1dnak, aki<\/p>\n<ol>\n<li>lak\u00f3telket, lak\u00e1st v\u00e1s\u00e1rol vagy lak\u00e1st \u00e9p\u00edt \u00e9s<\/li>\n<li>mag\u00e1nak, h\u00e1zast\u00e1rs\u00e1nak, \u00e9lett\u00e1rs\u00e1nak \u00e9s kiskor\u00fa gyermek\u00e9nek, egy\u00fctt k\u00f6lt\u00f6z\u0151 csal\u00e1dtagjainak lak\u00e1stulajdona soha nem volt, \u00e9s jelenleg sincs.<\/li>\n<\/ol>\n<p>(2) A t\u00e1mogat\u00e1s egy szem\u00e9ly vagy csal\u00e1d r\u00e9sz\u00e9re maximum 200.000 Ft \u00f6sszegben \u00e1llap\u00edthat\u00f3 meg, a r\u00e1szorults\u00e1g m\u00e9rt\u00e9k\u00e9t\u0151l f\u00fcgg\u0151en.<\/p>\n<p>(3) R\u00e1szorultnak tekinthet\u0151 az a k\u00e9relmez\u0151, akinek a h\u00e1ztart\u00e1s\u00e1ban az egy f\u0151re es\u0151 havi nett\u00f3 j\u00f6vedelme nem haladja meg a munkaviszony alapj\u00e1n meg\u00e1llap\u00edtott \u00f6regs\u00e9gi nyugd\u00edj mindenkori legkisebb \u00f6sszeg\u00e9t.<\/p>\n<p>Vissza nem t\u00e9r\u00edtend\u0151 t\u00e1mogat\u00e1s eset\u00e9n a Polg\u00e1rmesteri Hivatal jav\u00e1ra 5 \u00e9ves id\u0151tartamra elidegen\u00edt\u00e9si \u00e9s terhel\u00e9si tilalom jegyezhet\u0151 be a t\u00e1mogat\u00e1ssal \u00e9rintett ingatlanra. A t\u00e1mogat\u00e1s foly\u00f3s\u00edt\u00e1s\u00e1nak felt\u00e9tele a t\u00e1mogatott szem\u00e9ly(ek) bejegyz\u00e9shez val\u00f3 hozz\u00e1j\u00e1rul\u00e1sa.<\/p>\n<p><strong>Kamatmentes k\u00f6lcs\u00f6n<\/strong><\/p>\n<p>(1) Kamatmentes k\u00f6lcs\u00f6n ny\u00fajthat\u00f3:<\/p>\n<ol>\n<li>lak\u00e1s \u00e9p\u00edt\u00e9s\u00e9hez vagy v\u00e1s\u00e1rl\u00e1s\u00e1hoz<\/li>\n<li>az ig\u00e9nyl\u0151 tulajdon\u00e1ban l\u00e9v\u0151 lak\u00e1s b\u0151v\u00edt\u00e9s\u00e9hez<\/li>\n<li>min\u0151s\u00e9gi lak\u00e1scser\u00e9hez<\/li>\n<li>az ig\u00e9nyl\u0151 tulajdon\u00e1ban l\u00e9v\u0151 lak\u00e1s korszer\u0171s\u00edt\u00e9s\u00e9hez, fel\u00faj\u00edt\u00e1s\u00e1hoz, karbantart\u00e1s\u00e1hoz.<\/li>\n<\/ol>\n<p>(2) Kamatmentes k\u00f6lcs\u00f6nt vehet ig\u00e9nybe lak\u00e1sszerz\u00e9s\u00e9hez az is, akinek mag\u00e1nak, h\u00e1zast\u00e1rs\u00e1nak, \u00e9lett\u00e1rs\u00e1nak, kiskor\u00fa gyermek\u00e9nek, egy\u00fctt k\u00f6lt\u00f6z\u0151 csal\u00e1dtagj\u00e1nak tulajdon\u00e1ban egy\u00fcttesen legfeljebb egy lak\u00e1s fele van.<\/p>\n<p>(3) A kamatmentes k\u00f6lcs\u00f6n maximum 250.000 Ft \u00f6sszegben ny\u00fajthat\u00f3, a r\u00e1szorults\u00e1g m\u00e9rt\u00e9k\u00e9t\u0151l f\u00fcgg\u0151en.<\/p>\n<p>(4) A k\u00f6lcs\u00f6nt a szerz\u0151d\u00e9s al\u00e1\u00edr\u00e1s\u00e1t\u00f3l sz\u00e1m\u00edtott 5 \u00e9v alatt kell visszafizetni.<\/p>\n<p>(5) A k\u00f6lcs\u00f6nt havonta, egyenl\u0151 r\u00e9szletben kell megfizetni minden h\u00f3nap 10. napj\u00e1ig. Az els\u0151 r\u00e9szlet esed\u00e9kess\u00e9ge a foly\u00f3s\u00edt\u00e1st k\u00f6vet\u0151 m\u00e1sodik h\u00f3nap 10. napja.<\/p>\n<p>&nbsp;<\/p>\n<p><strong>Jogosults\u00e1g k\u00f6z\u00f6s szab\u00e1lyai<\/strong><\/p>\n<p>(1) E rendeletben szab\u00e1lyozott lak\u00e1sc\u00e9l\u00fa t\u00e1mogat\u00e1st azok a szem\u00e9lyek, vagy csal\u00e1dok vehetik ig\u00e9nybe, ahol az egy f\u0151re es\u0151 j\u00f6vedelem nem haladja meg az \u00f6regs\u00e9gi nyugd\u00edj mindenkori legkisebb \u00f6sszeg\u00e9nek<\/p>\n<ol>\n<li>gyermektelen csal\u00e1dok eset\u00e9ben 300 %-\u00e1t,<\/li>\n<li>egy gyermekes csal\u00e1dok eset\u00e9ben 250 %-\u00e1t,<\/li>\n<li>kett\u0151 \u00e9s t\u00f6bb gyermekes csal\u00e1dok eset\u00e9ben 220 %-\u00e1t.<\/li>\n<\/ol>\n<p>(2) Nem t\u00e1mogathat\u00f3 az egy\u00e9b felt\u00e9telek fenn\u00e1ll\u00e1sa eset\u00e9n sem az az ig\u00e9nyl\u0151,<\/p>\n<ol>\n<li>akinek az orsz\u00e1g ter\u00fclet\u00e9n \u00fcd\u00fcl\u0151telke, h\u00e9tv\u00e9gi h\u00e1za vagy \u00fcd\u00fcl\u0151je van,<\/li>\n<li>aki a tulajdonban l\u00e9v\u0151 lak\u00e1s\u00e1t b\u00e9rbead\u00e1s \u00fatj\u00e1n hasznos\u00edtja,<\/li>\n<li>aki b\u00e9r, vagy szolg\u00e1lati lak\u00e1s\u00e1t kedvezm\u00e9nyes felt\u00e9telekkel v\u00e1s\u00e1rolhatja meg,<\/li>\n<li>aki els\u0151 lak\u00e1sig\u00e9ny\u00e9t lakott \u00e1llapotban l\u00e9v\u0151 lak\u00e1s megv\u00e1s\u00e1rl\u00e1s\u00e1val k\u00edv\u00e1nja kiel\u00e9g\u00edteni.<\/li>\n<\/ol>\n<p>(3) Abban az esetben, ha a t\u00e1mogat\u00e1ssal \u00e9rintett ingatlant a t\u00e1mogatott a szerz\u0151d\u00e9s megk\u00f6t\u00e9s\u00e9t\u0151l sz\u00e1m\u00edtott 5 \u00e9ven bel\u00fcl elidegen\u00edti vagy b\u00e9rbe adja, k\u00f6teles: a kamatmentes k\u00f6lcs\u00f6n m\u00e9g le nem t\u00f6rlesztett \u00f6sszeg\u00e9t az elidegen\u00edt\u00e9s, illetve a b\u00e9rbead\u00e1s napj\u00e1t k\u00f6vet\u0151 8 napon bel\u00fcl visszafizetni.<\/p>\n<p>&nbsp;<\/p>\n<p><strong>Elj\u00e1r\u00e1si szab\u00e1lyok<\/strong><\/p>\n<p>(1) A lak\u00e1sc\u00e9l\u00fa t\u00e1mogat\u00e1sok ir\u00e1nti k\u00e9relmet a Polg\u00e1rmesteri Hivataln\u00e1l kell beny\u00fajtani.<\/p>\n<p>(2) A k\u00e9relemhez csatolni kell:<\/p>\n<ol>\n<li>lak\u00e1s\u00e9p\u00edt\u00e9s \u00e9s b\u0151v\u00edt\u00e9s eset\u00e9n a k\u00f6lts\u00e9gvet\u00e9st \u00e9s az \u00e9p\u00edt\u00e9si enged\u00e9lyt,<\/li>\n<li>lak\u00e1sv\u00e1s\u00e1rl\u00e1s \u00e9s min\u0151s\u00e9gi lak\u00e1scsere eset\u00e9n az ad\u00e1sv\u00e9teli szerz\u0151d\u00e9s egy p\u00e9ld\u00e1ny\u00e1t<\/li>\n<li>lak\u00e1skorszer\u0171s\u00edt\u00e9s, -fel\u00faj\u00edt\u00e1s, &#8211; karbantart\u00e1s eset\u00e9n a tulajdoni lap m\u00e1solatot \u00e9s a k\u00f6lts\u00e9gvet\u00e9st,<\/li>\n<li>minden lak\u00e1sc\u00e9l\u00fa t\u00e1mogat\u00e1s ir\u00e1nti k\u00e9relemhez j\u00f6vedelem \u00e9s vagyonnyilatkozatot,<\/li>\n<li>ha a b\u0151v\u00edteni, megv\u00e1s\u00e1rolni, fel\u00faj\u00edtani, korszer\u0171s\u00edteni, karbantartani k\u00edv\u00e1nt ingatlan tulajdoni lapj\u00e1n b\u00e1rmilyen hitelint\u00e9zetnek vagy egy\u00e9b m\u00e1s k\u00f6lcs\u00f6nt, tartoz\u00e1st bejegyz\u0151 c\u00e9gnek a jav\u00e1ra jelz\u00e1logjog van bejegyezve, a hozz\u00e1j\u00e1rul\u00f3 vagy elutas\u00edt\u00f3 nyilatkozat\u00e1t arr\u00f3l, hogy az \u0151ket k\u00f6vet\u0151 sorrendben az \u00d6nkorm\u00e1nyzat is bejegyeztesse a jelz\u00e1logjogot.<\/li>\n<li>k\u00e9t k\u00e9szfizet\u0151 kezes kezess\u00e9gv\u00e1llal\u00f3 nyilatkozat\u00e1t \u00e9s azok j\u00f6vedelemigazol\u00e1sait.<\/li>\n<\/ol>\n<p>(3) Amennyiben a p\u00e9nzint\u00e9zet, hitelint\u00e9zet a jelz\u00e1logjog-bejegyz\u00e9shez igazoltan nem adja hozz\u00e1j\u00e1rul\u00e1s\u00e1t, a K\u00e9pvisel\u0151-test\u00fclet d\u00f6nt arr\u00f3l, hogy az ig\u00e9nyl\u0151 r\u00e9szes\u00fclhet-e lak\u00e1sc\u00e9l\u00fa t\u00e1mogat\u00e1sban.<\/p>\n<p>A t\u00e1mogat\u00e1s ir\u00e1nti k\u00e9relmeket a K\u00e9pvisel\u0151-test\u00fclet minden \u00e9v m\u00e1rcius, j\u00fanius, szeptember \u00e9s november h\u00f3napj\u00e1ban b\u00edr\u00e1lja el a polg\u00e1rmester el\u0151terjeszt\u00e9s alapj\u00e1n.<br \/>\n<strong>Kapcsol\u00f3d\u00f3 jogszab\u00e1lyok:<\/strong><\/p>\n<p>G\u00e1doros Nagyk\u00f6zs\u00e9gi \u00d6nkorm\u00e1nyzat K\u00e9pvisel\u0151-test\u00fclet\u00e9nek 7\/2005. (III. 25.) KT. sz\u00e1m\u00fa rendelete<\/p>\n<table>\n<tbody>\n<tr>\n<td width=\"765\"><strong>\u00dcgyint\u00e9z\u00e9si Id\u0151:<\/strong>\u00a0a test\u00fcleti d\u00f6nt\u00e9st\u0151l sz\u00e1m\u00edtott 22 munkanap.<\/p>\n<p><strong>Jogorvoslat:<\/strong>\u00a0A hat\u00e1rozat ellen \u00e1llamigazgat\u00e1si \u00faton fellebbez\u00e9snek helye nincs, a hat\u00e1rozat fel\u00fclvizsg\u00e1lat\u00e1t jogszab\u00e1lys\u00e9rt\u00e9sre\u00a0hivatkoz\u00e1ssal a\u00a0\u00a0Gyulai Megyei B\u00edr\u00f3s\u00e1gt\u00f3l lehet k\u00e9rni a hat\u00e1rozat k\u00e9zhezv\u00e9tel\u00e9t\u0151l sz\u00e1m\u00edtott 30 napon bel\u00fcl.<\/p>\n<p>&nbsp;<\/p>\n<p><strong>Az \u00fcgyint\u00e9z\u00e9s helye:\u00a0<\/strong>5932 G\u00e1doros, Kossuth utca 16 \u00a0\u00a0\u00a01.em. 11. sz\u00e1m\u00fa iroda<\/p>\n<p><strong>\u00dcgyint\u00e9z\u0151:<\/strong><strong>\u00a0<\/strong>Czingl\u00e9r Csaba<\/td>\n<\/tr>\n<\/tbody>\n<\/table>\n","protected":false},"excerpt":{"rendered":"<p>T\u00e1j\u00e9koztat\u00f3 Lak\u00e1sc\u00e9l\u00fa t\u00e1mogat\u00e1sok ig\u00e9nybev\u00e9tel\u00e9hez Az \u00f6nkorm\u00e1nyzat \u00e1ltal ny\u00fajthat\u00f3 lak\u00e1sc\u00e9l\u00fa t\u00e1mogat\u00e1sok: vissza nem t\u00e9r\u00edtend\u0151 t\u00e1mogat\u00e1s, kamatmentes k\u00f6lcs\u00f6n, Vissza nem t\u00e9r\u00edtend\u0151 t\u00e1mogat\u00e1s (1) Vissza nem t\u00e9r\u00edtend\u0151 t\u00e1mogat\u00e1s ny\u00fajthat\u00f3 annak a szem\u00e9lynek, csal\u00e1dnak, aki lak\u00f3telket, lak\u00e1st v\u00e1s\u00e1rol vagy lak\u00e1st \u00e9p\u00edt \u00e9s mag\u00e1nak, h\u00e1zast\u00e1rs\u00e1nak, \u00e9lett\u00e1rs\u00e1nak \u00e9s kiskor\u00fa gyermek\u00e9nek, egy\u00fctt k\u00f6lt\u00f6z\u0151 csal\u00e1dtagjainak lak\u00e1stulajdona soha nem volt, \u00e9s jelenleg sincs. (2) [&hellip;]<\/p>\n","protected":false},"author":1,"featured_media":0,"parent":476,"menu_order":0,"comment_status":"closed","ping_status":"closed","template":"","meta":{"footnotes":""},"_links":{"self":[{"href":"http:\/\/gadoros.hu\/index.php?rest_route=\/wp\/v2\/pages\/479"}],"collection":[{"href":"http:\/\/gadoros.hu\/index.php?rest_route=\/wp\/v2\/pages"}],"about":[{"href":"http:\/\/gadoros.hu\/index.php?rest_route=\/wp\/v2\/types\/page"}],"author":[{"embeddable":true,"href":"http:\/\/gadoros.hu\/index.php?rest_route=\/wp\/v2\/users\/1"}],"replies":[{"embeddable":true,"href":"http:\/\/gadoros.hu\/index.php?rest_route=%2Fwp%2Fv2%2Fcomments&post=479"}],"version-history":[{"count":2,"href":"http:\/\/gadoros.hu\/index.php?rest_route=\/wp\/v2\/pages\/479\/revisions"}],"predecessor-version":[{"id":499,"href":"http:\/\/gadoros.hu\/index.php?rest_route=\/wp\/v2\/pages\/479\/revisions\/499"}],"up":[{"embeddable":true,"href":"http:\/\/gadoros.hu\/index.php?rest_route=\/wp\/v2\/pages\/476"}],"wp:attachment":[{"href":"http:\/\/gadoros.hu\/index.php?rest_route=%2Fwp%2Fv2%2Fmedia&parent=479"}],"curies":[{"name":"wp","href":"https:\/\/api.w.org\/{rel}","templated":true}]}}