{"id":468,"date":"2014-05-26T17:00:20","date_gmt":"2014-05-26T17:00:20","guid":{"rendered":"http:\/\/test.gadoros.hu\/?page_id=468"},"modified":"2019-12-23T08:19:36","modified_gmt":"2019-12-23T08:19:36","slug":"polgarmesteri-hivatal-koszonto","status":"publish","type":"page","link":"http:\/\/gadoros.hu\/?page_id=468","title":{"rendered":"Polg\u00e1rmesteri Hivatal"},"content":{"rendered":"<h1 align=\"center\">Polg\u00e1rmesteri k\u00f6sz\u00f6nt\u0151<\/h1>\n<p>Felt\u00f6lt\u00e9s alatt!<\/p>\n","protected":false},"excerpt":{"rendered":"<p>Polg\u00e1rmesteri k\u00f6sz\u00f6nt\u0151 Felt\u00f6lt\u00e9s alatt!<\/p>\n","protected":false},"author":1,"featured_media":0,"parent":0,"menu_order":0,"comment_status":"closed","ping_status":"closed","template":"","meta":{"footnotes":""},"_links":{"self":[{"href":"http:\/\/gadoros.hu\/index.php?rest_route=\/wp\/v2\/pages\/468"}],"collection":[{"href":"http:\/\/gadoros.hu\/index.php?rest_route=\/wp\/v2\/pages"}],"about":[{"href":"http:\/\/gadoros.hu\/index.php?rest_route=\/wp\/v2\/types\/page"}],"author":[{"embeddable":true,"href":"http:\/\/gadoros.hu\/index.php?rest_route=\/wp\/v2\/users\/1"}],"replies":[{"embeddable":true,"href":"http:\/\/gadoros.hu\/index.php?rest_route=%2Fwp%2Fv2%2Fcomments&post=468"}],"version-history":[{"count":4,"href":"http:\/\/gadoros.hu\/index.php?rest_route=\/wp\/v2\/pages\/468\/revisions"}],"predecessor-version":[{"id":1951,"href":"http:\/\/gadoros.hu\/index.php?rest_route=\/wp\/v2\/pages\/468\/revisions\/1951"}],"wp:attachment":[{"href":"http:\/\/gadoros.hu\/index.php?rest_route=%2Fwp%2Fv2%2Fmedia&parent=468"}],"curies":[{"name":"wp","href":"https:\/\/api.w.org\/{rel}","templated":true}]}}