{"id":449,"date":"2014-05-26T16:31:24","date_gmt":"2014-05-26T16:31:24","guid":{"rendered":"http:\/\/test.gadoros.hu\/?page_id=449"},"modified":"2022-06-27T10:22:29","modified_gmt":"2022-06-27T08:22:29","slug":"szervezeti-felepites-2","status":"publish","type":"page","link":"http:\/\/gadoros.hu\/?page_id=449","title":{"rendered":"Szervezeti Fel\u00e9p\u00edt\u00e9s"},"content":{"rendered":"\n<div class=\"wp-block-image\"><figure class=\"aligncenter\"><img loading=\"lazy\" decoding=\"async\" width=\"640\" height=\"452\" src=\"http:\/\/gadoros.hu\/wp-content\/uploads\/2020\/04\/felepites5.jpg\" alt=\"\" class=\"wp-image-2184\" srcset=\"http:\/\/gadoros.hu\/wp-content\/uploads\/2020\/04\/felepites5.jpg 640w, http:\/\/gadoros.hu\/wp-content\/uploads\/2020\/04\/felepites5-300x212.jpg 300w, http:\/\/gadoros.hu\/wp-content\/uploads\/2020\/04\/felepites5-624x441.jpg 624w\" sizes=\"(max-width: 640px) 100vw, 640px\" \/><\/figure><\/div>\n\n\n\n<table class=\"wp-block-table MsoNormalTable\"><tbody><tr><td>\n<p class=\"MsoNormal\"><strong><span style=\"font-size: 10pt; font-family: 'Arial','sans-serif';\">Munkat\u00e1rsaink:<\/span><\/strong><\/p>\n<\/td><td>\n<p class=\"MsoNormal\">&nbsp;<\/p>\n<\/td><\/tr><tr><td>\n<p class=\"MsoNormal\">&nbsp;<\/p>\n<\/td><td>\n<p class=\"MsoNormal\">&nbsp;<\/p>\n<\/td><\/tr><tr><td>\n<p class=\"MsoNormal\"><span style=\"text-decoration: underline;\"><span style=\"font-size: 10pt; font-family: 'Arial','sans-serif';\">Igazgat\u00e1si Csoport<\/span><\/span><\/p>\n<\/td><td>\n<p class=\"MsoNormal\">&nbsp;<\/p>\n<\/td><\/tr><tr><td>\n<p class=\"MsoNormal\"><span style=\"font-size: 10pt; font-family: 'Arial','sans-serif';\">T\u00f3th Tibor<\/span><\/p>\n<\/td><td>\n<p class=\"MsoNormal\"><span style=\"font-size: 10pt; font-family: 'Arial','sans-serif';\">68\/490-001 mell\u00e9k:22<\/span><\/p>\n<\/td><\/tr><tr><td>\n<p class=\"MsoNormal\"><span style=\"font-size: 10pt; font-family: 'Arial','sans-serif';\">Vida Melinda<\/span><\/p>\n<\/td><td>\n<p class=\"MsoNormal\"><span style=\"font-size: 10pt; font-family: 'Arial','sans-serif';\">68\/490-001 mell\u00e9k:18<\/span><\/p>\n<\/td><\/tr><tr><td>\n<p class=\"MsoNormal\">&nbsp;<\/p>\n<\/td><td>\n<p class=\"MsoNormal\">&nbsp;<\/p>\n<\/td><\/tr><tr><td>\n<p class=\"MsoNormal\"><span style=\"text-decoration: underline;\"><span style=\"font-size: 10pt; font-family: 'Arial','sans-serif';\">Hagyat\u00e9k<\/span><\/span><\/p>\n<\/td><td>\n<p class=\"MsoNormal\">&nbsp;<\/p>\n<\/td><\/tr><tr><td>\n<p class=\"MsoNormal\"><span style=\"font-size: 10pt; font-family: 'Arial','sans-serif';\">T\u00f3th Tibor<\/span><\/p>\n<\/td><td>\n<p class=\"MsoNormal\"><span style=\"font-size: 10pt; font-family: 'Arial','sans-serif';\">68\/490-001 mell\u00e9k:22<\/span><\/p>\n<\/td><\/tr><tr><td>\n<p class=\"MsoNormal\">&nbsp;<\/p>\n<\/td><td>\n<p class=\"MsoNormal\">&nbsp;<\/p>\n<\/td><\/tr><tr><td><\/td><td><\/td><\/tr><tr><td>\n<p class=\"MsoNormal\"><span style=\"text-decoration: underline;\"><span style=\"font-size: 10pt; font-family: 'Arial','sans-serif';\">P\u00e9nz\u00fcgyi csoport:<\/span><\/span><\/p>\n<\/td><td>\n<p class=\"MsoNormal\">&nbsp;<\/p>\n<\/td><\/tr><tr><td>\n<p class=\"MsoNormal\"><span style=\"font-size: 10pt; font-family: 'Arial','sans-serif';\">L\u00edbor Zsoltn\u00e9<\/span><\/p>\n<\/td><td>\n<p class=\"MsoNormal\"><span style=\"font-size: 9pt; font-family: 'Verdana','sans-serif';\">68\/490-001 mell\u00e9k:19 <\/span><\/p>\n<\/td><\/tr><tr><td> <p class=\"MsoNormal\"><span style=\"font-size: 9pt; font-family: 'Verdana','sans-serif';\"><br><\/span><\/p> <\/td><\/tr><tr><td>\n<p class=\"MsoNormal\"><span style=\"font-size: 10pt; font-family: 'Arial','sans-serif';\">Barcsik Andr\u00e1s<\/span><\/p>\n<\/td><td>  68\/490-001 mell\u00e9k:21  <\/td><\/tr><tr><td><br>Birk\u00e1sn\u00e9 Putnoki \u00c1gnes<br><br><\/td><td><\/td><\/tr><tr><td>\n<p class=\"MsoNormal\">&nbsp;<\/p>\n<\/td><td>\n<p class=\"MsoNormal\">&nbsp;<\/p>\n<\/td><\/tr><tr><td>\n<p class=\"MsoNormal\"><span style=\"text-decoration: underline;\"><span style=\"font-size: 10pt; font-family: 'Arial','sans-serif';\">Ad\u00f3 \u00fcgyek:<\/span><\/span><\/p>\n<\/td><td>\n<p class=\"MsoNormal\">&nbsp;<\/p>\n<\/td><\/tr><tr><td>\n<p class=\"MsoNormal\"><span style=\"font-size: 10pt; font-family: 'Arial','sans-serif';\">Szamosk\u00f6zi Anna M\u00e1ria<\/span><\/p>\n<\/td><td>\n<p class=\"MsoNormal\"><span style=\"font-size: 10pt; font-family: 'Arial','sans-serif';\">68\/490-001 mell\u00e9k:15<\/span><\/p>\n<\/td><\/tr><tr><td>\n<p class=\"MsoNormal\">&nbsp;<\/p>\n<\/td><td>\n<p class=\"MsoNormal\">&nbsp;<\/p>\n<\/td><\/tr><tr><td>\n<p class=\"MsoNormal\"><span style=\"font-size: 10pt; font-family: 'Arial','sans-serif';\"><span style=\"text-decoration: underline;\">Titk\u00e1rs\u00e1g<\/span><\/span><\/p>\n<\/td><td><span style=\"font-size: 9pt; font-family: 'Verdana','sans-serif';\">68\/490-331 <\/span><\/td><\/tr><tr><td>\n<p class=\"MsoNormal\"><span style=\"font-size: 10pt; font-family: 'Arial','sans-serif';\">N\u00e9meth L\u00e1szl\u00f3n\u00e9<\/span><\/p>\n<\/td><td>&nbsp;<\/td><\/tr><\/tbody><\/table>\n","protected":false},"excerpt":{"rendered":"<p>Munkat\u00e1rsaink: &nbsp; &nbsp; &nbsp; Igazgat\u00e1si Csoport &nbsp; T\u00f3th Tibor 68\/490-001 mell\u00e9k:22 Vida Melinda 68\/490-001 mell\u00e9k:18 &nbsp; &nbsp; Hagyat\u00e9k &nbsp; T\u00f3th Tibor 68\/490-001 mell\u00e9k:22 &nbsp; &nbsp; P\u00e9nz\u00fcgyi csoport: &nbsp; L\u00edbor Zsoltn\u00e9 68\/490-001 mell\u00e9k:19 Barcsik Andr\u00e1s 68\/490-001 mell\u00e9k:21 Birk\u00e1sn\u00e9 Putnoki \u00c1gnes &nbsp; &nbsp; Ad\u00f3 \u00fcgyek: &nbsp; Szamosk\u00f6zi Anna M\u00e1ria 68\/490-001 mell\u00e9k:15 &nbsp; &nbsp; Titk\u00e1rs\u00e1g 68\/490-331 N\u00e9meth L\u00e1szl\u00f3n\u00e9 [&hellip;]<\/p>\n","protected":false},"author":1,"featured_media":0,"parent":0,"menu_order":0,"comment_status":"closed","ping_status":"closed","template":"","meta":{"footnotes":""},"_links":{"self":[{"href":"http:\/\/gadoros.hu\/index.php?rest_route=\/wp\/v2\/pages\/449"}],"collection":[{"href":"http:\/\/gadoros.hu\/index.php?rest_route=\/wp\/v2\/pages"}],"about":[{"href":"http:\/\/gadoros.hu\/index.php?rest_route=\/wp\/v2\/types\/page"}],"author":[{"embeddable":true,"href":"http:\/\/gadoros.hu\/index.php?rest_route=\/wp\/v2\/users\/1"}],"replies":[{"embeddable":true,"href":"http:\/\/gadoros.hu\/index.php?rest_route=%2Fwp%2Fv2%2Fcomments&post=449"}],"version-history":[{"count":13,"href":"http:\/\/gadoros.hu\/index.php?rest_route=\/wp\/v2\/pages\/449\/revisions"}],"predecessor-version":[{"id":3489,"href":"http:\/\/gadoros.hu\/index.php?rest_route=\/wp\/v2\/pages\/449\/revisions\/3489"}],"wp:attachment":[{"href":"http:\/\/gadoros.hu\/index.php?rest_route=%2Fwp%2Fv2%2Fmedia&parent=449"}],"curies":[{"name":"wp","href":"https:\/\/api.w.org\/{rel}","templated":true}]}}