{"id":4478,"date":"2024-02-19T10:09:20","date_gmt":"2024-02-19T09:09:20","guid":{"rendered":"http:\/\/www.gadoros.hu\/?page_id=4478"},"modified":"2024-02-19T10:13:53","modified_gmt":"2024-02-19T09:13:53","slug":"vp6-7-2-1-1-21-kodszamu-palyazat-kereteben-gadoros-kulterulet-032-2-hrsz-u-foldut-stabilizalasa","status":"publish","type":"page","link":"http:\/\/gadoros.hu\/?page_id=4478","title":{"rendered":"VP6-7.2.1.1-21 k\u00f3dsz\u00e1m\u00fa p\u00e1ly\u00e1zat keret\u00e9ben \u201eG\u00e1doros k\u00fclter\u00fclet 032\/2 hrsz-\u00fa f\u00f6ld\u00fat stabiliz\u00e1l\u00e1sa"},"content":{"rendered":"\n<p>VP6-7.2.1.1-21 \u201eK\u00fclter\u00fcleti helyi k\u00f6zutak fejleszt\u00e9se\u201d felh\u00edv\u00e1skeret\u00e9ben G\u00e1doros Nagyk\u00f6zs\u00e9g \u00d6nkorm\u00e1nyzata eredm\u00e9nyesen p\u00e1ly\u00e1zott 2022. m\u00e1rcius 03-\u00e1n a G\u00e1doros k\u00fclter\u00fclet 032\/2 hrsz-\u00fa f\u00f6ld\u00fat stabiliz\u00e1l\u00e1s\u00e1ra 2000 m\u00e9ter hossz\u00fas\u00e1gban.<\/p>\n\n\n\n<p>A projekt \u00f6sszefoglal\u00f3ja:<\/p>\n\n\n\n<p>\u00b7 Kedvezm\u00e9nyezett neve: G\u00e1doros Nagyk\u00f6zs\u00e9g \u00d6nkorm\u00e1nyzata<\/p>\n\n\n\n<p>\u00b7&nbsp; Projekt c\u00edme: \u201eG\u00e1doros k\u00fclter\u00fclet 032\/2 hrsz-\u00fa f\u00f6ld\u00fat stabiliz\u00e1l\u00e1sa\u201d<\/p>\n\n\n\n<p>&nbsp;\u00b7 T\u00e1mogat\u00e1s \u00f6sszege: 132&nbsp;106 617,-Ft<\/p>\n\n\n\n<p>\u00b7 \u00d6ner\u0151 \u00f6sszege: 6&nbsp;952 981,-Ft<\/p>\n\n\n\n<p>\u00b7 A projekt teljes \u00f6sszk\u00f6lts\u00e9ge: 139&nbsp;059 598,-Ft<\/p>\n\n\n\n<p>&nbsp;\u00b7 T\u00e1mogat\u00e1s m\u00e9rt\u00e9ke: 95 %<\/p>\n\n\n\n<p>&nbsp;\u00b7 Projekt tartalm\u00e1nak r\u00f6vid bemutat\u00e1sa: az \u00f6nkorm\u00e1nyzat sz\u00f3rt \u00fatalapot k\u00edv\u00e1n \u00e9p\u00edteni a &nbsp;&nbsp;&nbsp;032\/2 hrsz-\u00fa k\u00fclter\u00fcleti f\u00f6ld\u00faton 2000 m\u00e9ter hossz\u00fas\u00e1gban \u00e9s 5,5 m\u00e9ter sz\u00e9less\u00e9gben.<\/p>\n\n\n\n<p>\u00b7 Projekt v\u00e1rhat\u00f3 befejez\u00e9si d\u00e1tuma: 2024. m\u00e1jus 31.<\/p>\n\n\n\n<p>\u00b7 Projekt azonos\u00edt\u00f3 sz\u00e1ma: 3295417520<\/p>\n\n\n\n<figure class=\"wp-block-image size-full\"><a href=\"http:\/\/gadoros.hu\/wp-content\/uploads\/2024\/02\/honlap-1.png\"><img loading=\"lazy\" decoding=\"async\" width=\"915\" height=\"262\" src=\"http:\/\/gadoros.hu\/wp-content\/uploads\/2024\/02\/honlap-1.png\" alt=\"\" class=\"wp-image-4484\" srcset=\"http:\/\/gadoros.hu\/wp-content\/uploads\/2024\/02\/honlap-1.png 915w, http:\/\/gadoros.hu\/wp-content\/uploads\/2024\/02\/honlap-1-300x86.png 300w, http:\/\/gadoros.hu\/wp-content\/uploads\/2024\/02\/honlap-1-768x220.png 768w, http:\/\/gadoros.hu\/wp-content\/uploads\/2024\/02\/honlap-1-624x179.png 624w\" sizes=\"(max-width: 915px) 100vw, 915px\" \/><\/a><\/figure>\n","protected":false},"excerpt":{"rendered":"<p>VP6-7.2.1.1-21 \u201eK\u00fclter\u00fcleti helyi k\u00f6zutak fejleszt\u00e9se\u201d felh\u00edv\u00e1skeret\u00e9ben G\u00e1doros Nagyk\u00f6zs\u00e9g \u00d6nkorm\u00e1nyzata eredm\u00e9nyesen p\u00e1ly\u00e1zott 2022. m\u00e1rcius 03-\u00e1n a G\u00e1doros k\u00fclter\u00fclet 032\/2 hrsz-\u00fa f\u00f6ld\u00fat stabiliz\u00e1l\u00e1s\u00e1ra 2000 m\u00e9ter hossz\u00fas\u00e1gban. A projekt \u00f6sszefoglal\u00f3ja: \u00b7 Kedvezm\u00e9nyezett neve: G\u00e1doros Nagyk\u00f6zs\u00e9g \u00d6nkorm\u00e1nyzata \u00b7&nbsp; Projekt c\u00edme: \u201eG\u00e1doros k\u00fclter\u00fclet 032\/2 hrsz-\u00fa f\u00f6ld\u00fat stabiliz\u00e1l\u00e1sa\u201d &nbsp;\u00b7 T\u00e1mogat\u00e1s \u00f6sszege: 132&nbsp;106 617,-Ft \u00b7 \u00d6ner\u0151 \u00f6sszege: 6&nbsp;952 981,-Ft \u00b7 A projekt [&hellip;]<\/p>\n","protected":false},"author":7,"featured_media":0,"parent":0,"menu_order":0,"comment_status":"closed","ping_status":"closed","template":"","meta":{"footnotes":""},"_links":{"self":[{"href":"http:\/\/gadoros.hu\/index.php?rest_route=\/wp\/v2\/pages\/4478"}],"collection":[{"href":"http:\/\/gadoros.hu\/index.php?rest_route=\/wp\/v2\/pages"}],"about":[{"href":"http:\/\/gadoros.hu\/index.php?rest_route=\/wp\/v2\/types\/page"}],"author":[{"embeddable":true,"href":"http:\/\/gadoros.hu\/index.php?rest_route=\/wp\/v2\/users\/7"}],"replies":[{"embeddable":true,"href":"http:\/\/gadoros.hu\/index.php?rest_route=%2Fwp%2Fv2%2Fcomments&post=4478"}],"version-history":[{"count":2,"href":"http:\/\/gadoros.hu\/index.php?rest_route=\/wp\/v2\/pages\/4478\/revisions"}],"predecessor-version":[{"id":4485,"href":"http:\/\/gadoros.hu\/index.php?rest_route=\/wp\/v2\/pages\/4478\/revisions\/4485"}],"wp:attachment":[{"href":"http:\/\/gadoros.hu\/index.php?rest_route=%2Fwp%2Fv2%2Fmedia&parent=4478"}],"curies":[{"name":"wp","href":"https:\/\/api.w.org\/{rel}","templated":true}]}}