{"id":419,"date":"2014-04-17T11:42:55","date_gmt":"2014-04-17T11:42:55","guid":{"rendered":"http:\/\/test.gadoros.hu\/?page_id=419"},"modified":"2017-12-13T09:09:24","modified_gmt":"2017-12-13T09:09:24","slug":"pongo-emlekszoba","status":"publish","type":"page","link":"http:\/\/gadoros.hu\/?page_id=419","title":{"rendered":"Pong\u00f3 eml\u00e9kszoba"},"content":{"rendered":"<p>&nbsp;<\/p>\n<table>\n<tbody>\n<tr>\n<td>\u00a0A 2008. \u00e9vi Falunapon ker\u00fclt megnyit\u00e1sra a Pong\u00f3 h\u00e1zasp\u00e1r eml\u00e9k\u00e9re elk\u00e9sz\u00edtett\u00a0<a href=\"http:\/\/gadoros.hu\/index.php?option=com_rsgallery2&amp;gid=37&amp;Itemid=66\">eml\u00e9kszoba<\/a>az Iskola u. 1. sz\u00e1m alatti iskola (volt P\u00e1rth\u00e1z) \u00e9p\u00fclet\u00e9ben.A szoba \u00fagy ker\u00fclt kialak\u00edt\u00e1sra, hogy h\u0171en t\u00fckr\u00f6zze Marika n\u00e9ni \u00e9s Berti b\u00e1csi sz\u00e9les \u00e9rdekl\u0151d\u00e9si k\u00f6r\u00e9t, amelyben t\u00f6bbek k\u00f6z\u00f6tt az irodalom, t\u00f6rt\u00e9nelem, helyt\u00f6rt\u00e9net, n\u00e9pm\u0171v\u00e9szet, zene, hon- \u00e9s vil\u00e1g ismeret is helyet kapott. Igyekezt\u00fcnk azonban meg\u00f3vni az \u0151ket jellemz\u0151 z\u00e1rk\u00f3zotts\u00e1got \u00e9s egyszer\u0171s\u00e9get is. A t\u00e1rlatban \u00edgy a sok-sok \u00f6sszegy\u0171jt\u00f6tt eml\u00e9k egy kis szeletk\u00e9j\u00e9t tekinthetik meg az \u00e9rdekl\u0151d\u0151k.<\/p>\n<p>Elhelyez\u00e9sre ker\u00fclt n\u00e9h\u00e1ny f\u00e9nyk\u00e9palbum is, melyben az Upponyi k\u00fcld\u00f6tts\u00e9g gyermekkori eml\u00e9keit eleven\u00edtette fel, n\u00e9v szerint sorolva a fot\u00f3kon szerepl\u0151ket. Ugyan \u00edgy, a csal\u00e1di album a k\u00f6zeli rokons\u00e1gnak szerzett \u00e9rt\u00e9kes pillanatokat. Az egykori g\u00e1dorosi di\u00e1kok pedig a t\u00e1boroz\u00e1sok m\u00e1r elfelejtett mozzanatait \u00e9lt\u00e9k \u00fajra az albumokat lapozgatva.<\/p>\n<p>A Pong\u00f3 Eml\u00e9kszoba Marika n\u00e9ni \u00e9s Berti b\u00e1csi pedag\u00f3giai \u00e9s helyt\u00f6rt\u00e9neti munk\u00e1ss\u00e1ga el\u0151tti tisztelg\u00e9s jelk\u00e9pek\u00e9nt, eml\u00e9k\u00fck meg\u0151rz\u00e9se r\u00e9szek\u00e9nt j\u00f6tt l\u00e9tre. K\u00e9rj\u00fck l\u00e1togass\u00e1k min\u00e9l t\u00f6bben!<\/p>\n<p>&nbsp;<\/p>\n<p>Nyitva: csak el\u0151zetes bejelentkez\u00e9s alapj\u00e1n.<\/p>\n<p>Jelentkezni munkaid\u0151ben a 06-68\/490-088, 06-30\/684-0771-es telefonsz\u00e1mokon, vagy szem\u00e9lyesen a M\u0171vel\u0151d\u00e9si h\u00e1zban lehet.<\/td>\n<\/tr>\n<\/tbody>\n<\/table>\n<p>&nbsp;<\/p>\n","protected":false},"excerpt":{"rendered":"<p>&nbsp; \u00a0A 2008. \u00e9vi Falunapon ker\u00fclt megnyit\u00e1sra a Pong\u00f3 h\u00e1zasp\u00e1r eml\u00e9k\u00e9re elk\u00e9sz\u00edtett\u00a0eml\u00e9kszobaaz Iskola u. 1. sz\u00e1m alatti iskola (volt P\u00e1rth\u00e1z) \u00e9p\u00fclet\u00e9ben.A szoba \u00fagy ker\u00fclt kialak\u00edt\u00e1sra, hogy h\u0171en t\u00fckr\u00f6zze Marika n\u00e9ni \u00e9s Berti b\u00e1csi sz\u00e9les \u00e9rdekl\u0151d\u00e9si k\u00f6r\u00e9t, amelyben t\u00f6bbek k\u00f6z\u00f6tt az irodalom, t\u00f6rt\u00e9nelem, helyt\u00f6rt\u00e9net, n\u00e9pm\u0171v\u00e9szet, zene, hon- \u00e9s vil\u00e1g ismeret is helyet kapott. Igyekezt\u00fcnk azonban meg\u00f3vni [&hellip;]<\/p>\n","protected":false},"author":1,"featured_media":0,"parent":52,"menu_order":0,"comment_status":"closed","ping_status":"closed","template":"","meta":{"footnotes":""},"_links":{"self":[{"href":"http:\/\/gadoros.hu\/index.php?rest_route=\/wp\/v2\/pages\/419"}],"collection":[{"href":"http:\/\/gadoros.hu\/index.php?rest_route=\/wp\/v2\/pages"}],"about":[{"href":"http:\/\/gadoros.hu\/index.php?rest_route=\/wp\/v2\/types\/page"}],"author":[{"embeddable":true,"href":"http:\/\/gadoros.hu\/index.php?rest_route=\/wp\/v2\/users\/1"}],"replies":[{"embeddable":true,"href":"http:\/\/gadoros.hu\/index.php?rest_route=%2Fwp%2Fv2%2Fcomments&post=419"}],"version-history":[{"count":4,"href":"http:\/\/gadoros.hu\/index.php?rest_route=\/wp\/v2\/pages\/419\/revisions"}],"predecessor-version":[{"id":975,"href":"http:\/\/gadoros.hu\/index.php?rest_route=\/wp\/v2\/pages\/419\/revisions\/975"}],"up":[{"embeddable":true,"href":"http:\/\/gadoros.hu\/index.php?rest_route=\/wp\/v2\/pages\/52"}],"wp:attachment":[{"href":"http:\/\/gadoros.hu\/index.php?rest_route=%2Fwp%2Fv2%2Fmedia&parent=419"}],"curies":[{"name":"wp","href":"https:\/\/api.w.org\/{rel}","templated":true}]}}