{"id":4143,"date":"2023-10-10T08:18:32","date_gmt":"2023-10-10T06:18:32","guid":{"rendered":"http:\/\/www.gadoros.hu\/?page_id=4143"},"modified":"2023-10-10T08:21:09","modified_gmt":"2023-10-10T06:21:09","slug":"onkormanyzati-jardaepites-felujitas-tamogatasa-mfp-bja-2022","status":"publish","type":"page","link":"http:\/\/gadoros.hu\/?page_id=4143","title":{"rendered":"&#8222;\u00d6nkorm\u00e1nyzati j\u00e1rda\u00e9p\u00edt\u00e9s\/fel\u00faj\u00edt\u00e1s t\u00e1mogat\u00e1sa&#8221; MFP-BJA\/2022"},"content":{"rendered":"<div class=\"wp-block-image\">\n<figure class=\"alignright size-full is-resized\"><a href=\"http:\/\/gadoros.hu\/wp-content\/uploads\/2023\/10\/image.png\"><img loading=\"lazy\" decoding=\"async\" src=\"http:\/\/gadoros.hu\/wp-content\/uploads\/2023\/10\/image.png\" alt=\"\" class=\"wp-image-4148\" width=\"292\" height=\"303\"\/><\/a><\/figure><\/div>\n\n\n<p>Magyar Falu Program keret\u00e9ben&nbsp;&nbsp;&#8222;\u00d6nkorm\u00e1nyzati j\u00e1rda\u00e9p\u00edt\u00e9s\/fel\u00faj\u00edt\u00e1s t\u00e1mogat\u00e1sa&#8221; MFP-BJA\/2022 k\u00f3dsz\u00e1m\u00fa p\u00e1ly\u00e1zat<\/p>\n\n\n\n<p><strong>Kedvezm\u00e9nyezett neve:<\/strong> G\u00e1doros Nagyk\u00f6zs\u00e9g \u00d6nkorm\u00e1nyzata<\/p>\n\n\n\n<p><strong>Projekt c\u00edme:<\/strong>&nbsp; G\u00e1doros belter\u00fcleti j\u00e1rdafel\u00faj\u00edt\u00e1s II. \u00fctem<br><\/p>\n\n\n\n<p><strong>Projekt tartalma:<\/strong>&nbsp;<\/p>\n\n\n\n<p>G\u00e1doros Nagyk\u00f6zs\u00e9g \u00d6nkorm\u00e1nyzata a program keret\u00e9ben a Kossuth utca (715 m\u00e9ter), Iskola utca (212 m\u00e9ter), Nagy utca (80 m\u00e9ter), B\u00e9ke t\u00e9r (36 m\u00e9ter) megl\u00e9v\u0151 j\u00e1rd\u00e1it \u00faj\u00edtotta fel r\u00e9szlegesen, \u00f6sszesen 1043 m\u00e9ter hossz\u00fas\u00e1gban.<br><\/p>\n\n\n\n<p><strong>T\u00e1mogat\u00e1s \u00f6sszege:<\/strong> 9 969 770,- Ft<\/p>\n\n\n\n<p><strong>T\u00e1mogat\u00e1s m\u00e9rt\u00e9ke:&nbsp;<\/strong>100%<\/p>\n\n\n\n<p><strong>Megval\u00f3sul\u00e1s \u00e9ve:<\/strong>&nbsp;2023<\/p>\n","protected":false},"excerpt":{"rendered":"<p>Magyar Falu Program keret\u00e9ben&nbsp;&nbsp;&#8222;\u00d6nkorm\u00e1nyzati j\u00e1rda\u00e9p\u00edt\u00e9s\/fel\u00faj\u00edt\u00e1s t\u00e1mogat\u00e1sa&#8221; MFP-BJA\/2022 k\u00f3dsz\u00e1m\u00fa p\u00e1ly\u00e1zat Kedvezm\u00e9nyezett neve: G\u00e1doros Nagyk\u00f6zs\u00e9g \u00d6nkorm\u00e1nyzata Projekt c\u00edme:&nbsp; G\u00e1doros belter\u00fcleti j\u00e1rdafel\u00faj\u00edt\u00e1s II. \u00fctem Projekt tartalma:&nbsp; G\u00e1doros Nagyk\u00f6zs\u00e9g \u00d6nkorm\u00e1nyzata a program keret\u00e9ben a Kossuth utca (715 m\u00e9ter), Iskola utca (212 m\u00e9ter), Nagy utca (80 m\u00e9ter), B\u00e9ke t\u00e9r (36 m\u00e9ter) megl\u00e9v\u0151 j\u00e1rd\u00e1it \u00faj\u00edtotta fel r\u00e9szlegesen, \u00f6sszesen 1043 m\u00e9ter hossz\u00fas\u00e1gban. [&hellip;]<\/p>\n","protected":false},"author":5,"featured_media":0,"parent":0,"menu_order":0,"comment_status":"closed","ping_status":"closed","template":"","meta":{"footnotes":""},"_links":{"self":[{"href":"http:\/\/gadoros.hu\/index.php?rest_route=\/wp\/v2\/pages\/4143"}],"collection":[{"href":"http:\/\/gadoros.hu\/index.php?rest_route=\/wp\/v2\/pages"}],"about":[{"href":"http:\/\/gadoros.hu\/index.php?rest_route=\/wp\/v2\/types\/page"}],"author":[{"embeddable":true,"href":"http:\/\/gadoros.hu\/index.php?rest_route=\/wp\/v2\/users\/5"}],"replies":[{"embeddable":true,"href":"http:\/\/gadoros.hu\/index.php?rest_route=%2Fwp%2Fv2%2Fcomments&post=4143"}],"version-history":[{"count":3,"href":"http:\/\/gadoros.hu\/index.php?rest_route=\/wp\/v2\/pages\/4143\/revisions"}],"predecessor-version":[{"id":4150,"href":"http:\/\/gadoros.hu\/index.php?rest_route=\/wp\/v2\/pages\/4143\/revisions\/4150"}],"wp:attachment":[{"href":"http:\/\/gadoros.hu\/index.php?rest_route=%2Fwp%2Fv2%2Fmedia&parent=4143"}],"curies":[{"name":"wp","href":"https:\/\/api.w.org\/{rel}","templated":true}]}}