{"id":410,"date":"2014-04-17T11:37:00","date_gmt":"2014-04-17T11:37:00","guid":{"rendered":"http:\/\/test.gadoros.hu\/?page_id=410"},"modified":"2017-12-13T09:10:55","modified_gmt":"2017-12-13T09:10:55","slug":"justh-zsigmond-emlekkiallitas","status":"publish","type":"page","link":"http:\/\/gadoros.hu\/?page_id=410","title":{"rendered":"Justh Zsigmond eml\u00e9kki\u00e1ll\u00edt\u00e1s"},"content":{"rendered":"<p>&nbsp;<\/p>\n<p><strong>\u00a0\u00a0<em>\u201eJusth Zsigmondr\u00f3l, ha egy\u00e1ltal\u00e1n \u00edrnak azt\u00a0\u00a0szokt\u00e1k \u00edrni, hogy \u00fari dilett\u00e1ns, vagy azt, hogy\u00a0\u00a0\u00e9rdekes, de nem jelent\u00e9keny irodalmi pr\u00f3b\u00e1lkoz\u00f3;\u00a0\u00a0meg szokt\u00e1k azt is eml\u00edteni, hogy birtok\u00e1n parasztokkal szabadt\u00e9ri sz\u00ednh\u00e1zat csin\u00e1lt, ahol klasszikusokat &#8211; Shakespeare-t, Moli\u00e8re-t &#8211; adtak el\u0151, teh\u00e1t amolyan k\u00fcl\u00f6nc m\u0171kedvel\u0151 lehetett. Ha azut\u00e1n az ember m\u00e9gis el\u0151veszi ennek a harmincegy \u00e9ves kor\u00e1ban meghalt \u00edr\u00f3nak alaposan elfelejtett m\u0171veit, akkor arra kell gondolni, hogy az eg\u00e9sz akkori magyar irodalomban kev\u00e9s \u00edr\u00f3 volt annyira korszer\u0171, alig-alig akadt, aki annyira egy\u00fctt \u00e9lt volna az akkori eur\u00f3pai irodalmi kult\u00far\u00e1val, s m\u00e9g kevesebben akadtak, akik annyira a XX. sz\u00e1zad magyar\u00a0irodalm\u00e1t k\u00e9sz\u00edtett\u00e9k volna el\u0151, mint ez a Justh Zsigmond.\u201d<\/em><\/strong><\/p>\n<p>A\u00a0\u00a0<a href=\"http:\/\/gadoros.hu\/index.php?option=com_rsgallery2&amp;gid=36&amp;Itemid=66\">Justh \u2013eml\u00e9kszob\u00e1t<\/a>\u00a0a Nemzeti Kultur\u00e1lis \u00d6r\u00f6ks\u00e9g Miniszt\u00e9riuma \u00e1ltal ki\u00edrt \u201e\u00d6r\u00f6ks\u00e9g\u00fcnk, \u00e9rt\u00e9keink\u201d c\u00edm\u0171 p\u00e1ly\u00e1zaton nyert \u00f6sszeg felhaszn\u00e1l\u00e1s\u00e1val \u00e9s az \u00f6nkorm\u00e1nyzat t\u00e1mogat\u00e1s\u00e1val hozta l\u00e9tre a telep\u00fcl\u00e9s.\u00a0\u00a0\u00c1tad\u00e1sa 2000. szeptember 30-\u00e1n a Falunap keret\u00e9ben t\u00f6rt\u00e9nt meg. Az eml\u00e9kszoba kialak\u00edt\u00e1s\u00e1nak szakmai ir\u00e1ny\u00edt\u00e1s\u00e1t \u00e9s berendez\u00e9s\u00e9t a Budapesti Pet\u0151fi Irodalmi M\u00fazeum muzeol\u00f3gusai v\u00e9gezt\u00e9k. A ki\u00e1ll\u00edt\u00e1st a Magyar Nemzeti M\u00fazeum, a Magyar Nemzeti Gal\u00e9ria, az Orsz\u00e1gos Sz\u00e9chenyi K\u00f6nyvt\u00e1r, a Pet\u0151fi Irodalmi M\u00fazeum \u00e9s a Sz\u00e9pm\u0171v\u00e9szeti M\u00fazeum anyag\u00e1b\u00f3l \u00e1ll\u00edtott\u00e1k \u00f6ssze. Az \u00e1lland\u00f3 ki\u00e1ll\u00edt\u00e1s forgat\u00f3k\u00f6nyve Dede Franciska munk\u00e1ja, szaklektor Dr. Szab\u00f3 Ferenc volt, a l\u00e1tv\u00e1nytervet Lencs\u00f3 L\u00e1szl\u00f3 k\u00e9sz\u00edtette. A kivitelez\u00e9sben Katalicz L\u00e1szl\u00f3 m\u0171k\u00f6d\u00f6tt k\u00f6zre. Az eml\u00e9kszoba bemutatja a Justh csal\u00e1dot, Justh Zsigmond \u00e9let\u00e9t, munk\u00e1ss\u00e1g\u00e1t gyermekkor\u00e1t\u00f3l eg\u00e9szen korai hal\u00e1l\u00e1ig.<\/p>\n<p>&nbsp;<\/p>\n<p><strong>A ki\u00e1ll\u00edt\u00e1s l\u00e1togathat\u00f3:<\/strong><\/p>\n<p><strong>A m\u0171vel\u0151d\u00e9si h\u00e1z nyitvatart\u00e1si idej\u00e9ben h\u00e9tf\u0151t\u0151l p\u00e9ntekig 8.00 \u2013 16.00 \u00f3r\u00e1ig.<\/strong><\/p>\n<p><strong>Bejelentkez\u00e9s: 68\/490-088 telefonsz\u00e1mon<\/strong><\/p>\n<p><strong>C\u00edm: 5932 G\u00e1doros, Kossuth Lajos u. 18.<\/strong><\/p>\n","protected":false},"excerpt":{"rendered":"<p>&nbsp; \u00a0\u00a0\u201eJusth Zsigmondr\u00f3l, ha egy\u00e1ltal\u00e1n \u00edrnak azt\u00a0\u00a0szokt\u00e1k \u00edrni, hogy \u00fari dilett\u00e1ns, vagy azt, hogy\u00a0\u00a0\u00e9rdekes, de nem jelent\u00e9keny irodalmi pr\u00f3b\u00e1lkoz\u00f3;\u00a0\u00a0meg szokt\u00e1k azt is eml\u00edteni, hogy birtok\u00e1n parasztokkal szabadt\u00e9ri sz\u00ednh\u00e1zat csin\u00e1lt, ahol klasszikusokat &#8211; Shakespeare-t, Moli\u00e8re-t &#8211; adtak el\u0151, teh\u00e1t amolyan k\u00fcl\u00f6nc m\u0171kedvel\u0151 lehetett. Ha azut\u00e1n az ember m\u00e9gis el\u0151veszi ennek a harmincegy \u00e9ves kor\u00e1ban meghalt \u00edr\u00f3nak [&hellip;]<\/p>\n","protected":false},"author":1,"featured_media":0,"parent":52,"menu_order":0,"comment_status":"closed","ping_status":"closed","template":"","meta":{"footnotes":""},"_links":{"self":[{"href":"http:\/\/gadoros.hu\/index.php?rest_route=\/wp\/v2\/pages\/410"}],"collection":[{"href":"http:\/\/gadoros.hu\/index.php?rest_route=\/wp\/v2\/pages"}],"about":[{"href":"http:\/\/gadoros.hu\/index.php?rest_route=\/wp\/v2\/types\/page"}],"author":[{"embeddable":true,"href":"http:\/\/gadoros.hu\/index.php?rest_route=\/wp\/v2\/users\/1"}],"replies":[{"embeddable":true,"href":"http:\/\/gadoros.hu\/index.php?rest_route=%2Fwp%2Fv2%2Fcomments&post=410"}],"version-history":[{"count":2,"href":"http:\/\/gadoros.hu\/index.php?rest_route=\/wp\/v2\/pages\/410\/revisions"}],"predecessor-version":[{"id":976,"href":"http:\/\/gadoros.hu\/index.php?rest_route=\/wp\/v2\/pages\/410\/revisions\/976"}],"up":[{"embeddable":true,"href":"http:\/\/gadoros.hu\/index.php?rest_route=\/wp\/v2\/pages\/52"}],"wp:attachment":[{"href":"http:\/\/gadoros.hu\/index.php?rest_route=%2Fwp%2Fv2%2Fmedia&parent=410"}],"curies":[{"name":"wp","href":"https:\/\/api.w.org\/{rel}","templated":true}]}}