{"id":408,"date":"2014-04-17T11:36:10","date_gmt":"2014-04-17T11:36:10","guid":{"rendered":"http:\/\/test.gadoros.hu\/?page_id=408"},"modified":"2019-02-27T07:43:59","modified_gmt":"2019-02-27T07:43:59","slug":"elerhetoseg-nyitva-tartas","status":"publish","type":"page","link":"http:\/\/gadoros.hu\/?page_id=408","title":{"rendered":"El\u00e9rhet\u0151s\u00e9g\/Nyitva tart\u00e1s"},"content":{"rendered":"\n<table class=\"wp-block-table has-fixed-layout is-style-regular\"><tbody><tr><td><\/td><td>M\u0171vel\u0151d\u00e9si H\u00e1z<\/td><td>K\u00f6nyvt\u00e1r<\/td><td>K\u00f6z\u00f6ss\u00e9gi H\u00e1z, T\u00e1jh\u00e1z<\/td><\/tr><tr><td>H\u00e9tf\u0151<\/td><td>8.00 \u2013 16.00 +*<\/td><td>9.00 \u2013 17.30<\/td><td>Ig\u00e9ny szerint<\/td><\/tr><tr><td>Kedd<\/td><td>8.00 \u2013 16.00 +*<\/td><td>9.00 \u2013 17.30<\/td><td>Ig\u00e9ny szerint<\/td><\/tr><tr><td>Szerda<\/td><td>8.00 \u2013 16.00 +*<\/td><td>9.00 \u2013 17.30<\/td><td>Ig\u00e9ny szerint<\/td><\/tr><tr><td>Cs\u00fct\u00f6rt\u00f6k<\/td><td>8.00 \u2013 16.00 +*<\/td><td>9.00 \u2013 17.30<\/td><td>Ig\u00e9ny szerint<\/td><\/tr><tr><td>P\u00e9ntek<\/td><td>8.00 \u2013 16.00 +*<\/td><td>9.00 \u2013 17.30<\/td><td>Ig\u00e9ny szerint<\/td><\/tr><tr><td>Szombat<\/td><td>Z\u00e1rva +*<\/td><td>9.00 \u2013 12.00<\/td><td>Ig\u00e9ny szerint<\/td><\/tr><tr><td>Vas\u00e1rnap<\/td><td>Z\u00e1rva +*<\/td><td>Z\u00e1rva<\/td><td>Ig\u00e9ny szerint<\/td><\/tr><\/tbody><\/table>\n\n\n\n<p><strong>Eb\u00e9did\u0151 12.00-12.30 Z\u00c1RVA<\/strong><br> *A napi programok ig\u00e9nyeihez igazodva<\/p>\n\n\n\n<p><strong>Justh Zsigmond M\u0171vel\u0151d\u00e9si H\u00e1z \u00e9s K\u00f6nyvt\u00e1r<\/strong><br>5932 G\u00e1doros, Kossuth utca 18.<br>Tel.: +36 68 490-088<br>muvhazgadoros@gmail.com<br><br><\/p>\n\n\n\n<p><strong>K\u00f6nyvt\u00e1r \u2013 Digit\u00e1lis J\u00f3l\u00e9t Pont<\/strong><br>5932 G\u00e1doros, Iskola utca 19.<br>Tel.: +36 68 490-075<\/p>\n\n\n\n<div class=\"wp-block-image\"><figure class=\"alignright\"><img loading=\"lazy\" decoding=\"async\" width=\"150\" height=\"150\" src=\"http:\/\/gadoros.hu\/wp-content\/uploads\/2019\/02\/k\u00e9p-150x150.png\" alt=\"\" class=\"wp-image-1419\" srcset=\"http:\/\/gadoros.hu\/wp-content\/uploads\/2019\/02\/k\u00e9p-150x150.png 150w, http:\/\/gadoros.hu\/wp-content\/uploads\/2019\/02\/k\u00e9p-300x300.png 300w, http:\/\/gadoros.hu\/wp-content\/uploads\/2019\/02\/k\u00e9p.png 312w\" sizes=\"(max-width: 150px) 100vw, 150px\" \/><\/figure><\/div>\n\n\n\n<p><br><\/p>\n","protected":false},"excerpt":{"rendered":"<p>M\u0171vel\u0151d\u00e9si H\u00e1z K\u00f6nyvt\u00e1r K\u00f6z\u00f6ss\u00e9gi H\u00e1z, T\u00e1jh\u00e1z H\u00e9tf\u0151 8.00 \u2013 16.00 +* 9.00 \u2013 17.30 Ig\u00e9ny szerint Kedd 8.00 \u2013 16.00 +* 9.00 \u2013 17.30 Ig\u00e9ny szerint Szerda 8.00 \u2013 16.00 +* 9.00 \u2013 17.30 Ig\u00e9ny szerint Cs\u00fct\u00f6rt\u00f6k 8.00 \u2013 16.00 +* 9.00 \u2013 17.30 Ig\u00e9ny szerint P\u00e9ntek 8.00 \u2013 16.00 +* 9.00 \u2013 17.30 Ig\u00e9ny [&hellip;]<\/p>\n","protected":false},"author":1,"featured_media":0,"parent":52,"menu_order":0,"comment_status":"closed","ping_status":"closed","template":"","meta":{"footnotes":""},"_links":{"self":[{"href":"http:\/\/gadoros.hu\/index.php?rest_route=\/wp\/v2\/pages\/408"}],"collection":[{"href":"http:\/\/gadoros.hu\/index.php?rest_route=\/wp\/v2\/pages"}],"about":[{"href":"http:\/\/gadoros.hu\/index.php?rest_route=\/wp\/v2\/types\/page"}],"author":[{"embeddable":true,"href":"http:\/\/gadoros.hu\/index.php?rest_route=\/wp\/v2\/users\/1"}],"replies":[{"embeddable":true,"href":"http:\/\/gadoros.hu\/index.php?rest_route=%2Fwp%2Fv2%2Fcomments&post=408"}],"version-history":[{"count":5,"href":"http:\/\/gadoros.hu\/index.php?rest_route=\/wp\/v2\/pages\/408\/revisions"}],"predecessor-version":[{"id":1421,"href":"http:\/\/gadoros.hu\/index.php?rest_route=\/wp\/v2\/pages\/408\/revisions\/1421"}],"up":[{"embeddable":true,"href":"http:\/\/gadoros.hu\/index.php?rest_route=\/wp\/v2\/pages\/52"}],"wp:attachment":[{"href":"http:\/\/gadoros.hu\/index.php?rest_route=%2Fwp%2Fv2%2Fmedia&parent=408"}],"curies":[{"name":"wp","href":"https:\/\/api.w.org\/{rel}","templated":true}]}}