{"id":3796,"date":"2023-02-02T13:44:48","date_gmt":"2023-02-02T12:44:48","guid":{"rendered":"http:\/\/www.gadoros.hu\/?page_id=3796"},"modified":"2023-02-02T14:06:50","modified_gmt":"2023-02-02T13:06:50","slug":"kozossegszervezeshez-kapcsolodo-eszkozbeszerzes-es-kozossegszervezo-bertamogatasa","status":"publish","type":"page","link":"http:\/\/gadoros.hu\/?page_id=3796","title":{"rendered":"\u201eK\u00f6z\u00f6ss\u00e9gszervez\u00e9shez kapcsol\u00f3d\u00f3 eszk\u00f6zbeszerz\u00e9s \u00e9s k\u00f6z\u00f6ss\u00e9gszervez\u0151 b\u00e9rt\u00e1mogat\u00e1sa\u201d"},"content":{"rendered":"\n<div class=\"wp-block-image\"><figure class=\"alignright\"><img loading=\"lazy\" decoding=\"async\" width=\"289\" height=\"300\" src=\"http:\/\/gadoros.hu\/wp-content\/uploads\/2023\/02\/MFP_logo_CMYK-289x300.jpg\" alt=\"\" class=\"wp-image-3803\"\/><\/figure><\/div>\n\n\n\n<p><strong>Kedvezm\u00e9nyezett neve:<\/strong>&nbsp;G\u00e1doros Nagyk\u00f6zs\u00e9g \u00d6nkorm\u00e1nyzata<\/p>\n\n\n\n<p><strong>P\u00e1ly\u00e1zati alprogram c\u00edme, k\u00f3dsz\u00e1ma:<\/strong>&nbsp;\u201eK\u00f6z\u00f6ss\u00e9gszervez\u00e9shez kapcsol\u00f3d\u00f3 eszk\u00f6zbeszerz\u00e9s \u00e9s k\u00f6z\u00f6ss\u00e9gszervez\u0151 b\u00e9rt\u00e1mogat\u00e1sa\u201d MFP-KEB\/2021<\/p>\n\n\n\n<p><strong>Projekt c\u00edme:<\/strong>&nbsp; \u201eG\u00e1doros, T\u00f3t-asszony f\u00e9le k\u00f6z\u00f6ss\u00e9gi h\u00e1z eszk\u00f6zbeszerz\u00e9se\u201d<\/p>\n\n\n\n<p><strong>T\u00e1mogat\u00e1s \u00f6sszege:<\/strong>&nbsp;4.066.071,-Ft Ft<\/p>\n\n\n\n<p><strong>T\u00e1mogat\u00e1s m\u00e9rt\u00e9ke:<\/strong>&nbsp;100%<\/p>\n\n\n\n<p><strong>Megval\u00f3sul\u00e1s \u00e9ve:<\/strong>&nbsp;2022<\/p>\n","protected":false},"excerpt":{"rendered":"<p>Kedvezm\u00e9nyezett neve:&nbsp;G\u00e1doros Nagyk\u00f6zs\u00e9g \u00d6nkorm\u00e1nyzata P\u00e1ly\u00e1zati alprogram c\u00edme, k\u00f3dsz\u00e1ma:&nbsp;\u201eK\u00f6z\u00f6ss\u00e9gszervez\u00e9shez kapcsol\u00f3d\u00f3 eszk\u00f6zbeszerz\u00e9s \u00e9s k\u00f6z\u00f6ss\u00e9gszervez\u0151 b\u00e9rt\u00e1mogat\u00e1sa\u201d MFP-KEB\/2021 Projekt c\u00edme:&nbsp; \u201eG\u00e1doros, T\u00f3t-asszony f\u00e9le k\u00f6z\u00f6ss\u00e9gi h\u00e1z eszk\u00f6zbeszerz\u00e9se\u201d T\u00e1mogat\u00e1s \u00f6sszege:&nbsp;4.066.071,-Ft Ft T\u00e1mogat\u00e1s m\u00e9rt\u00e9ke:&nbsp;100% Megval\u00f3sul\u00e1s \u00e9ve:&nbsp;2022<\/p>\n","protected":false},"author":5,"featured_media":0,"parent":0,"menu_order":0,"comment_status":"closed","ping_status":"closed","template":"","meta":{"footnotes":""},"_links":{"self":[{"href":"http:\/\/gadoros.hu\/index.php?rest_route=\/wp\/v2\/pages\/3796"}],"collection":[{"href":"http:\/\/gadoros.hu\/index.php?rest_route=\/wp\/v2\/pages"}],"about":[{"href":"http:\/\/gadoros.hu\/index.php?rest_route=\/wp\/v2\/types\/page"}],"author":[{"embeddable":true,"href":"http:\/\/gadoros.hu\/index.php?rest_route=\/wp\/v2\/users\/5"}],"replies":[{"embeddable":true,"href":"http:\/\/gadoros.hu\/index.php?rest_route=%2Fwp%2Fv2%2Fcomments&post=3796"}],"version-history":[{"count":3,"href":"http:\/\/gadoros.hu\/index.php?rest_route=\/wp\/v2\/pages\/3796\/revisions"}],"predecessor-version":[{"id":3805,"href":"http:\/\/gadoros.hu\/index.php?rest_route=\/wp\/v2\/pages\/3796\/revisions\/3805"}],"wp:attachment":[{"href":"http:\/\/gadoros.hu\/index.php?rest_route=%2Fwp%2Fv2%2Fmedia&parent=3796"}],"curies":[{"name":"wp","href":"https:\/\/api.w.org\/{rel}","templated":true}]}}