{"id":3649,"date":"2022-10-27T11:23:05","date_gmt":"2022-10-27T09:23:05","guid":{"rendered":"http:\/\/www.gadoros.hu\/?page_id=3649"},"modified":"2022-11-02T10:57:37","modified_gmt":"2022-11-02T09:57:37","slug":"mfp-civil-alap","status":"publish","type":"page","link":"http:\/\/gadoros.hu\/?page_id=3649","title":{"rendered":"Magyar Falu Program Falusi Civil Alap keret\u00e9ben &#8222;civil k\u00f6z\u00f6ss\u00e9gi tev\u00e9kenys\u00e9gek \u00e9s felt\u00e9teleinek t\u00e1mogat\u00e1sa&#8221; (2022.)"},"content":{"rendered":"\n<p><strong>Kedvezm\u00e9nyezett neve:<\/strong>\u00a0G\u00e1doros Fejl\u0151d\u00e9s\u00e9\u00e9rt Egyes\u00fclet<\/p>\n\n\n\n<div class=\"wp-block-image\"><figure class=\"alignright is-resized\"><img loading=\"lazy\" decoding=\"async\" src=\"http:\/\/gadoros.hu\/wp-content\/uploads\/2022\/08\/MFP_logo_CMYK-289x300.jpg\" alt=\"\" class=\"wp-image-3540\" width=\"289\" height=\"300\"\/><\/figure><\/div>\n\n\n\n<p><strong>P\u00e1ly\u00e1zati alprogram c\u00edme, k\u00f3dsz\u00e1ma:<\/strong>&nbsp; <br>&#8222;Falusi Civil Alap keret\u00e9ben civil k\u00f6z\u00f6ss\u00e9gi tev\u00e9kenys\u00e9gek \u00e9s felt\u00e9teleinek t\u00e1mogat\u00e1sa 2022&#8221; FCA-KP-1-2022\/3-000283<\/p>\n\n\n\n<p><strong>Projekt c\u00edme:<\/strong>&nbsp; Rendezv\u00e9ny s\u00e1tor szakmai programok megval\u00f3s\u00edt\u00e1s\u00e1hoz<\/p>\n\n\n\n<p><strong>T\u00e1mogat\u00e1s \u00f6sszege:<\/strong>&nbsp;2.000.000-Ft Ft<\/p>\n\n\n\n<p><strong>T\u00e1mogat\u00e1s m\u00e9rt\u00e9ke:<\/strong>&nbsp;100%<\/p>\n\n\n\n<p><strong>Megval\u00f3sul\u00e1s \u00e9ve:<\/strong>&nbsp;2022<\/p>\n","protected":false},"excerpt":{"rendered":"<p>Kedvezm\u00e9nyezett neve:\u00a0G\u00e1doros Fejl\u0151d\u00e9s\u00e9\u00e9rt Egyes\u00fclet P\u00e1ly\u00e1zati alprogram c\u00edme, k\u00f3dsz\u00e1ma:&nbsp; &#8222;Falusi Civil Alap keret\u00e9ben civil k\u00f6z\u00f6ss\u00e9gi tev\u00e9kenys\u00e9gek \u00e9s felt\u00e9teleinek t\u00e1mogat\u00e1sa 2022&#8221; FCA-KP-1-2022\/3-000283 Projekt c\u00edme:&nbsp; Rendezv\u00e9ny s\u00e1tor szakmai programok megval\u00f3s\u00edt\u00e1s\u00e1hoz T\u00e1mogat\u00e1s \u00f6sszege:&nbsp;2.000.000-Ft Ft T\u00e1mogat\u00e1s m\u00e9rt\u00e9ke:&nbsp;100% Megval\u00f3sul\u00e1s \u00e9ve:&nbsp;2022<\/p>\n","protected":false},"author":5,"featured_media":0,"parent":0,"menu_order":0,"comment_status":"closed","ping_status":"closed","template":"","meta":{"footnotes":""},"_links":{"self":[{"href":"http:\/\/gadoros.hu\/index.php?rest_route=\/wp\/v2\/pages\/3649"}],"collection":[{"href":"http:\/\/gadoros.hu\/index.php?rest_route=\/wp\/v2\/pages"}],"about":[{"href":"http:\/\/gadoros.hu\/index.php?rest_route=\/wp\/v2\/types\/page"}],"author":[{"embeddable":true,"href":"http:\/\/gadoros.hu\/index.php?rest_route=\/wp\/v2\/users\/5"}],"replies":[{"embeddable":true,"href":"http:\/\/gadoros.hu\/index.php?rest_route=%2Fwp%2Fv2%2Fcomments&post=3649"}],"version-history":[{"count":6,"href":"http:\/\/gadoros.hu\/index.php?rest_route=\/wp\/v2\/pages\/3649\/revisions"}],"predecessor-version":[{"id":3661,"href":"http:\/\/gadoros.hu\/index.php?rest_route=\/wp\/v2\/pages\/3649\/revisions\/3661"}],"wp:attachment":[{"href":"http:\/\/gadoros.hu\/index.php?rest_route=%2Fwp%2Fv2%2Fmedia&parent=3649"}],"curies":[{"name":"wp","href":"https:\/\/api.w.org\/{rel}","templated":true}]}}