{"id":3518,"date":"2022-08-03T08:20:07","date_gmt":"2022-08-03T06:20:07","guid":{"rendered":"http:\/\/www.gadoros.hu\/?page_id=3518"},"modified":"2022-08-08T09:21:55","modified_gmt":"2022-08-08T07:21:55","slug":"mfp-uhk-2021","status":"publish","type":"page","link":"http:\/\/gadoros.hu\/?page_id=3518","title":{"rendered":"Magyar Falu Program (MFP-UHK\/2021) \u201e\u00dat, h\u00edd, ker\u00e9kp\u00e1rforgalmi l\u00e9tes\u00edtm\u00e9ny h\u00edd\u00e9p\u00edt\u00e9se\/fel\u00faj\u00edt\u00e1sa\u201d"},"content":{"rendered":"\n<div class=\"wp-block-image\"><figure class=\"alignright is-resized\"><img loading=\"lazy\" decoding=\"async\" src=\"http:\/\/gadoros.hu\/wp-content\/uploads\/2020\/05\/MFP_logo_CMYK-289x300.jpg\" alt=\"\" width=\"216\" height=\"224\"\/><\/figure><\/div>\n\n\n\n<p><strong>Kedvezm\u00e9nyezett neve:<\/strong>&nbsp;G\u00e1doros Nagyk\u00f6zs\u00e9g \u00d6nkorm\u00e1nyzata<\/p>\n\n\n\n<p><strong>P\u00e1ly\u00e1zati alprogram c\u00edme, k\u00f3dsz\u00e1ma:<\/strong>&nbsp;\u201e\u00dat, h\u00edd, ker\u00e9kp\u00e1rforgalmi l\u00e9tes\u00edtm\u00e9ny h\u00edd\u00e9p\u00edt\u00e9se\/fel\u00faj\u00edt\u00e1sa\u201d MFP-UHK\/2021<\/p>\n\n\n\n<p><strong>Projekt c\u00edme:<\/strong>&nbsp; \u201eG\u00e1doros, Nagy utca (hrsz: 731) r\u00e9szleges \u00fatburkolat fel\u00faj\u00edt\u00e1sa\u201d <\/p>\n\n\n\n<p><strong>T\u00e1mogat\u00e1s \u00f6sszege:<\/strong>&nbsp;39.320.598,-Ft Ft<\/p>\n\n\n\n<p><strong>T\u00e1mogat\u00e1s m\u00e9rt\u00e9ke:<\/strong>&nbsp;100%<\/p>\n\n\n\n<p><strong>Megval\u00f3sul\u00e1s \u00e9ve:<\/strong>&nbsp;2021 <\/p>\n","protected":false},"excerpt":{"rendered":"<p>Kedvezm\u00e9nyezett neve:&nbsp;G\u00e1doros Nagyk\u00f6zs\u00e9g \u00d6nkorm\u00e1nyzata P\u00e1ly\u00e1zati alprogram c\u00edme, k\u00f3dsz\u00e1ma:&nbsp;\u201e\u00dat, h\u00edd, ker\u00e9kp\u00e1rforgalmi l\u00e9tes\u00edtm\u00e9ny h\u00edd\u00e9p\u00edt\u00e9se\/fel\u00faj\u00edt\u00e1sa\u201d MFP-UHK\/2021 Projekt c\u00edme:&nbsp; \u201eG\u00e1doros, Nagy utca (hrsz: 731) r\u00e9szleges \u00fatburkolat fel\u00faj\u00edt\u00e1sa\u201d T\u00e1mogat\u00e1s \u00f6sszege:&nbsp;39.320.598,-Ft Ft T\u00e1mogat\u00e1s m\u00e9rt\u00e9ke:&nbsp;100% Megval\u00f3sul\u00e1s \u00e9ve:&nbsp;2021<\/p>\n","protected":false},"author":5,"featured_media":0,"parent":0,"menu_order":0,"comment_status":"closed","ping_status":"closed","template":"","meta":{"footnotes":""},"_links":{"self":[{"href":"http:\/\/gadoros.hu\/index.php?rest_route=\/wp\/v2\/pages\/3518"}],"collection":[{"href":"http:\/\/gadoros.hu\/index.php?rest_route=\/wp\/v2\/pages"}],"about":[{"href":"http:\/\/gadoros.hu\/index.php?rest_route=\/wp\/v2\/types\/page"}],"author":[{"embeddable":true,"href":"http:\/\/gadoros.hu\/index.php?rest_route=\/wp\/v2\/users\/5"}],"replies":[{"embeddable":true,"href":"http:\/\/gadoros.hu\/index.php?rest_route=%2Fwp%2Fv2%2Fcomments&post=3518"}],"version-history":[{"count":5,"href":"http:\/\/gadoros.hu\/index.php?rest_route=\/wp\/v2\/pages\/3518\/revisions"}],"predecessor-version":[{"id":3536,"href":"http:\/\/gadoros.hu\/index.php?rest_route=\/wp\/v2\/pages\/3518\/revisions\/3536"}],"wp:attachment":[{"href":"http:\/\/gadoros.hu\/index.php?rest_route=%2Fwp%2Fv2%2Fmedia&parent=3518"}],"curies":[{"name":"wp","href":"https:\/\/api.w.org\/{rel}","templated":true}]}}