{"id":336,"date":"2014-03-20T11:07:17","date_gmt":"2014-03-20T11:07:17","guid":{"rendered":"http:\/\/test.gadoros.hu\/?page_id=336"},"modified":"2014-05-28T08:25:35","modified_gmt":"2014-05-28T08:25:35","slug":"beszoktatas","status":"publish","type":"page","link":"http:\/\/gadoros.hu\/?page_id=336","title":{"rendered":"Beszoktat\u00e1s"},"content":{"rendered":"<p><strong><em>A beszoktat\u00e1s<\/em><\/strong><\/p>\n<p>Az els\u0151 tal\u00e1lkoz\u00e1s az \u00f3vod\u00e1val minden gyermek eset\u00e9ben alapvet\u0151en befoly\u00e1solja az \u00f3vod\u00e1hoz f\u0171z\u0151d\u0151 viszony\u00e1t, \u00e9ppen ez\u00e9rt k\u00f6r\u00fcltekint\u00e9st, t\u00fcrelmet, gyeng\u00e9ds\u00e9get ig\u00e9nyel a csal\u00e1db\u00f3l k\u00f6zvetlen\u00fcl \u00f3vod\u00e1ba ker\u00fcl\u0151 gyerekek beszoktat\u00e1sa. El\u0151sz\u00f6r csal\u00e1dl\u00e1togat\u00e1s kapcs\u00e1n, otthonukban tal\u00e1lkozunk a kisgyerekekkel. \u00d3vod\u00e1ba l\u00e9p\u00e9skor ismer\u0151sk\u00e9nt \u00fcdv\u00f6z\u00f6lhetj\u00fck egym\u00e1st.<\/p>\n<p>Vannak sz\u00fcl\u0151k, akik sz\u00edvesen vesznek r\u00e9szt ebben a folyamatban. Azon t\u00fal, hogy a gyermek\u00fck sz\u00e1m\u00e1ra is biztos\u00edtj\u00e1k a lelki egyens\u00falyt, betekint\u00e9st nyernek az \u00f3voda \u00e9let\u00e9be , \u00e9s ez\u00e1ltal jobban megbecs\u00fclik az ott foly\u00f3 nevel\u0151munk\u00e1t. Ez a k\u00f6z\u00f6s indul\u00e1s alapja is lehet a folyamatos, \u0151szinte egy\u00fcttm\u0171k\u00f6d\u00e9snek.<\/p>\n<p>A gyermekek j\u00f3 k\u00f6z\u00e9rzet\u00e9hez a feln\u0151ttek testk\u00f6zels\u00e9g\u00e9re is sz\u00fcks\u00e9g van. Ez\u00e9rt sokat j\u00e1tszunk \u00f6lbeli j\u00e1t\u00e9kot, lovagoltat\u00f3t, cir\u00f3gat\u00f3t, simogat\u00f3t. nem csak \u00f6lbe vessz\u00fck, babusgatjuk \u0151ket, hanem megtan\u00edtjuk az alapvet\u0151 eg\u00e9szs\u00e9g\u00fcgyi szok\u00e1sokra is, mint p\u00e9ld\u00e1ul helyes wc haszn\u00e1lat, fog\u00e1pol\u00e1s, \u00f6lt\u00f6zk\u00f6d\u00e9s, k\u00f6rnyezet\u00fcnk rendben tart\u00e1sa.<\/p>\n<p>(S\u00fcni csoport, Csiga csoport)<\/p>\n<p>&nbsp;<\/p>\n<p><strong><em>Amit m\u00e9g fontos tudni a beszoktat\u00e1sr\u00f3l \u00e9s az \u00f3voda\u00e9retts\u00e9gr\u0151l<\/em><\/strong><\/p>\n<p>Az \u00f3voda\u00e9retts\u00e9get akkor \u00e9ri el a kisgyermek, ha r\u00f6videbb hosszabb ideig el tud szakadni az any\u00e1t\u00f3l, ez a beszoktat\u00e1s id\u0151szak\u00e1ban mutatkozik meg legel\u0151sz\u00f6r.<\/p>\n<p>A lev\u00e1l\u00e1si szorong\u00e1s elvisel\u00e9s\u00e9ben a bels\u0151v\u00e9 v\u00e1l\u00f3 \u00e9s mindig felid\u00e9zhet\u0151 anya k\u00e9pe seg\u00edt a picinek. Ha a gyermek bels\u0151 vil\u00e1ga nem szil\u00e1rdult meg, a gyermek teljes k\u00e9ts\u00e9gbees\u00e9ssel \u00e9li meg az anya t\u00e1voll\u00e9t\u00e9t, \u00e9s nem k\u00e9pes a k\u00f6r\u00fcl\u00f6tte zajl\u00f3 j\u00e1t\u00e9kokra, tev\u00e9kenys\u00e9gekre figyelni. De a sz\u00fcl\u0151 k\u00fcl\u00f6nb\u00f6z\u0151 m\u00f3dszerekkel, p\u00e9ld\u00e1ul any\u00e1s beszoktat\u00e1ssal vagy konzult\u00e1ci\u00f3val seg\u00edtheti a lev\u00e1l\u00e1st. ha a sz\u00fcl\u0151 bent van a csoportban, a gyermek biztons\u00e1gban \u00e9rezheti mag\u00e1t \u00e9s k\u00edv\u00e1ncsi lesz a j\u00e1t\u00e9kokra, a pajt\u00e1sokra. Az \u00f3vodai tart\u00f3zkod\u00e1si id\u0151 folyamatos n\u00f6vel\u00e9s\u00e9vel, k\u00f6vetkezetes \u00e9s biztons\u00e1gos l\u00e9gk\u00f6rben a gyermek egy id\u0151 ut\u00e1n m\u00e1r nem ig\u00e9nyli majd az anya \u00e1lland\u00f3 jelenl\u00e9t\u00e9t, hiszen az \u00f6n\u00e1ll\u00f3s\u00e1g el\u00e9r\u00e9se egyre \u00e1h\u00edtottabb lesz sz\u00e1m\u00e1ra.<\/p>\n<p>( M\u00f3kus csoport)<\/p>\n","protected":false},"excerpt":{"rendered":"<p>A beszoktat\u00e1s Az els\u0151 tal\u00e1lkoz\u00e1s az \u00f3vod\u00e1val minden gyermek eset\u00e9ben alapvet\u0151en befoly\u00e1solja az \u00f3vod\u00e1hoz f\u0171z\u0151d\u0151 viszony\u00e1t, \u00e9ppen ez\u00e9rt k\u00f6r\u00fcltekint\u00e9st, t\u00fcrelmet, gyeng\u00e9ds\u00e9get ig\u00e9nyel a csal\u00e1db\u00f3l k\u00f6zvetlen\u00fcl \u00f3vod\u00e1ba ker\u00fcl\u0151 gyerekek beszoktat\u00e1sa. El\u0151sz\u00f6r csal\u00e1dl\u00e1togat\u00e1s kapcs\u00e1n, otthonukban tal\u00e1lkozunk a kisgyerekekkel. \u00d3vod\u00e1ba l\u00e9p\u00e9skor ismer\u0151sk\u00e9nt \u00fcdv\u00f6z\u00f6lhetj\u00fck egym\u00e1st. Vannak sz\u00fcl\u0151k, akik sz\u00edvesen vesznek r\u00e9szt ebben a folyamatban. Azon t\u00fal, hogy a gyermek\u00fck [&hellip;]<\/p>\n","protected":false},"author":1,"featured_media":0,"parent":58,"menu_order":0,"comment_status":"closed","ping_status":"closed","template":"","meta":{"footnotes":""},"_links":{"self":[{"href":"http:\/\/gadoros.hu\/index.php?rest_route=\/wp\/v2\/pages\/336"}],"collection":[{"href":"http:\/\/gadoros.hu\/index.php?rest_route=\/wp\/v2\/pages"}],"about":[{"href":"http:\/\/gadoros.hu\/index.php?rest_route=\/wp\/v2\/types\/page"}],"author":[{"embeddable":true,"href":"http:\/\/gadoros.hu\/index.php?rest_route=\/wp\/v2\/users\/1"}],"replies":[{"embeddable":true,"href":"http:\/\/gadoros.hu\/index.php?rest_route=%2Fwp%2Fv2%2Fcomments&post=336"}],"version-history":[{"count":1,"href":"http:\/\/gadoros.hu\/index.php?rest_route=\/wp\/v2\/pages\/336\/revisions"}],"predecessor-version":[{"id":337,"href":"http:\/\/gadoros.hu\/index.php?rest_route=\/wp\/v2\/pages\/336\/revisions\/337"}],"up":[{"embeddable":true,"href":"http:\/\/gadoros.hu\/index.php?rest_route=\/wp\/v2\/pages\/58"}],"wp:attachment":[{"href":"http:\/\/gadoros.hu\/index.php?rest_route=%2Fwp%2Fv2%2Fmedia&parent=336"}],"curies":[{"name":"wp","href":"https:\/\/api.w.org\/{rel}","templated":true}]}}