{"id":332,"date":"2014-03-20T10:16:51","date_gmt":"2014-03-20T10:16:51","guid":{"rendered":"http:\/\/test.gadoros.hu\/?page_id=332"},"modified":"2014-05-28T08:26:01","modified_gmt":"2014-05-28T08:26:01","slug":"ovoda-informacio","status":"publish","type":"page","link":"http:\/\/gadoros.hu\/?page_id=332","title":{"rendered":"Inform\u00e1ci\u00f3"},"content":{"rendered":"<p align=\"JUSTIFY\"><strong>\u00d3voda nyitva tart\u00e1sa:<\/strong><\/p>\n<p align=\"JUSTIFY\">H\u00e9tf\u0151t\u0151l \u2013 P\u00e9ntekig -Reggel 6.<sup>00\u00a0<\/sup>-t\u00f3l d\u00e9lut\u00e1n 17.<sup>00-i<\/sup>g<\/p>\n<p align=\"JUSTIFY\"><img decoding=\"async\" class=\"alignleft size-full wp-image-362\" src=\"http:\/\/test.gadoros.hu\/wp-content\/uploads\/2014\/03\/neptanc.jpg\" alt=\"neptanc\" width=\"140\" align=\"LEFT\" border=\"0\" hspace=\"10\" vspace=\"10\" srcset=\"http:\/\/gadoros.hu\/wp-content\/uploads\/2014\/03\/neptanc.jpg 640w, http:\/\/gadoros.hu\/wp-content\/uploads\/2014\/03\/neptanc-300x224.jpg 300w, http:\/\/gadoros.hu\/wp-content\/uploads\/2014\/03\/neptanc-624x466.jpg 624w\" sizes=\"(max-width: 640px) 100vw, 640px\" \/>\u00a0<strong>Szolg\u00e1ltat\u00e1sok:<\/strong><\/p>\n<p style=\"padding-left: 120px;\">&#8211; \u201e B\u00fazavir\u00e1g \u201e Gyermek N\u00e9pt\u00e1nc oktat\u00e1s<br \/>\n&#8211; Hitoktat\u00e1s<\/p>\n<p align=\"JUSTIFY\">T\u00e1mogathat\u00f3 alap\u00edtv\u00e1nyunk:<\/p>\n<p align=\"JUSTIFY\"><strong>G\u00c1DOROSI \u00d3VOD\u00c1S GYERMEKEK\u00c9RT ALAP\u00cdTV\u00c1NY<br \/>\n<\/strong><strong style=\"line-height: 1.714285714; font-size: 1rem;\">Ad\u00f3sz\u00e1m: 18383719-1-04<\/strong><\/p>\n<p align=\"JUSTIFY\">El\u00e9rhet\u0151s\u00e9geink:<\/p>\n<p align=\"JUSTIFY\">Sz\u00e9khely : 5932 G\u00e1doros B\u00e9ke t\u00e9r 6.<br \/>\nTel.:06-68\/ 490-042<br \/>\nE-mail :\u00a0<a href=\"mailto:gadorosovoda@gadoros.hu\"><span style=\"color: #5076b6;\">gadorosovoda@gadoros.hu<\/span><\/a><\/p>\n<p align=\"JUSTIFY\">2008. november\u00e9ben megjelentett\u00fck a \u201e T\u00f6rpe- Vil\u00e1g \u201e ovi \u00fajs\u00e1gunkat.\u00a0T\u00f6rt\u00e9netekkel ,k\u00e9pekkel szeretn\u00e9nk bepillant\u00e1st ny\u00fajtani \u00f3vodai \u00e9let\u00fcnk mindennapjaiba.<\/p>\n","protected":false},"excerpt":{"rendered":"<p>\u00d3voda nyitva tart\u00e1sa: H\u00e9tf\u0151t\u0151l \u2013 P\u00e9ntekig -Reggel 6.00\u00a0-t\u00f3l d\u00e9lut\u00e1n 17.00-ig \u00a0Szolg\u00e1ltat\u00e1sok: &#8211; \u201e B\u00fazavir\u00e1g \u201e Gyermek N\u00e9pt\u00e1nc oktat\u00e1s &#8211; Hitoktat\u00e1s T\u00e1mogathat\u00f3 alap\u00edtv\u00e1nyunk: G\u00c1DOROSI \u00d3VOD\u00c1S GYERMEKEK\u00c9RT ALAP\u00cdTV\u00c1NY Ad\u00f3sz\u00e1m: 18383719-1-04 El\u00e9rhet\u0151s\u00e9geink: Sz\u00e9khely : 5932 G\u00e1doros B\u00e9ke t\u00e9r 6. Tel.:06-68\/ 490-042 E-mail :\u00a0gadorosovoda@gadoros.hu 2008. november\u00e9ben megjelentett\u00fck a \u201e T\u00f6rpe- Vil\u00e1g \u201e ovi \u00fajs\u00e1gunkat.\u00a0T\u00f6rt\u00e9netekkel ,k\u00e9pekkel szeretn\u00e9nk bepillant\u00e1st ny\u00fajtani \u00f3vodai [&hellip;]<\/p>\n","protected":false},"author":1,"featured_media":0,"parent":58,"menu_order":0,"comment_status":"closed","ping_status":"closed","template":"","meta":{"footnotes":""},"_links":{"self":[{"href":"http:\/\/gadoros.hu\/index.php?rest_route=\/wp\/v2\/pages\/332"}],"collection":[{"href":"http:\/\/gadoros.hu\/index.php?rest_route=\/wp\/v2\/pages"}],"about":[{"href":"http:\/\/gadoros.hu\/index.php?rest_route=\/wp\/v2\/types\/page"}],"author":[{"embeddable":true,"href":"http:\/\/gadoros.hu\/index.php?rest_route=\/wp\/v2\/users\/1"}],"replies":[{"embeddable":true,"href":"http:\/\/gadoros.hu\/index.php?rest_route=%2Fwp%2Fv2%2Fcomments&post=332"}],"version-history":[{"count":6,"href":"http:\/\/gadoros.hu\/index.php?rest_route=\/wp\/v2\/pages\/332\/revisions"}],"predecessor-version":[{"id":497,"href":"http:\/\/gadoros.hu\/index.php?rest_route=\/wp\/v2\/pages\/332\/revisions\/497"}],"up":[{"embeddable":true,"href":"http:\/\/gadoros.hu\/index.php?rest_route=\/wp\/v2\/pages\/58"}],"wp:attachment":[{"href":"http:\/\/gadoros.hu\/index.php?rest_route=%2Fwp%2Fv2%2Fmedia&parent=332"}],"curies":[{"name":"wp","href":"https:\/\/api.w.org\/{rel}","templated":true}]}}