{"id":327,"date":"2014-03-20T09:47:27","date_gmt":"2014-03-20T09:47:27","guid":{"rendered":"http:\/\/test.gadoros.hu\/?page_id=327"},"modified":"2026-04-22T14:18:00","modified_gmt":"2026-04-22T12:18:00","slug":"page_id1799","status":"publish","type":"page","link":"http:\/\/gadoros.hu\/?page_id=327","title":{"rendered":"K\u00e9pvisel\u0151 Test\u00fclet 2024-2029"},"content":{"rendered":"<p>\u00a0<\/p>\n<div class=\"editor-visual-editor__post-title-wrapper edit-post-visual-editor__post-title-wrapper\" contenteditable=\"false\">\n<h1 class=\"wp-block wp-block-post-title block-editor-block-list__block editor-post-title editor-post-title__input rich-text\" role=\"textbox\" contenteditable=\"true\" aria-label=\"C\u00edm hozz\u00e1ad\u00e1sa\" aria-multiline=\"true\">\u00a0<\/h1>\n<\/div>\n<div class=\"is-root-container is-desktop-preview is-layout-flow wp-block-post-content block-editor-block-list__layout\">\n<div id=\"block-00b825e4-3fdb-454f-be23-21d2ea942c63\" class=\"block-editor-block-list__block wp-block is-selected wp-block-freeform is-hovered\" tabindex=\"0\" role=\"document\" aria-label=\"Blokk: Klasszikus\" data-block=\"00b825e4-3fdb-454f-be23-21d2ea942c63\" data-type=\"core\/freeform\" data-title=\"Klasszikus\">\n<div id=\"editor-00b825e4-3fdb-454f-be23-21d2ea942c63\" class=\"wp-block-freeform block-library-rich-text__tinymce mce-content-body html5-captions mce-edit-focus\" contenteditable=\"true\">\n<h1 style=\"text-align: left;\"><strong>Polg\u00e1rmester:<\/strong><\/h1>\n<h4 style=\"text-align: left;\">Dr. Szil\u00e1gyi Tibor<\/h4>\n<h1 style=\"text-align: left;\"><strong>Alpolg\u00e1rmester:<\/strong><\/h1>\n<h4 style=\"text-align: left;\">Varga Bal\u00e1zs<\/h4>\n<h1 style=\"text-align: left;\"><strong>Telep\u00fcl\u00e9si k\u00e9pvisel\u0151k:<\/strong><\/h1>\n<ul>\n<li style=\"text-align: left;\">Fekete Tiborn\u00e9<\/li>\n<li style=\"text-align: left;\">Herbszt Gergely<\/li>\n<li style=\"text-align: left;\">Rib\u00e1rszki Istv\u00e1n J\u00e1nos<\/li>\n<li style=\"text-align: left;\">Simond\u00e1n Vilmos<\/li>\n<li style=\"text-align: left;\">Varga Bal\u00e1zs<\/li>\n<li>Varga Zsolt<\/li>\n<\/ul>\n<p><strong>\u00a0<\/strong><\/p>\n<h1 style=\"text-align: center;\"><strong>Bizotts\u00e1gok:<br \/><\/strong><\/h1>\n<p><strong>Szoci\u00e1lis, Kultur\u00e1lis, Eg\u00e9szs\u00e9g\u00fcgyi \u00e9s Sport Bizotts\u00e1g:<\/strong><\/p>\n<ul>\n<li>Fekete Tiborn\u00e9 &#8211; eln\u00f6k<\/li>\n<li>Herbszt Gergely &#8211; bizotts\u00e1gi tag<\/li>\n<li>Rib\u00e1rszki Istv\u00e1n J\u00e1nos- bizotts\u00e1gi tag<\/li>\n<li>Bell\u00e1n\u00e9 Sz\u0151ke Csilla &#8211; k\u00fcls\u0151 bizotts\u00e1gi tag<\/li>\n<li>Higyed-Horv\u00e1th Vikt\u00f3ria Katalin &#8211; k\u00fcls\u0151 bizotts\u00e1gi tag<\/li>\n<\/ul>\n<p><strong>P\u00e9nz\u00fcgyi, Gazdas\u00e1gi \u00e9s K\u00f6rnyezetv\u00e9delmi Bizotts\u00e1g:<\/strong><\/p>\n<ul>\n<li>Rib\u00e1rszki Istv\u00e1n J\u00e1nos- eln\u00f6k<\/li>\n<li>Varga Zsolt &#8211; bizotts\u00e1gi tag<\/li>\n<li>Mih\u00f3kn\u00e9 Rib\u00e1rszki Erika &#8211; k\u00fcls\u0151 bizotts\u00e1gi tag<\/li>\n<\/ul>\n<p><strong>Telep\u00fcl\u00e9si \u00c9rt\u00e9kt\u00e1r Bizotts\u00e1g:<\/strong><\/p>\n<ul>\n<li>Simond\u00e1n Vilmos &#8211; eln\u00f6k<\/li>\n<li>Varga Zsolt &#8211; bizotts\u00e1gi tag<\/li>\n<li>Moln\u00e1rn\u00e9 Szab\u00f3 \u00c1gnes &#8211; k\u00fcls\u0151 bizotts\u00e1gi tag<\/li>\n<\/ul>\n<\/div>\n<\/div>\n<\/div>\n\n<div class=\"lightweight-accordion height: 120px; has-text-color has-background\"><details><summary class=\"lightweight-accordion-title\" style=\"color:#444;background:#e6e6e6;\"><span>Test\u00fcleti anyagok<\/span><\/summary><div class=\"lightweight-accordion-body\" style=\"border-color:#e6e6e6;\">\n\n<figure class=\"wp-block-embed is-type-wp-embed is-provider-g-doros-nagyk-zs-g-hivatalos-honlapja wp-block-embed-g-doros-nagyk-zs-g-hivatalos-honlapja\"><div class=\"wp-block-embed__wrapper\">\n<blockquote class=\"wp-embedded-content\" data-secret=\"CL1HgaF0eh\"><a href=\"http:\/\/gadoros.hu\/?page_id=161\">K\u00e9pvisel\u0151 Test\u00fcleti \u00dcl\u00e9sek jegyz\u0151k\u00f6nyvei<\/a><\/blockquote><iframe class=\"wp-embedded-content\" sandbox=\"allow-scripts\" security=\"restricted\" style=\"position: absolute; visibility: hidden;\" title=\"&#8220;K\u00e9pvisel\u0151 Test\u00fcleti \u00dcl\u00e9sek jegyz\u0151k\u00f6nyvei&#8221; &#8212; G\u00e1doros Nagyk\u00f6zs\u00e9g Hivatalos Honlapja\" src=\"http:\/\/gadoros.hu\/?page_id=161&#038;embed=true#?secret=wAF7Mdzghw#?secret=CL1HgaF0eh\" data-secret=\"CL1HgaF0eh\" width=\"600\" height=\"338\" frameborder=\"0\" marginwidth=\"0\" marginheight=\"0\" scrolling=\"no\"><\/iframe>\n<\/div><\/figure>\n\n\n\n<figure class=\"wp-block-embed is-type-wp-embed is-provider-g-doros-nagyk-zs-g-hivatalos-honlapja wp-block-embed-g-doros-nagyk-zs-g-hivatalos-honlapja\"><div class=\"wp-block-embed__wrapper\">\n<blockquote class=\"wp-embedded-content\" data-secret=\"GKjmaoJOxJ\"><a href=\"http:\/\/gadoros.hu\/?page_id=148\">K\u00e9pvisel\u0151-Test\u00fcleti \u00fcl\u00e9sek el\u0151terjeszt\u00e9sei<\/a><\/blockquote><iframe class=\"wp-embedded-content\" sandbox=\"allow-scripts\" security=\"restricted\" style=\"position: absolute; visibility: hidden;\" title=\"&#8220;K\u00e9pvisel\u0151-Test\u00fcleti \u00fcl\u00e9sek el\u0151terjeszt\u00e9sei&#8221; &#8212; G\u00e1doros Nagyk\u00f6zs\u00e9g Hivatalos Honlapja\" src=\"http:\/\/gadoros.hu\/?page_id=148&#038;embed=true#?secret=3h0vMzEFSr#?secret=GKjmaoJOxJ\" data-secret=\"GKjmaoJOxJ\" width=\"600\" height=\"338\" frameborder=\"0\" marginwidth=\"0\" marginheight=\"0\" scrolling=\"no\"><\/iframe>\n<\/div><\/figure>\n\n\n\n<figure class=\"wp-block-embed is-type-wp-embed is-provider-g-doros-nagyk-zs-g-hivatalos-honlapja wp-block-embed-g-doros-nagyk-zs-g-hivatalos-honlapja\"><div class=\"wp-block-embed__wrapper\">\n<blockquote class=\"wp-embedded-content\" data-secret=\"MYMWNcFnUw\"><a href=\"http:\/\/gadoros.hu\/?page_id=178\">P\u00e9nz\u00fcgyi Bizotts\u00e1gi \u00dcl\u00e9sek Jegyz\u0151k\u00f6nyvei<\/a><\/blockquote><iframe class=\"wp-embedded-content\" sandbox=\"allow-scripts\" security=\"restricted\" style=\"position: absolute; visibility: hidden;\" title=\"&#8220;P\u00e9nz\u00fcgyi Bizotts\u00e1gi \u00dcl\u00e9sek Jegyz\u0151k\u00f6nyvei&#8221; &#8212; G\u00e1doros Nagyk\u00f6zs\u00e9g Hivatalos Honlapja\" src=\"http:\/\/gadoros.hu\/?page_id=178&#038;embed=true#?secret=EChSZvxPn7#?secret=MYMWNcFnUw\" data-secret=\"MYMWNcFnUw\" width=\"600\" height=\"338\" frameborder=\"0\" marginwidth=\"0\" marginheight=\"0\" scrolling=\"no\"><\/iframe>\n<\/div><\/figure>\n\n\n\n<figure class=\"wp-block-embed is-type-wp-embed is-provider-g-doros-nagyk-zs-g-hivatalos-honlapja wp-block-embed-g-doros-nagyk-zs-g-hivatalos-honlapja\"><div class=\"wp-block-embed__wrapper\">\n<blockquote class=\"wp-embedded-content\" data-secret=\"Ivx50Ak4t1\"><a href=\"http:\/\/gadoros.hu\/?page_id=1054\">Egy\u00e9b bizotts\u00e1gi jegyz\u0151k\u00f6nyvek<\/a><\/blockquote><iframe class=\"wp-embedded-content\" sandbox=\"allow-scripts\" security=\"restricted\" style=\"position: absolute; visibility: hidden;\" title=\"&#8220;Egy\u00e9b bizotts\u00e1gi jegyz\u0151k\u00f6nyvek&#8221; &#8212; G\u00e1doros Nagyk\u00f6zs\u00e9g Hivatalos Honlapja\" src=\"http:\/\/gadoros.hu\/?page_id=1054&#038;embed=true#?secret=YqUfL06DWw#?secret=Ivx50Ak4t1\" data-secret=\"Ivx50Ak4t1\" width=\"600\" height=\"338\" frameborder=\"0\" marginwidth=\"0\" marginheight=\"0\" scrolling=\"no\"><\/iframe>\n<\/div><\/figure>\n\n\n\n<figure class=\"wp-block-embed is-type-wp-embed is-provider-g-doros-nagyk-zs-g-hivatalos-honlapja wp-block-embed-g-doros-nagyk-zs-g-hivatalos-honlapja\"><div class=\"wp-block-embed__wrapper\">\n<blockquote class=\"wp-embedded-content\" data-secret=\"JSN1590Yl0\"><a href=\"http:\/\/gadoros.hu\/?page_id=949\">Roma Nemzetis\u00e9gi \u00d6nkorm\u00e1nyzat Jegyz\u0151k\u00f6nyvei<\/a><\/blockquote><iframe class=\"wp-embedded-content\" sandbox=\"allow-scripts\" security=\"restricted\" style=\"position: absolute; visibility: hidden;\" title=\"&#8220;Roma Nemzetis\u00e9gi \u00d6nkorm\u00e1nyzat Jegyz\u0151k\u00f6nyvei&#8221; &#8212; G\u00e1doros Nagyk\u00f6zs\u00e9g Hivatalos Honlapja\" src=\"http:\/\/gadoros.hu\/?page_id=949&#038;embed=true#?secret=vCxnLeZGSp#?secret=JSN1590Yl0\" data-secret=\"JSN1590Yl0\" width=\"600\" height=\"338\" frameborder=\"0\" marginwidth=\"0\" marginheight=\"0\" scrolling=\"no\"><\/iframe>\n<\/div><\/figure>\n\n\n\n<figure class=\"wp-block-embed is-type-wp-embed is-provider-g-doros-nagyk-zs-g-hivatalos-honlapja wp-block-embed-g-doros-nagyk-zs-g-hivatalos-honlapja\"><div class=\"wp-block-embed__wrapper\">\n<blockquote class=\"wp-embedded-content\" data-secret=\"yZQfbOXXNS\"><a href=\"http:\/\/gadoros.hu\/?page_id=483\">Alap\u00edt\u00f3 Okiratok<\/a><\/blockquote><iframe class=\"wp-embedded-content\" sandbox=\"allow-scripts\" security=\"restricted\" style=\"position: absolute; visibility: hidden;\" title=\"&#8220;Alap\u00edt\u00f3 Okiratok&#8221; &#8212; G\u00e1doros Nagyk\u00f6zs\u00e9g Hivatalos Honlapja\" src=\"http:\/\/gadoros.hu\/?page_id=483&#038;embed=true#?secret=rc0R6nPRVS#?secret=yZQfbOXXNS\" data-secret=\"yZQfbOXXNS\" width=\"600\" height=\"338\" frameborder=\"0\" marginwidth=\"0\" marginheight=\"0\" scrolling=\"no\"><\/iframe>\n<\/div><\/figure>\n\n\n\n<figure class=\"wp-block-embed is-type-wp-embed is-provider-g-doros-nagyk-zs-g-hivatalos-honlapja wp-block-embed-g-doros-nagyk-zs-g-hivatalos-honlapja\"><div class=\"wp-block-embed__wrapper\">\n<blockquote class=\"wp-embedded-content\" data-secret=\"RrUAZetark\"><a href=\"http:\/\/gadoros.hu\/?page_id=1159\">K\u00e9pvisel\u0151 Test\u00fclet &#8211; Dokumentumt\u00e1r<\/a><\/blockquote><iframe class=\"wp-embedded-content\" sandbox=\"allow-scripts\" security=\"restricted\" style=\"position: absolute; visibility: hidden;\" title=\"&#8220;K\u00e9pvisel\u0151 Test\u00fclet &#8211; Dokumentumt\u00e1r&#8221; &#8212; G\u00e1doros Nagyk\u00f6zs\u00e9g Hivatalos Honlapja\" src=\"http:\/\/gadoros.hu\/?page_id=1159&#038;embed=true#?secret=5DaYyMeeBy#?secret=RrUAZetark\" data-secret=\"RrUAZetark\" width=\"600\" height=\"338\" frameborder=\"0\" marginwidth=\"0\" marginheight=\"0\" scrolling=\"no\"><\/iframe>\n<\/div><\/figure>\n\n\n\n<figure class=\"wp-block-embed is-type-wp-embed is-provider-g-doros-nagyk-zs-g-hivatalos-honlapja wp-block-embed-g-doros-nagyk-zs-g-hivatalos-honlapja\"><div class=\"wp-block-embed__wrapper\">\n<blockquote class=\"wp-embedded-content\" data-secret=\"dPguOiEFyE\"><a href=\"http:\/\/gadoros.hu\/?page_id=2220\">Polg\u00e1rmesteri hat\u00e1rozatok 2019-2024<\/a><\/blockquote><iframe class=\"wp-embedded-content\" sandbox=\"allow-scripts\" security=\"restricted\" style=\"position: absolute; visibility: hidden;\" title=\"&#8220;Polg\u00e1rmesteri hat\u00e1rozatok 2019-2024&#8221; &#8212; G\u00e1doros Nagyk\u00f6zs\u00e9g Hivatalos Honlapja\" src=\"http:\/\/gadoros.hu\/?page_id=2220&#038;embed=true#?secret=aNru16z5uW#?secret=dPguOiEFyE\" data-secret=\"dPguOiEFyE\" width=\"600\" height=\"338\" frameborder=\"0\" marginwidth=\"0\" marginheight=\"0\" scrolling=\"no\"><\/iframe>\n<\/div><\/figure>\n\n<\/div><\/details><\/div>\n\n<div class=\"lightweight-accordion\"><details><summary class=\"lightweight-accordion-title\"><span>G\u00e1doros Nagyk\u00f6zs\u00e9g Gazdas\u00e1gi Programja 2025<\/span><\/summary><div class=\"lightweight-accordion-body\">\n\n<div data-wp-interactive=\"core\/file\" class=\"wp-block-file\"><object data-wp-bind--hidden=\"!state.hasPdfPreview\"  class=\"wp-block-file__embed\" data=\"http:\/\/gadoros.hu\/wp-content\/uploads\/2025\/05\/Gadoros-Nagykozseg-Gazdasagi-Programja-2025.pdf\" type=\"application\/pdf\" style=\"width:100%;height:600px\" aria-label=\"G\u00e1doros Nagyk\u00f6zs\u00e9g Gazdas\u00e1gi Programja 2025 be\u00e1gyaz\u00e1sa\"><\/object><a id=\"wp-block-file--media-5020a4c5-ea3e-4411-835f-caf563074b20\" href=\"http:\/\/gadoros.hu\/wp-content\/uploads\/2025\/05\/Gadoros-Nagykozseg-Gazdasagi-Programja-2025.pdf\">G\u00e1doros Nagyk\u00f6zs\u00e9g Gazdas\u00e1gi Programja 2025<\/a><a href=\"http:\/\/gadoros.hu\/wp-content\/uploads\/2025\/05\/Gadoros-Nagykozseg-Gazdasagi-Programja-2025.pdf\" class=\"wp-block-file__button wp-element-button\" download aria-describedby=\"wp-block-file--media-5020a4c5-ea3e-4411-835f-caf563074b20\">Let\u00f6lt\u00e9s<\/a><\/div>\n\n<\/div><\/details><\/div>\n\n\n<p><\/p>\n","protected":false},"excerpt":{"rendered":"<p>\u00a0 \u00a0 Polg\u00e1rmester: Dr. Szil\u00e1gyi Tibor Alpolg\u00e1rmester: Varga Bal\u00e1zs Telep\u00fcl\u00e9si k\u00e9pvisel\u0151k: Fekete Tiborn\u00e9 Herbszt Gergely Rib\u00e1rszki Istv\u00e1n J\u00e1nos Simond\u00e1n Vilmos Varga Bal\u00e1zs Varga Zsolt \u00a0 Bizotts\u00e1gok: Szoci\u00e1lis, Kultur\u00e1lis, Eg\u00e9szs\u00e9g\u00fcgyi \u00e9s Sport Bizotts\u00e1g: Fekete Tiborn\u00e9 &#8211; eln\u00f6k Herbszt Gergely &#8211; bizotts\u00e1gi tag Rib\u00e1rszki Istv\u00e1n J\u00e1nos- bizotts\u00e1gi tag Bell\u00e1n\u00e9 Sz\u0151ke Csilla &#8211; k\u00fcls\u0151 bizotts\u00e1gi tag Higyed-Horv\u00e1th Vikt\u00f3ria [&hellip;]<\/p>\n","protected":false},"author":1,"featured_media":0,"parent":1799,"menu_order":0,"comment_status":"closed","ping_status":"closed","template":"","meta":{"footnotes":""},"_links":{"self":[{"href":"http:\/\/gadoros.hu\/index.php?rest_route=\/wp\/v2\/pages\/327"}],"collection":[{"href":"http:\/\/gadoros.hu\/index.php?rest_route=\/wp\/v2\/pages"}],"about":[{"href":"http:\/\/gadoros.hu\/index.php?rest_route=\/wp\/v2\/types\/page"}],"author":[{"embeddable":true,"href":"http:\/\/gadoros.hu\/index.php?rest_route=\/wp\/v2\/users\/1"}],"replies":[{"embeddable":true,"href":"http:\/\/gadoros.hu\/index.php?rest_route=%2Fwp%2Fv2%2Fcomments&post=327"}],"version-history":[{"count":38,"href":"http:\/\/gadoros.hu\/index.php?rest_route=\/wp\/v2\/pages\/327\/revisions"}],"predecessor-version":[{"id":8169,"href":"http:\/\/gadoros.hu\/index.php?rest_route=\/wp\/v2\/pages\/327\/revisions\/8169"}],"up":[{"embeddable":true,"href":"http:\/\/gadoros.hu\/index.php?rest_route=\/wp\/v2\/pages\/1799"}],"wp:attachment":[{"href":"http:\/\/gadoros.hu\/index.php?rest_route=%2Fwp%2Fv2%2Fmedia&parent=327"}],"curies":[{"name":"wp","href":"https:\/\/api.w.org\/{rel}","templated":true}]}}