{"id":3174,"date":"2021-10-28T11:39:30","date_gmt":"2021-10-28T11:39:30","guid":{"rendered":"http:\/\/www.gadoros.hu\/?page_id=3174"},"modified":"2021-10-28T11:39:30","modified_gmt":"2021-10-28T11:39:30","slug":"onkormanyzati-tulajdonban-levo-ut-hidepites-felujitas-2020-mfp-otu-2020","status":"publish","type":"page","link":"http:\/\/gadoros.hu\/?page_id=3174","title":{"rendered":"\u201e\u00d6nkorm\u00e1nyzati tulajdonban l\u00e9v\u0151 \u00fat-, h\u00edd\u00e9p\u00edt\u00e9s\/fel\u00faj\u00edt\u00e1s &#8211; 2020\u201d MFP-\u00d6TU\/2020"},"content":{"rendered":"<p><strong>Kedvezm\u00e9nyezett neve:<\/strong> G\u00e1doros Nagyk\u00f6zs\u00e9g \u00d6nkorm\u00e1nyzata<\/p>\n<p><strong>P\u00e1ly\u00e1zati alprogram c\u00edme, k\u00f3dsz\u00e1ma:<\/strong> \u201e\u00d6nkorm\u00e1nyzati tulajdonban l\u00e9v\u0151 \u00fat-, h\u00edd\u00e9p\u00edt\u00e9s\/fel\u00faj\u00edt\u00e1s &#8211; 2020\u201d MFP-\u00d6TU\/2020<\/p>\n<p><strong>Projekt c\u00edme:<\/strong> G\u00e1doros, Iskola \u00fatburkolat fel\u00faj\u00edt\u00e1sa<\/p>\n<p><strong>T\u00e1mogat\u00e1s \u00f6sszege:<\/strong> 22\u00a0393 364 Ft<\/p>\n<p><strong>T\u00e1mogat\u00e1s m\u00e9rt\u00e9ke:<\/strong> 100%<\/p>\n<p><strong>Projekt tartalm\u00e1nak r\u00f6vid \u00f6sszefoglal\u00e1sa:<br \/><\/strong>G\u00e1doros Nagyk\u00f6zs\u00e9g \u00d6nkorm\u00e1nyzata az MFP \u00d6nkorm\u00e1nyzati tulajdonban l\u00e9v\u0151 \u00fat-, h\u00edd\u00e9p\u00edt\u00e9s\/fel\u00faj\u00edt\u00e1s \u2013 2020 alprogram keret\u00e9ben az Iskola utca teljes burkolat\u00e1t 365 m\u00e9ter hossz\u00fas\u00e1gban k\u00edv\u00e1nja fel\u00faj\u00edtani. A fejleszt\u00e9s eredm\u00e9nyek\u00e9nt javul a telep\u00fcl\u00e9sk\u00e9p, amely a m\u00e1r most is negat\u00edv n\u00e9pess\u00e9gmozgalmi tendenci\u00e1kat enyh\u00edti, hiszen n\u0151het a telep\u00fcl\u00e9s n\u00e9pess\u00e9gmegtart\u00f3 k\u00e9pess\u00e9ge.<\/p>\n\n\n<p><\/p>\n","protected":false},"excerpt":{"rendered":"<p>Kedvezm\u00e9nyezett neve: G\u00e1doros Nagyk\u00f6zs\u00e9g \u00d6nkorm\u00e1nyzata P\u00e1ly\u00e1zati alprogram c\u00edme, k\u00f3dsz\u00e1ma: \u201e\u00d6nkorm\u00e1nyzati tulajdonban l\u00e9v\u0151 \u00fat-, h\u00edd\u00e9p\u00edt\u00e9s\/fel\u00faj\u00edt\u00e1s &#8211; 2020\u201d MFP-\u00d6TU\/2020 Projekt c\u00edme: G\u00e1doros, Iskola \u00fatburkolat fel\u00faj\u00edt\u00e1sa T\u00e1mogat\u00e1s \u00f6sszege: 22\u00a0393 364 Ft T\u00e1mogat\u00e1s m\u00e9rt\u00e9ke: 100% Projekt tartalm\u00e1nak r\u00f6vid \u00f6sszefoglal\u00e1sa:G\u00e1doros Nagyk\u00f6zs\u00e9g \u00d6nkorm\u00e1nyzata az MFP \u00d6nkorm\u00e1nyzati tulajdonban l\u00e9v\u0151 \u00fat-, h\u00edd\u00e9p\u00edt\u00e9s\/fel\u00faj\u00edt\u00e1s \u2013 2020 alprogram keret\u00e9ben az Iskola utca teljes burkolat\u00e1t 365 m\u00e9ter [&hellip;]<\/p>\n","protected":false},"author":3,"featured_media":0,"parent":0,"menu_order":0,"comment_status":"closed","ping_status":"closed","template":"","meta":{"footnotes":""},"class_list":["post-3174","page","type-page","status-publish","hentry"],"_links":{"self":[{"href":"http:\/\/gadoros.hu\/index.php?rest_route=\/wp\/v2\/pages\/3174"}],"collection":[{"href":"http:\/\/gadoros.hu\/index.php?rest_route=\/wp\/v2\/pages"}],"about":[{"href":"http:\/\/gadoros.hu\/index.php?rest_route=\/wp\/v2\/types\/page"}],"author":[{"embeddable":true,"href":"http:\/\/gadoros.hu\/index.php?rest_route=\/wp\/v2\/users\/3"}],"replies":[{"embeddable":true,"href":"http:\/\/gadoros.hu\/index.php?rest_route=%2Fwp%2Fv2%2Fcomments&post=3174"}],"version-history":[{"count":1,"href":"http:\/\/gadoros.hu\/index.php?rest_route=\/wp\/v2\/pages\/3174\/revisions"}],"predecessor-version":[{"id":3175,"href":"http:\/\/gadoros.hu\/index.php?rest_route=\/wp\/v2\/pages\/3174\/revisions\/3175"}],"wp:attachment":[{"href":"http:\/\/gadoros.hu\/index.php?rest_route=%2Fwp%2Fv2%2Fmedia&parent=3174"}],"curies":[{"name":"wp","href":"https:\/\/api.w.org\/{rel}","templated":true}]}}