{"id":3161,"date":"2021-10-21T12:11:12","date_gmt":"2021-10-21T12:11:12","guid":{"rendered":"http:\/\/www.gadoros.hu\/?page_id=3161"},"modified":"2021-10-21T12:11:12","modified_gmt":"2021-10-21T12:11:12","slug":"temeto-fejlesztese-mfp-fft-2019","status":"publish","type":"page","link":"http:\/\/gadoros.hu\/?page_id=3161","title":{"rendered":"\u201eTemet\u0151 fejleszt\u00e9se\u201d MFP-FFT\/2019"},"content":{"rendered":"\n<p><\/p>\n\n\n<p><strong>Kedvezm\u00e9nyezett neve:<\/strong> G\u00e1doros Nagyk\u00f6zs\u00e9g \u00d6nkorm\u00e1nyzata<\/p>\n<p><strong>P\u00e1ly\u00e1zati alprogram c\u00edme, k\u00f3dsz\u00e1ma:<\/strong> \u201eTemet\u0151 fejleszt\u00e9se\u201d MFP-FFT\/2019<\/p>\n<p><strong>Projekt c\u00edme:<\/strong> Temet\u0151 fejleszt\u00e9se G\u00e1doroson<\/p>\n<p><strong>T\u00e1mogat\u00e1s \u00f6sszege:<\/strong> 4 999 998 Ft<\/p>\n<p><strong>T\u00e1mogat\u00e1s m\u00e9rt\u00e9ke:<\/strong> 100%<\/p>\n<p><strong>Projekt tartalm\u00e1nak r\u00f6vid \u00f6sszefoglal\u00e1sa:<br \/><\/strong>G\u00e1doros Nagyk\u00f6zs\u00e9g \u00d6nkorm\u00e1nyzata a MFP Temet\u0151 fejleszt\u00e9s alprogram keret\u00e9ben az 5932 G\u00e1doros, belter\u00fclet hrsz. 2001 alatti ingatlant k\u00edv\u00e1nja fejleszteni. A fejleszt\u00e9s sor\u00e1n urnafal \u00e9p\u00edt\u00e9s\u00e9t, valamint t\u00e9rburkolat fel\u00faj\u00edt\u00e1s\u00e1t k\u00edv\u00e1nja megval\u00f3s\u00edtani.<\/p>","protected":false},"excerpt":{"rendered":"<p>Kedvezm\u00e9nyezett neve: G\u00e1doros Nagyk\u00f6zs\u00e9g \u00d6nkorm\u00e1nyzata P\u00e1ly\u00e1zati alprogram c\u00edme, k\u00f3dsz\u00e1ma: \u201eTemet\u0151 fejleszt\u00e9se\u201d MFP-FFT\/2019 Projekt c\u00edme: Temet\u0151 fejleszt\u00e9se G\u00e1doroson T\u00e1mogat\u00e1s \u00f6sszege: 4 999 998 Ft T\u00e1mogat\u00e1s m\u00e9rt\u00e9ke: 100% Projekt tartalm\u00e1nak r\u00f6vid \u00f6sszefoglal\u00e1sa:G\u00e1doros Nagyk\u00f6zs\u00e9g \u00d6nkorm\u00e1nyzata a MFP Temet\u0151 fejleszt\u00e9s alprogram keret\u00e9ben az 5932 G\u00e1doros, belter\u00fclet hrsz. 2001 alatti ingatlant k\u00edv\u00e1nja fejleszteni. A fejleszt\u00e9s sor\u00e1n urnafal \u00e9p\u00edt\u00e9s\u00e9t, valamint t\u00e9rburkolat [&hellip;]<\/p>\n","protected":false},"author":3,"featured_media":0,"parent":0,"menu_order":0,"comment_status":"closed","ping_status":"closed","template":"","meta":{"footnotes":""},"_links":{"self":[{"href":"http:\/\/gadoros.hu\/index.php?rest_route=\/wp\/v2\/pages\/3161"}],"collection":[{"href":"http:\/\/gadoros.hu\/index.php?rest_route=\/wp\/v2\/pages"}],"about":[{"href":"http:\/\/gadoros.hu\/index.php?rest_route=\/wp\/v2\/types\/page"}],"author":[{"embeddable":true,"href":"http:\/\/gadoros.hu\/index.php?rest_route=\/wp\/v2\/users\/3"}],"replies":[{"embeddable":true,"href":"http:\/\/gadoros.hu\/index.php?rest_route=%2Fwp%2Fv2%2Fcomments&post=3161"}],"version-history":[{"count":1,"href":"http:\/\/gadoros.hu\/index.php?rest_route=\/wp\/v2\/pages\/3161\/revisions"}],"predecessor-version":[{"id":3162,"href":"http:\/\/gadoros.hu\/index.php?rest_route=\/wp\/v2\/pages\/3161\/revisions\/3162"}],"wp:attachment":[{"href":"http:\/\/gadoros.hu\/index.php?rest_route=%2Fwp%2Fv2%2Fmedia&parent=3161"}],"curies":[{"name":"wp","href":"https:\/\/api.w.org\/{rel}","templated":true}]}}