{"id":303,"date":"2014-02-04T19:07:02","date_gmt":"2014-02-04T19:07:02","guid":{"rendered":"http:\/\/test.gadoros.hu\/?page_id=303"},"modified":"2014-05-28T08:30:29","modified_gmt":"2014-05-28T08:30:29","slug":"vizikozmu-tarsulat-megalakulasa","status":"publish","type":"page","link":"http:\/\/gadoros.hu\/?page_id=303","title":{"rendered":"V\u00edzik\u00f6zm\u0171 T\u00e1rsulat Megalakul\u00e1sa"},"content":{"rendered":"<table class=\"contentpaneopen\">\n<tbody>\n<tr>\n<td valign=\"top\">\n<h1 style=\"text-align: center;\"><strong>Tisztelt G\u00e1dorosi Ingatlan Tulajdonosok!<\/strong><\/h1>\n<p>&nbsp;<\/p>\n<h2 style=\"text-align: center;\"><strong>Indul a szennyv\u00edz-csatorna T\u00e1rsulat szervez\u00e9se!<\/strong><\/h2>\n<p>&nbsp;<\/p>\n<p>Telep\u00fcl\u00e9s\u00fcnk a szennyv\u00edz-csatorna h\u00e1l\u00f3zat ki\u00e9p\u00edt\u00e9se el\u0151tt \u00e1ll. V\u00e1rhat\u00f3an 2009 ut\u00e1n k\u00f6z\u00f6s \u00f6sszefog\u00e1sunkkal k\u00f6zel 100 %-ban meg\u00e9p\u00fclhet a szennyv\u00edzcsatorna-h\u00e1l\u00f3zat.<\/p>\n<p>&nbsp;<\/p>\n<p>Korm\u00e1nyrendelet szab\u00e1lyozza, hogy G\u00e1dorosnak legk\u00e9s\u0151bb 2015. december 31-ig meg kell val\u00f3s\u00edtania a szennyv\u00edzberuh\u00e1z\u00e1st. Ez al\u00f3l kiv\u00e9telt tenni nem lehet.<\/p>\n<p>&nbsp;<\/p>\n<p>A K\u00e9pvisel\u0151 test\u00fclet m\u00e1r \u00e9vek \u00f3ta foglalkozik a szennyv\u00edz elhelyez\u00e9s k\u00e9rd\u00e9s\u00e9vel. Ez a hatalmas beruh\u00e1z\u00e1s majdnem 3 milli\u00e1rd forint, melyet az \u00f6nkorm\u00e1nyzat saj\u00e1t forr\u00e1saib\u00f3l megval\u00f3s\u00edtani nem tud. Ez\u00e9rt 2008-ban Uni\u00f3s p\u00e1ly\u00e1zatot ny\u00fajtottunk be, mely a beruh\u00e1z\u00e1si k\u00f6lts\u00e9g k\u00f6zel 80 %-\u00e1t biztos\u00edtja vissza nem t\u00e9r\u00edtend\u0151 forr\u00e1sk\u00e9nt. A p\u00e1ly\u00e1zatot k\u00e9t fordul\u00f3ban kell beny\u00fajtani. Az els\u0151 szakaszban a d\u00f6nt\u00e9shoz\u00f3k kedvez\u0151en b\u00edr\u00e1lt\u00e1k el p\u00e1ly\u00e1zatunkat, mely alapj\u00e1n elindult a p\u00e1ly\u00e1zat m\u00e1sodik fordul\u00f3s el\u0151k\u00e9sz\u00edt\u0151 szakasza. V\u00e1rhat\u00f3an az el\u0151k\u00e9sz\u00edt\u00e9s befejez\u00e9sekor, 2010 els\u0151 fel\u00e9ben tudjuk a m\u00e1sodik fordul\u00f3ra beny\u00fajtani a p\u00e1ly\u00e1zat tov\u00e1bbi dokument\u00e1ci\u00f3j\u00e1t.<\/p>\n<p>&nbsp;<\/p>\n<p>Rem\u00e9nyeink szerint a meg\u00e9p\u00fcl\u0151 csatornah\u00e1l\u00f3zat \u00e9s tiszt\u00edt\u00f3telep 2011. ut\u00e1n m\u00e1r \u00fczemelhet.<\/p>\n<p>&nbsp;<\/p>\n<p style=\"text-align: center;\"><strong><span style=\"text-decoration: underline;\">A BERUH\u00c1Z\u00c1S K\u00d6LTS\u00c9GEINEK NAGY R\u00c9SZ\u00c9T AZ EUR\u00d3PAI UNI\u00d3 \u00c9S A MAGYAR \u00c1LLAM VISSZA NEM T\u00c9R\u00cdTEND\u0150 T\u00c1MOGAT\u00c1SA ADJA.<\/span><\/strong><\/p>\n<p><strong>A sikeres p\u00e1ly\u00e1zathoz \u00f6ssze kell fognunk, hogy l\u00e9trehozzuk a csatorna\u00e9p\u00edt\u0151 k\u00f6z\u00f6ss\u00e9get, a v\u00edzi-k\u00f6zm\u0171 t\u00e1rsulatot. A p\u00e1ly\u00e1zat m\u00e1sodik fordul\u00f3j\u00e1nak beny\u00fajt\u00e1sakor az \u00f6nkorm\u00e1nyzatnak igazolnia kell, hogy a lakoss\u00e1g t\u00e1mogatja a beruh\u00e1z\u00e1st, valamint igazolnia kell, hogy az ig\u00e9nyelt vissza nem t\u00e9r\u00edtend\u0151 t\u00e1mogat\u00e1son fel\u00fcl hi\u00e1nyz\u00f3 r\u00e9sz &#8211; mint \u00f6ner\u0151 &#8211; rendelkez\u00e9sre \u00e1ll. Ezt biztos\u00edtja a v\u00edzi-k\u00f6zm\u0171 t\u00e1rsulat.<\/strong><\/p>\n<p>&nbsp;<\/p>\n<p><strong>Az alapvet\u0151 c\u00e9l: hogy 2015-ig 80%-ra b\u0151v\u00fclj\u00f6n Magyarorsz\u00e1g csatorn\u00e1zotts\u00e1ga.<\/strong><\/p>\n<p>&nbsp;<\/p>\n<p><strong>P\u00e1r sz\u00f3 a p\u00e1ly\u00e1zatr\u00f3l:<\/strong> (<em>K\u00e9tfordul\u00f3s uni\u00f3s p\u00e1ly\u00e1zat a szennyv\u00edzelvezet\u00e9sre<\/em>)<\/p>\n<p>&nbsp;<\/p>\n<p>A nyertes p\u00e1ly\u00e1zatok (projektek) az Eur\u00f3pai Uni\u00f3 t\u00e1mogat\u00e1s\u00e1val val\u00f3sulnak meg. A beny\u00fajtott p\u00e1ly\u00e1zatok k\u00e9tfordul\u00f3s elj\u00e1r\u00e1s keret\u00e9ben ker\u00fclnek elb\u00edr\u00e1l\u00e1sra.<\/p>\n<p>&nbsp;<\/p>\n<p>Az <em>1. fordul\u00f3ban<\/em> a p\u00e1ly\u00e1zatok beny\u00fajt\u00e1s\u00e1ra 2007. okt\u00f3ber 24-t\u0151l 2008. november 3-ig folyamatosan volt lehet\u0151s\u00e9g, a p\u00e1ly\u00e1zatokat pedig szakaszosan b\u00edr\u00e1lt\u00e1k el.<\/p>\n<p>&nbsp;<\/p>\n<p>A <em>2. fordul\u00f3ban<\/em> a kiemelt nagy projekteken k\u00edv\u00fcl csak azok p\u00e1ly\u00e1zhatnak, akik az 1. fordul\u00f3ban pozit\u00edv elb\u00edr\u00e1l\u00e1st kaptak.<\/p>\n<p>&nbsp;<\/p>\n<p><strong>A 2. fordul\u00f3n pedig sikeresen t\u00faljutni csak akkor lehet, ha az elnyert 1. fordul\u00f3 t\u00e1mogat\u00e1si szerz\u0151d\u00e9s\u00e9ben r\u00f6gz\u00edtett \u00fagynevezett \u00fatvonaltervben foglaltaknak szakmailag kifog\u00e1stalanul eleget tesz\u00fcnk.<\/strong><\/p>\n<p>&nbsp;<\/p>\n<p>&nbsp;<\/p>\n<p>&nbsp;<\/p>\n<p><strong><span style=\"text-decoration: underline;\"> AZ ELS\u0150 FORDUL\u00d3BAN SIKERESEN P\u00c1LY\u00c1ZTUNK! <\/span><\/strong><\/p>\n<p>&nbsp;<\/p>\n<p>A p\u00e1ly\u00e1zatot 2008 \u00e9v v\u00e9g\u00e9n ny\u00fajtottuk be, a kedvez\u0151 elb\u00edr\u00e1l\u00e1sr\u00f3l a d\u00f6nt\u00e9s 2009 \u00e9v elej\u00e9n sz\u00fcletett. <strong>54.723.000 Ft<\/strong>-ot nyert\u00fcnk az el\u0151k\u00e9sz\u00edt\u0151 munk\u00e1kra, amelyek \u00f6sszk\u00f6lts\u00e9ge 64.380.000 Ft.<\/p>\n<p>&nbsp;<\/p>\n<p>A t\u00e1mogat\u00e1si szerz\u0151d\u00e9s al\u00e1\u00edr\u00e1s\u00e1ra 2009. m\u00e1rcius 26-\u00e1n ker\u00fclt sor. V\u00e1rhat\u00f3an a 2. fordul\u00f3 p\u00e1ly\u00e1zati anyag\u00e1t 2010 \u00e9v elej\u00e9n tudjuk beny\u00fajtani!<\/p>\n<p>&nbsp;<\/p>\n<p>A beruh\u00e1z\u00e1s megval\u00f3sul\u00e1sa ut\u00e1n t\u00f6bb mint 1600 ingatlan csatorn\u00e1val ell\u00e1tott lesz.<\/p>\n<p>&nbsp;<\/p>\n<p>Az elnyerhet\u0151 t\u00e1mogat\u00e1s a nett\u00f3 beruh\u00e1z\u00e1si k\u00f6lts\u00e9g maximum 85%-a, de 75-80% k\u00f6z\u00f6tt lehet re\u00e1lisan v\u00e1rni! Az \u00f6nkorm\u00e1nyzatnak biztos\u00edtani kell a beruh\u00e1z\u00e1si k\u00f6lts\u00e9g <em>\u00c1F\u00c1-j\u00e1t<\/em>, \u00e9s <em>\u00f6nr\u00e9sz\u00e9t<\/em>, melynek egy r\u00e9sze a V\u00edzi-k\u00f6zm\u0171 T\u00e1rsulatt\u00f3l, az ingatlan tulajdonosok befizet\u00e9seib\u0151l ad\u00f3dik.<\/p>\n<p>&nbsp;<\/p>\n<p><strong><span style=\"text-decoration: underline;\">Mi\u00e9rt fontos a V\u00edzi-k\u00f6zm\u0171 T\u00e1rsulat egy\u00fcttm\u0171k\u00f6d\u00e9se az \u00d6nkorm\u00e1nyzattal?<\/span><\/strong><\/p>\n<p>&nbsp;<\/p>\n<p>A beruh\u00e1z\u00e1s megval\u00f3sul\u00e1s\u00e1nak rem\u00e9ny\u00e9ben \u00f6szt\u00f6n\u00f6zz\u00fck a lakoss\u00e1got arra, hogy lak\u00e1s-el\u0151takar\u00e9koss\u00e1gi szerz\u0151d\u00e9sek megk\u00f6t\u00e9s\u00e9vel a befizet\u00e9seket kezdje el, hogy ezzel tudjuk bizony\u00edtani az \u00f6ner\u0151 egy r\u00e9sz\u00e9nek rendelkez\u00e9sre \u00e1ll\u00e1s\u00e1t. A p\u00e1ly\u00e1zat jelenlegi szakasz\u00e1ban most m\u00e1r s\u00fcrget\u0151v\u00e9 v\u00e1lt, hogy a t\u00e1rsulatot megszervezz\u00fck \u00e9s a lakosok hozz\u00e1j\u00e1rul\u00e1s\u00e1t k\u00e9rj\u00fck.<\/p>\n<p>&nbsp;<\/p>\n<p><strong><span style=\"text-decoration: underline;\">A 2. fordul\u00f3 beny\u00fajt\u00e1sakor a p\u00e1ly\u00e1zati anyag mellett az \u00f6ner\u0151t igazolni kell.<\/span><\/strong><\/p>\n<p>&nbsp;<\/p>\n<p>A t\u00e1rsulat akkor alakulhat meg, ha az ingatlantulajdonosok k\u00e9tharmada \u00edr\u00e1sban is nyilatkozik arr\u00f3l, hogy bel\u00e9p a t\u00e1rsulatba \u00e9s v\u00e1llalja az \u00f6ner\u0151 megfizet\u00e9s\u00e9t. Azok is, akik m\u00e1r kor\u00e1bban valamilyen lak\u00e1s-el\u0151takar\u00e9koss\u00e1gi szerz\u0151d\u00e9st k\u00f6t\u00f6ttek \u00e9s azok is, akik eddig nem. Ha a t\u00f6bbs\u00e9g \u00fagy d\u00f6nt, hogy l\u00e9tre kell hozni a t\u00e1rsulatot, mindenki tagg\u00e1 v\u00e1lik \u00e9s r\u00e9szt vesz a beruh\u00e1z\u00e1sban. Egy\u00fctt viselj\u00fck a k\u00f6lts\u00e9geket.<\/p>\n<p>&nbsp;<\/p>\n<p><strong>Nem val\u00f3sz\u00edn\u0171, hogy sokan egyszerre tudn\u00e1k megfizetni az ingatlanonk\u00e9nti fejleszt\u00e9s \u00f6nerej\u00e9t.<\/strong><\/p>\n<p>&nbsp;<\/p>\n<p><strong><span style=\"text-decoration: underline;\">Mi\u00e9rt \u00e9ri meg \u00d6nnek?<\/span><\/strong><\/p>\n<p>&nbsp;<\/p>\n<ul class=\"unIndentedList\">\n<li>Ha \u00d6n csatlakozik a t\u00e1rsulathoz, mint tag, mentes\u00fcl a talajterhel\u00e9si d\u00edj megfizet\u00e9se al\u00f3l. Ha nem csatlakozik, ez nagyon sokba fog ker\u00fclni.<\/li>\n<li><strong><span style=\"text-decoration: underline;\">A bel\u00e9p\u0151 \u00e9s szerz\u0151d\u00e9st k\u00f6t\u0151 ingatlan tulajdonosok a hozz\u00e1j\u00e1rul\u00e1st 100 h\u00f3napon kereszt\u00fcl kedvezm\u00e9nyesen teljes\u00edthetik havi 1.700,- Ft befizet\u00e9ssel, mely \u00f6sszesen: 170.000 Ft.<\/span><\/strong><\/li>\n<\/ul>\n<p>Ezt a lehet\u0151s\u00e9get lak\u00e1s-el\u0151takar\u00e9koss\u00e1gi (LTP) szerz\u0151d\u00e9s megk\u00f6t\u00e9s\u00e9vel haszn\u00e1lhatja ki, amelynek <strong><span style=\"text-decoration: underline;\">szerz\u0151d\u00e9s k\u00f6t\u00e9si d\u00edj\u00e1t (6.000 Ft-ot) bel\u00e9p\u00e9skor nem kell kifizetni a szerz\u0151d\u00e9s \u00e9rv\u00e9nyes\u00edt\u00e9s\u00e9hez, ezt az \u00f6nkorm\u00e1nyzat megel\u0151legezi, mely \u00f6sszeget a befizet\u00e9sek tartalmaznak.<\/span><\/strong><\/p>\n<ul class=\"unIndentedList\">\n<li>A bel\u00e9p\u0151 \u00e9s lak\u00e1s-el\u0151takar\u00e9koss\u00e1gi szerz\u0151d\u00e9st k\u00f6t\u0151 <strong><span style=\"text-decoration: underline;\">tag befizet\u00e9se \u00e9vente 33%-kal kieg\u00e9sz\u00edt\u00e9sre ker\u00fcl &#8211; mint tov\u00e1bbi kedvezm\u00e9ny &#8211; cs\u00f6kkentve a re\u00e1 h\u00e1rul\u00f3 terheket \u00e9s fedezve az egy ingatlanra es\u0151 \u00f6ner\u0151 r\u00e9sz sz\u00fcks\u00e9glet\u00e9t.<\/span><\/strong><\/li>\n<\/ul>\n<\/td>\n<\/tr>\n<\/tbody>\n<\/table>\n","protected":false},"excerpt":{"rendered":"<p>Tisztelt G\u00e1dorosi Ingatlan Tulajdonosok! &nbsp; Indul a szennyv\u00edz-csatorna T\u00e1rsulat szervez\u00e9se! &nbsp; Telep\u00fcl\u00e9s\u00fcnk a szennyv\u00edz-csatorna h\u00e1l\u00f3zat ki\u00e9p\u00edt\u00e9se el\u0151tt \u00e1ll. V\u00e1rhat\u00f3an 2009 ut\u00e1n k\u00f6z\u00f6s \u00f6sszefog\u00e1sunkkal k\u00f6zel 100 %-ban meg\u00e9p\u00fclhet a szennyv\u00edzcsatorna-h\u00e1l\u00f3zat. &nbsp; Korm\u00e1nyrendelet szab\u00e1lyozza, hogy G\u00e1dorosnak legk\u00e9s\u0151bb 2015. december 31-ig meg kell val\u00f3s\u00edtania a szennyv\u00edzberuh\u00e1z\u00e1st. Ez al\u00f3l kiv\u00e9telt tenni nem lehet. &nbsp; A K\u00e9pvisel\u0151 test\u00fclet m\u00e1r \u00e9vek [&hellip;]<\/p>\n","protected":false},"author":1,"featured_media":0,"parent":0,"menu_order":0,"comment_status":"closed","ping_status":"closed","template":"","meta":{"footnotes":""},"_links":{"self":[{"href":"http:\/\/gadoros.hu\/index.php?rest_route=\/wp\/v2\/pages\/303"}],"collection":[{"href":"http:\/\/gadoros.hu\/index.php?rest_route=\/wp\/v2\/pages"}],"about":[{"href":"http:\/\/gadoros.hu\/index.php?rest_route=\/wp\/v2\/types\/page"}],"author":[{"embeddable":true,"href":"http:\/\/gadoros.hu\/index.php?rest_route=\/wp\/v2\/users\/1"}],"replies":[{"embeddable":true,"href":"http:\/\/gadoros.hu\/index.php?rest_route=%2Fwp%2Fv2%2Fcomments&post=303"}],"version-history":[{"count":2,"href":"http:\/\/gadoros.hu\/index.php?rest_route=\/wp\/v2\/pages\/303\/revisions"}],"predecessor-version":[{"id":505,"href":"http:\/\/gadoros.hu\/index.php?rest_route=\/wp\/v2\/pages\/303\/revisions\/505"}],"wp:attachment":[{"href":"http:\/\/gadoros.hu\/index.php?rest_route=%2Fwp%2Fv2%2Fmedia&parent=303"}],"curies":[{"name":"wp","href":"https:\/\/api.w.org\/{rel}","templated":true}]}}