{"id":24,"date":"2013-11-26T19:05:46","date_gmt":"2013-11-26T19:05:46","guid":{"rendered":"http:\/\/test.gadoros.hu\/?page_id=24"},"modified":"2017-03-07T12:49:07","modified_gmt":"2017-03-07T12:49:07","slug":"adatok","status":"publish","type":"page","link":"http:\/\/gadoros.hu\/?page_id=24","title":{"rendered":"N\u00e9pess\u00e9g Adatok"},"content":{"rendered":"<table>\n<tbody>\n<tr>\n<td valign=\"top\">G\u00e1doros nagyk\u00f6zs\u00e9g\u00a0<strong>n\u00e9pess\u00e9ge<\/strong>\u00a0az al\u00e1bbiak szerint alakult az elm\u00falt majd n\u00e9gy- \u00e9vtizedben:<\/p>\n<p>&nbsp;<\/p>\n<table border=\"2\" cellspacing=\"0\" cellpadding=\"0\" align=\"center\">\n<tbody>\n<tr>\n<td valign=\"top\" width=\"192\"><strong>\u00c9v<\/strong><\/td>\n<td valign=\"top\" width=\"193\"><strong>\u00c1lland\u00f3 n\u00e9pess\u00e9g<\/strong><\/td>\n<td valign=\"top\" width=\"193\"><strong>Lak\u00f3n\u00e9pess\u00e9g<\/strong><\/td>\n<\/tr>\n<tr>\n<td valign=\"top\" width=\"192\">1970<\/td>\n<td valign=\"top\" width=\"193\">5353<\/td>\n<td valign=\"top\" width=\"193\">5136<\/td>\n<\/tr>\n<tr>\n<td valign=\"top\" width=\"192\">1980<\/td>\n<td valign=\"top\" width=\"193\">5078<\/td>\n<td valign=\"top\" width=\"193\">4893<\/td>\n<\/tr>\n<tr>\n<td valign=\"top\" width=\"192\">1990<\/td>\n<td valign=\"top\" width=\"193\">4502<\/td>\n<td valign=\"top\" width=\"193\">4319<\/td>\n<\/tr>\n<tr>\n<td valign=\"top\" width=\"192\">1993<\/td>\n<td valign=\"top\" width=\"193\">4477<\/td>\n<td valign=\"top\" width=\"193\">4121<\/td>\n<\/tr>\n<tr>\n<td valign=\"top\" width=\"192\">1998<\/td>\n<td valign=\"top\" width=\"193\">4350<\/td>\n<td valign=\"top\" width=\"193\">4225<\/td>\n<\/tr>\n<tr>\n<td valign=\"top\" width=\"192\">2001<\/td>\n<td valign=\"top\" width=\"193\">4116<\/td>\n<td valign=\"top\" width=\"193\">4074<\/td>\n<\/tr>\n<tr>\n<td valign=\"top\" width=\"192\">2008.<\/td>\n<td valign=\"top\" width=\"193\">4118<\/td>\n<td valign=\"top\" width=\"193\">4077<\/td>\n<\/tr>\n<tr>\n<td valign=\"top\" width=\"192\">2012.<\/td>\n<td valign=\"top\" width=\"193\">3931<\/td>\n<td valign=\"top\" width=\"193\">3691<\/td>\n<\/tr>\n<tr>\n<td valign=\"top\" width=\"192\">2015.<\/td>\n<td valign=\"top\" width=\"193\">3856<\/td>\n<td valign=\"top\" width=\"193\">3580<\/td>\n<\/tr>\n<\/tbody>\n<\/table>\n<p>&nbsp;<\/p>\n<p>&nbsp;<\/p>\n<p>&nbsp;<\/p>\n<p>&nbsp;<\/p>\n<p>&nbsp;<\/p>\n<p>A telep\u00fcl\u00e9s \u00f6reged\u00e9s\u00e9t az\u00a0<strong>\u00f6reged\u00e9si index\u00a0<\/strong>mutatja j\u00f3l, ez nem m\u00e1s, mint a 15 \u00e9ven aluli koroszt\u00e1ly ar\u00e1nya a 60 \u00e9ven fel\u00fcliek\u00e9hez. G\u00e1doroson ez az \u00e9rt\u00e9k az al\u00e1bbiak\u00a0szerint alakult az ut\u00f3bbi \u00e9vekben:<\/p>\n<p>&nbsp;<\/p>\n<p>&nbsp;<\/p>\n<table border=\"2\" cellspacing=\"0\" cellpadding=\"0\">\n<tbody>\n<tr>\n<td valign=\"top\" width=\"151\"><strong>\u00c9\u00a0V<\/strong><\/td>\n<td valign=\"top\" width=\"151\"><strong>\u00d6REGED\u00c9SI INDEX<\/strong><\/td>\n<\/tr>\n<tr>\n<td valign=\"top\" width=\"151\">1993<\/td>\n<td valign=\"top\" width=\"151\">1,43<\/td>\n<\/tr>\n<tr>\n<td valign=\"top\" width=\"151\">1998<\/td>\n<td valign=\"top\" width=\"151\">1,41<\/td>\n<\/tr>\n<tr>\n<td valign=\"top\" width=\"151\">2002<\/td>\n<td valign=\"top\" width=\"151\">1,42<\/td>\n<\/tr>\n<tr>\n<td valign=\"top\" width=\"151\">2008<\/td>\n<td valign=\"top\" width=\"151\">1,59<\/td>\n<\/tr>\n<tr>\n<td valign=\"top\" width=\"151\">2016<\/td>\n<td valign=\"top\" width=\"151\">1,61<\/td>\n<\/tr>\n<\/tbody>\n<\/table>\n<p>&nbsp;<\/td>\n<\/tr>\n<\/tbody>\n<\/table>\n","protected":false},"excerpt":{"rendered":"<p>G\u00e1doros nagyk\u00f6zs\u00e9g\u00a0n\u00e9pess\u00e9ge\u00a0az al\u00e1bbiak szerint alakult az elm\u00falt majd n\u00e9gy- \u00e9vtizedben: &nbsp; \u00c9v \u00c1lland\u00f3 n\u00e9pess\u00e9g Lak\u00f3n\u00e9pess\u00e9g 1970 5353 5136 1980 5078 4893 1990 4502 4319 1993 4477 4121 1998 4350 4225 2001 4116 4074 2008. 4118 4077 2012. 3931 3691 2015. 3856 3580 &nbsp; &nbsp; &nbsp; &nbsp; &nbsp; A telep\u00fcl\u00e9s \u00f6reged\u00e9s\u00e9t az\u00a0\u00f6reged\u00e9si index\u00a0mutatja j\u00f3l, ez nem [&hellip;]<\/p>\n","protected":false},"author":1,"featured_media":0,"parent":0,"menu_order":0,"comment_status":"closed","ping_status":"closed","template":"","meta":{"footnotes":""},"_links":{"self":[{"href":"http:\/\/gadoros.hu\/index.php?rest_route=\/wp\/v2\/pages\/24"}],"collection":[{"href":"http:\/\/gadoros.hu\/index.php?rest_route=\/wp\/v2\/pages"}],"about":[{"href":"http:\/\/gadoros.hu\/index.php?rest_route=\/wp\/v2\/types\/page"}],"author":[{"embeddable":true,"href":"http:\/\/gadoros.hu\/index.php?rest_route=\/wp\/v2\/users\/1"}],"replies":[{"embeddable":true,"href":"http:\/\/gadoros.hu\/index.php?rest_route=%2Fwp%2Fv2%2Fcomments&post=24"}],"version-history":[{"count":4,"href":"http:\/\/gadoros.hu\/index.php?rest_route=\/wp\/v2\/pages\/24\/revisions"}],"predecessor-version":[{"id":815,"href":"http:\/\/gadoros.hu\/index.php?rest_route=\/wp\/v2\/pages\/24\/revisions\/815"}],"wp:attachment":[{"href":"http:\/\/gadoros.hu\/index.php?rest_route=%2Fwp%2Fv2%2Fmedia&parent=24"}],"curies":[{"name":"wp","href":"https:\/\/api.w.org\/{rel}","templated":true}]}}