{"id":21,"date":"2013-11-26T19:03:41","date_gmt":"2013-11-26T19:03:41","guid":{"rendered":"http:\/\/test.gadoros.hu\/?page_id=21"},"modified":"2014-05-28T08:19:25","modified_gmt":"2014-05-28T08:19:25","slug":"gadoros-tortenete","status":"publish","type":"page","link":"http:\/\/gadoros.hu\/?page_id=21","title":{"rendered":"G\u00e1doros T\u00f6rt\u00e9nete"},"content":{"rendered":"<p align=\"center\"><strong>G\u00e1doros Nagyk\u00f6zs\u00e9g<\/strong><\/p>\n<p>\u00a0G\u00e1doros nagyk\u00f6zs\u00e9g B\u00e9k\u00e9s megye \u00e9szaknyugati kisz\u00f6gell\u00e9s\u00e9ben fekszik. Nyugat fel\u0151l \u00c1rp\u00e1dhalom, \u00e9szakr\u00f3l Eperjes Csongr\u00e1d megyei telep\u00fcl\u00e9sekkel, kelet fel\u0151l Nagysz\u00e9n\u00e1ssal, d\u00e9lr\u0151l Szentetorny\u00e1val hat\u00e1ros. Term\u00e9szetes felsz\u00edni vize a M\u00e1gocsi-\u00e9r, mely az Orosh\u00e1za-Szentesi m\u0171utat \u00e9rinti.<\/p>\n<p>R\u00e9g\u00e9szeti leletek szerint m\u00e1r i.e. 4000-3500 \u00e9ve \u00e9ltek itt emberek. Sz\u00f3rv\u00e1nyleleteink \u2013 fekete gr\u00e1nit k\u0151balta, k\u0151peng\u00e9k, szak\u00f3c\u00e1k, \u201eK\u00f6r\u00f6si-kult\u00fara\u201d cser\u00e9ped\u00e9ny maradv\u00e1nyai, de felsz\u00ednre ker\u00fclt bronzkori, szarmata, szk\u00edta, d\u00e1k, r\u00f3mai, avar cserepek, \u00e9rm\u00e9k, fibula, honfoglal\u00e1s kori \u0151rl\u0151k\u0151, ed\u00e9nycserepek, n\u00e9gy lovas s\u00edr, aranyozott bronz veretekkel. \/L. Szentes, B\u00e9k\u00e9scsaba, Orosh\u00e1za m\u00fazeumaiban\/. E ter\u00fcleten 3 \u00c1rp\u00e1d-kori telep\u00fcl\u00e9s nyomaira bukkantak. G\u00e1doros (Gadoros) is \u00c1rp\u00e1d-kori telep\u00fcl\u00e9s, melyet a tat\u00e1rok 1241-ben 48 faluval egy\u00fctt felperzseltek, s az 1436. m\u00e1jus 16-i kir\u00e1lyi adom\u00e1nylev\u00e9l m\u00e1r csak mint Gadoros puszt\u00e1t eml\u00edti. (\u00c9kezet n\u00e9lk\u00fcl.)<\/p>\n<p>&nbsp;<\/p>\n<p>Az elnevez\u00e9s \u2013 G\u00e1doros visszautalt a r\u00e9gi, \u00e1rp\u00e1dkori n\u00e9vre. \u201eG\u00e1dor\u201d a magyar nyelvt\u00f6rt\u00e9neti sz\u00f3t\u00e1r szerint \u2013 \u00e1triumot, torn\u00e1cot, el\u0151csarnokot jelent. A t\u00f6rt\u00e9n\u00e9szek szerint G\u00e1doros onnan kapta a nev\u00e9t, hogy a telep\u00fcl\u00e9s templom\u00e1nak volt egy kis el\u0151csarnoka, melyet g\u00e1dornak neveztek.<\/p>\n<p>&nbsp;<\/p>\n<p>G\u00e1doros \u00fajratelep\u00edt\u00e9se b\u00e1r\u00f3 Dezs\u00e9ri Rudny\u00e1nszky S\u00e1ndor B\u00e9k\u00e9s V\u00e1rmegye f\u0151jegyz\u0151je \u00e9rdeme, akit mint a szentetornyai birtok \u00f6r\u00f6k\u00f6se 1826. szeptember 29-\u00e9n 40 telekhely kim\u00e9r\u00e9s\u00e9vel, 30 orosh\u00e1zi, illetve szentesi telepessel szerz\u0151d\u00e9st k\u00f6tve l\u00e9trehozta B\u00e1nfalva telep\u00fcl\u00e9st. B\u00e1nfalva (B\u00e1r\u00f3falva, B\u00e1nomfalva) 1826-t\u00f3l 1901-ig viselte ezt a nevet. 1901-ben Dr. Kar\u00e1csony J\u00e1nos p\u00fcsp\u00f6k \u2013 t\u00f6rt\u00e9n\u00e9sz kezdem\u00e9nyezte a n\u00e9vv\u00e1ltoz\u00e1st.<\/p>\n<p>&nbsp;<\/p>\n<p>Az evang\u00e9likusok 1838-ban \u00e9p\u00edtenek el\u0151sz\u00f6r szer\u00e9ny templomot, mely 1888-ban kapja mai k\u00fclsej\u00e9t. A r\u00f3mai katolikusok m\u0171eml\u00e9k jelleg\u0171 temploma 1844-ben \u00e9p\u00fclt, \u00e9s 1891-ben \u00e9p\u00edtett\u00e9k \u00e1t. A reform\u00e1tusok templom\u00e1t 1929. j\u00fanius 16-\u00e1n szenteli fel Dr. Balthaz\u00e1r Dezs\u0151 p\u00fcsp\u00f6k.<\/p>\n<p>&nbsp;<\/p>\n<p>Az 1848-49-es szabads\u00e1gharcban 18 helybeli k\u00fczd\u00f6tt, k\u00f6zt\u00fck b\u00e1r\u00f3 Rudny\u00e1nszki Gyula is. Eml\u00e9k\u00fcket az 1999. m\u00e1jus 31-\u00e9n felavatott eml\u00e9km\u0171 \u00f6r\u00f6k\u00edti meg a k\u00f6zs\u00e9g f\u0151ter\u00e9n.<\/p>\n<p>&nbsp;<\/p>\n<p>A falu n\u00e9p\u00e9t sok sorscsap\u00e1s \u00e9rte: az 1831-es koleraj\u00e1rv\u00e1ny, marhav\u00e9sz, asz\u00e1lyok \u00e9s peronoszp\u00f3ra puszt\u00edtott.<\/p>\n<p>&nbsp;<\/p>\n<p>A sz\u00e1zadv\u00e9gen haz\u00e1nkb\u00f3l megindul\u00f3 kiv\u00e1ndorl\u00e1s hull\u00e1ma ide is el\u00e9r. 1890 \u00e9s 1910 k\u00f6z\u00f6tt a kiv\u00e1ndorl\u00f3k sz\u00e1ma 50 f\u0151. A n\u00e9pess\u00e9g sz\u00e1ma az 1871-es n\u00e9psz\u00e1ml\u00e1l\u00e1skor 2454 f\u0151, 1897-ben 3836 f\u0151, 1999-ben 4351 f\u0151.<\/p>\n<p>&nbsp;<\/p>\n<p>A falu infrastrukt\u00far\u00e1ja az 1950-es \u00e9vekben indult gyorsabb fejl\u0151d\u00e9snek: \u00e9p\u00edtkez\u00e9s, villamos\u00edt\u00e1s, \u00fath\u00e1l\u00f3zat ki\u00e9p\u00edt\u00e9se, 34 kilom\u00e9teres v\u00edzh\u00e1l\u00f3zat, g\u00e1zprogram, telefonh\u00e1l\u00f3zat, k\u00e1belt\u00e9v\u00e9 megval\u00f3s\u00edt\u00e1sa. Korszer\u0171 k\u00f6z\u00e9p\u00fcletek.<\/p>\n<p>&nbsp;<\/p>\n<p>A m\u0171vel\u0151d\u00e9s, az oktat\u00e1s, az eg\u00e9szs\u00e9g\u00fcgyi ell\u00e1t\u00e1s megfelel\u0151 szinten biztos\u00edtott.<\/p>\n<p>&nbsp;<\/p>\n<p>K\u00f6zt\u00e9ri eml\u00e9km\u0171vekben, szobrokban is gazdag a falu: 1848\/49-es H\u0151si Eml\u00e9km\u0171 (1999), I. Vil\u00e1gh\u00e1bor\u00fas Eml\u00e9km\u0171, II. vil\u00e1gh\u00e1bor\u00fas eml\u00e9km\u0171, Dr. Hidasi L\u00e1szl\u00f3 k\u00f6zs\u00e9gi orvos mellszobra, Szerv\u00e1tiusz Tibor \u201eAnya gyermek\u00e9vel\u201d c. szobra, Justh Zsigmond \u00edr\u00f3 mellszobra \u00e9s s\u00edreml\u00e9ke a K\u00f6zs\u00e9gi \u00dajtemet\u0151ben, Udvardi Kossuth L\u00e1szl\u00f3n\u00e9, Pet\u0151fi S\u00e1ndor els\u0151 szerelm\u00e9nek Cancrinyi Emilia unok\u00e1j\u00e1nak s\u00edreml\u00e9ke, \u201eH\u00e9t Vez\u00e9r Liget\u201d d\u00edszk\u00fattal, Justh Zsigmond eml\u00e9kt\u00e1bla, Millecenten\u00e1riumi Eml\u00e9kt\u00e1bla, Torja sz\u00e9kely testv\u00e9rk\u00f6zs\u00e9g Sz\u00e9kelykapuja \u00e9s kopjaf\u00e1ja.<\/p>\n<p>&nbsp;<\/p>\n<p>A k\u00f6zs\u00e9g nevezetes szem\u00e9lyis\u00e9gei: a falut \u00fajraalap\u00edt\u00f3 b\u00e1r\u00f3 Dezs\u00e9ri Rudny\u00e1nszky S\u00e1ndor, Baross G\u00e1bor evang\u00e9likus lelk\u00e9sz, t\u00f6rt\u00e9net\u00edr\u00f3, Justh Zsigmond \u00edr\u00f3, Papp K\u00e1roly f\u0151jegyz\u0151, Udvardi Kossuth L\u00e1szl\u00f3n\u00e9, N\u00e9mann Val\u00e9ria tan\u00edt\u00f3n\u0151, B\u00e9k\u00e9s J\u00f3zsef dramaturg \u00e9s \u00edr\u00f3, Szalai Gy\u00f6rgy bronz\u00e9rmes olimpikon, Pisont Istv\u00e1n v\u00e1logatott labdar\u00fag\u00f3.<\/p>\n<p>&nbsp;<\/p>\n<p>&nbsp;<\/p>\n<p align=\"center\"><strong>Az \u0151si G\u00e1doros<\/strong><\/p>\n<p>&nbsp;<\/p>\n<p>Befejez\u0151dtek a r\u00e9g\u00e9szeti felt\u00e1r\u00e1sok G\u00e1doros nyugati hat\u00e1r\u00e1ban. 2000. november 06. \u00e9s 28. k\u00f6z\u00f6tt egy minden \u00edz\u00e9ben \u00c1rp\u00e1d-kori templomot siker\u00fclt a teljess\u00e9g ig\u00e9ny\u00e9vel dokument\u00e1lnunk. Hiszen \u00e9p\u00edt\u00e9se \u00e9s (telep\u00fcl\u00e9s\u00e9nek) pusztul\u00e1sa is az \u00c1rp\u00e1d-kor idej\u00e9re tehet\u0151.<\/p>\n<p>&nbsp;<\/p>\n<p>A templom egyhaj\u00f3s, f\u00e9lk\u00f6r\u00edves szent\u00e9lyz\u00e1r\u00f3d\u00e1s\u00fa, enyh\u00e9n patk\u00f3\u00edves, egyszer\u0171 falusi pl\u00e9b\u00e1niatemplom. A kor szok\u00e1s\u00e1nak megfelel\u0151en \u00e9p\u00fclt. Felmen\u0151 t\u00e9glafalait d\u00f6ng\u00f6lt f\u00f6ld alapoz\u00e1s tartotta, mely alapoz\u00e1s k\u00e9sz\u00edt\u00e9si technik\u00e1ja teljess\u00e9ggel megegyezett a m\u00e9g nemr\u00e9giben is alkalmazott m\u00f3dszerekkel, melyeket a vertfal\u00fa h\u00e1zak eset\u00e9ben alkalmaztak. A mez\u0151gazdas\u00e1gi munk\u00e1latoknak \u00e9s a k\u00e9s\u0151bbi falkeres\u0151-, kutat\u00f3 g\u00f6dr\u00f6knek k\u00f6sz\u00f6nhet\u0151en itt is, mint sok m\u00e1s hasonl\u00f3 templom\u00e1sat\u00e1s eset\u00e9ben tapasztalhat\u00f3, csak a templom alapoz\u00e1s\u00e1t siker\u00fclt megtal\u00e1lni, a t\u00e9glafalakat hely\u00fck\u00f6n sehol sem lelt\u00fck meg (az \u00e1tlag t\u00e9glam\u00e9ret a 8-900 \u00e9vvel ezel\u0151tt \u00e9p\u00edtett templom eset\u00e9ben 28x15x4,5 cm volt.)<\/p>\n<p>&nbsp;<\/p>\n<p>Az \u00e1sat\u00e1s jellegzetess\u00e9ge a nyugati oldalfalb\u00f3l kiugr\u00f3, a templommal egyszerre alapozott k\u00e9t \u201eg\u00e1dor\u201d, melyek jellegzetes r\u00e9szei templomunknak. A k\u00f6rny\u00e9ken felt\u00e1rt k\u00f6zel 30 templom egyik\u00e9n\u00e9l sem tapasztalt alapoz\u00e1s lehetett a templom, s rajta kereszt\u00fcl a falu elnevez\u00e9s\u00e9t ad\u00f3 \u201eg\u00e1dor\u201d, ami es\u0151fog\u00f3t \u00e9s sz\u00e9lfog\u00f3t, tov\u00e1bb\u00e1 el\u0151csarnokot is jelent. Az \u0151si G\u00e1doros teh\u00e1t eme, a k\u00f6rny\u00e9ken csak itt fellelhet\u0151 templomalapoz\u00e1s \u2013 saj\u00e1toss\u00e1ga ut\u00e1n kaphatta nev\u00e9t.<\/p>\n<p>&nbsp;<\/p>\n<p>Ezt a feltev\u00e9st a templom alaprajza, a templom \u00e9s a temet\u0151 viszonya (kev\u00e9s \u00e9s a templomt\u00f3l t\u00e1vol es\u0151 s\u00edrok), \u00e9s a b\u0151v\u00edtm\u00e9nyek, illetve a g\u00f3tikus t\u00e1mpill\u00e9rek hi\u00e1nya meger\u0151s\u00edti, al\u00e1t\u00e1masztva az okleveles adatokb\u00f3l ismert t\u00e9nyt, miszerint az \u0151si G\u00e1doros a t\u00f6rt\u00e9nelem folyam\u00e1n viszonylag hamar elpusztult.<\/p>\n<p>Templomunk teh\u00e1t valamikor a Szent Istv\u00e1n ut\u00e1ni id\u0151ben \u00e9p\u00fclt. A \u201eminden 10 falu \u00e9p\u00edtsen egy templomot\u201d t\u00f6rv\u00e9ny hamar \u00e9rv\u00e9nyes\u00fclt vid\u00e9k\u00fcnk\u00f6n is, \u00edgy Szent L\u00e1szl\u00f3 t\u00f6rv\u00e9nye \u00e9rtelm\u00e9ben jelen esetben is az elhunytakat a templom k\u00f6r\u00e9 temett\u00e9k el. Ezen s\u00edrok k\u00f6z\u00fcl h\u00e1rmat, k\u00f6zt\u00fck 2 esetben a nem t\u00fal gyakori, t\u00e9gl\u00e1val keretezett s\u00edrt t\u00e1rtunk fel.<\/p>\n<p>&nbsp;<\/p>\n<p>Templomunk ut\u00f3\u00e9lete val\u00f3sz\u00edn\u0171leg a m\u00falt sz\u00e1zad elej\u00e9n z\u00e1rulhatott le, mikor is az \u00fajratelep\u00fcl\u00e9s k\u00f6vetkezt\u00e9ben a m\u00e9g \u00e1ll\u00f3 falakat elhordj\u00e1k a k\u00f6rny\u00e9k lak\u00f3i, amikor is a csorv\u00e1si \u00e9s a sz\u00e9n\u00e1si templom sors\u00e1ra jutott (az 1733. \u00e9vi katonai felm\u00e9r\u00e9s m\u00e9g magas felmen\u0151 falakkal \u00e1br\u00e1zolta \u0151ket a t\u00e9rk\u00e9pen!), eleny\u00e9szett nyomtalanul.<\/p>\n<p>&nbsp;<\/p>\n<p>1935-ben homokb\u00e1ny\u00e1sz\u00e1s k\u00f6zben csontokat tal\u00e1ltak a ter\u00fcleten \u00e9s 1965-ben az Orosh\u00e1za T\u00f6rt\u00e9nete \u00e9s N\u00e9prajza c. Monogr\u00e1fi\u00e1ban, mint r\u00e9g\u00e9szeti lel\u0151hely vonult be a r\u00e9g\u00e9sz szaktudatba. 2000-ben pedig, a Milleniumi \u00c9vhez kapcsol\u00f3d\u00f3an G\u00e1doros Nagyk\u00f6zs\u00e9g p\u00e1ly\u00e1zatot nyert a r\u00e9g\u00e9szeti felt\u00e1r\u00e1sokra.<\/p>\n<p>&nbsp;<\/p>\n<p>A leletanyag Orosh\u00e1z\u00e1ra, a csontanyag Szegedre ker\u00fcl. A tudom\u00e1nyos feldolgoz\u00e1s, G\u00e1doros kor\u00e1bbi r\u00e9g\u00e9szeti leleteinek m\u00e9ltat\u00e1s\u00e1val a G\u00e1dorosi F\u00fczetek k\u00f6vetkez\u0151 sz\u00e1m\u00e1ban v\u00e1rhat\u00f3.<\/p>\n<p>&nbsp;<\/p>\n<p>&nbsp;<\/p>\n<p align=\"right\">R\u00f3zsa Zolt\u00e1n<\/p>\n<p align=\"right\">r\u00e9g\u00e9sz<\/p>\n","protected":false},"excerpt":{"rendered":"<p>G\u00e1doros Nagyk\u00f6zs\u00e9g \u00a0G\u00e1doros nagyk\u00f6zs\u00e9g B\u00e9k\u00e9s megye \u00e9szaknyugati kisz\u00f6gell\u00e9s\u00e9ben fekszik. Nyugat fel\u0151l \u00c1rp\u00e1dhalom, \u00e9szakr\u00f3l Eperjes Csongr\u00e1d megyei telep\u00fcl\u00e9sekkel, kelet fel\u0151l Nagysz\u00e9n\u00e1ssal, d\u00e9lr\u0151l Szentetorny\u00e1val hat\u00e1ros. Term\u00e9szetes felsz\u00edni vize a M\u00e1gocsi-\u00e9r, mely az Orosh\u00e1za-Szentesi m\u0171utat \u00e9rinti. R\u00e9g\u00e9szeti leletek szerint m\u00e1r i.e. 4000-3500 \u00e9ve \u00e9ltek itt emberek. Sz\u00f3rv\u00e1nyleleteink \u2013 fekete gr\u00e1nit k\u0151balta, k\u0151peng\u00e9k, szak\u00f3c\u00e1k, \u201eK\u00f6r\u00f6si-kult\u00fara\u201d cser\u00e9ped\u00e9ny maradv\u00e1nyai, de felsz\u00ednre [&hellip;]<\/p>\n","protected":false},"author":1,"featured_media":0,"parent":0,"menu_order":0,"comment_status":"closed","ping_status":"closed","template":"","meta":{"footnotes":""},"_links":{"self":[{"href":"http:\/\/gadoros.hu\/index.php?rest_route=\/wp\/v2\/pages\/21"}],"collection":[{"href":"http:\/\/gadoros.hu\/index.php?rest_route=\/wp\/v2\/pages"}],"about":[{"href":"http:\/\/gadoros.hu\/index.php?rest_route=\/wp\/v2\/types\/page"}],"author":[{"embeddable":true,"href":"http:\/\/gadoros.hu\/index.php?rest_route=\/wp\/v2\/users\/1"}],"replies":[{"embeddable":true,"href":"http:\/\/gadoros.hu\/index.php?rest_route=%2Fwp%2Fv2%2Fcomments&post=21"}],"version-history":[{"count":1,"href":"http:\/\/gadoros.hu\/index.php?rest_route=\/wp\/v2\/pages\/21\/revisions"}],"predecessor-version":[{"id":22,"href":"http:\/\/gadoros.hu\/index.php?rest_route=\/wp\/v2\/pages\/21\/revisions\/22"}],"wp:attachment":[{"href":"http:\/\/gadoros.hu\/index.php?rest_route=%2Fwp%2Fv2%2Fmedia&parent=21"}],"curies":[{"name":"wp","href":"https:\/\/api.w.org\/{rel}","templated":true}]}}