{"id":1260,"date":"2018-11-14T09:22:50","date_gmt":"2018-11-14T09:22:50","guid":{"rendered":"http:\/\/www.gadoros.hu\/?page_id=1260"},"modified":"2018-11-14T09:33:19","modified_gmt":"2018-11-14T09:33:19","slug":"telepulesi-arculati-kezikonyv-es-telepuleskepi-rendelet","status":"publish","type":"page","link":"http:\/\/gadoros.hu\/?page_id=1260","title":{"rendered":"Telep\u00fcl\u00e9si Arculati K\u00e9zik\u00f6nyv \u00e9s Telep\u00fcl\u00e9sk\u00e9pi Rendelet"},"content":{"rendered":"<p>[wpfilebase tag=list id=117 pagenav=1 \/]<\/p>\n","protected":false},"excerpt":{"rendered":"<p>[wpfilebase tag=list id=117 pagenav=1 \/]<\/p>\n","protected":false},"author":1,"featured_media":0,"parent":0,"menu_order":0,"comment_status":"open","ping_status":"closed","template":"","meta":{"footnotes":""},"_links":{"self":[{"href":"http:\/\/gadoros.hu\/index.php?rest_route=\/wp\/v2\/pages\/1260"}],"collection":[{"href":"http:\/\/gadoros.hu\/index.php?rest_route=\/wp\/v2\/pages"}],"about":[{"href":"http:\/\/gadoros.hu\/index.php?rest_route=\/wp\/v2\/types\/page"}],"author":[{"embeddable":true,"href":"http:\/\/gadoros.hu\/index.php?rest_route=\/wp\/v2\/users\/1"}],"replies":[{"embeddable":true,"href":"http:\/\/gadoros.hu\/index.php?rest_route=%2Fwp%2Fv2%2Fcomments&post=1260"}],"version-history":[{"count":3,"href":"http:\/\/gadoros.hu\/index.php?rest_route=\/wp\/v2\/pages\/1260\/revisions"}],"predecessor-version":[{"id":1336,"href":"http:\/\/gadoros.hu\/index.php?rest_route=\/wp\/v2\/pages\/1260\/revisions\/1336"}],"wp:attachment":[{"href":"http:\/\/gadoros.hu\/index.php?rest_route=%2Fwp%2Fv2%2Fmedia&parent=1260"}],"curies":[{"name":"wp","href":"https:\/\/api.w.org\/{rel}","templated":true}]}}