{"id":1159,"date":"2018-08-02T21:30:54","date_gmt":"2018-08-02T21:30:54","guid":{"rendered":"http:\/\/www.gadoros.hu\/?page_id=1159"},"modified":"2025-02-24T14:21:29","modified_gmt":"2025-02-24T13:21:29","slug":"kepviselo-testulet-dokumentumtar","status":"publish","type":"page","link":"http:\/\/gadoros.hu\/?page_id=1159","title":{"rendered":"K\u00e9pvisel\u0151 Test\u00fclet &#8211; Dokumentumt\u00e1r"},"content":{"rendered":"<ul>\n<li>\n<h3><em><strong><a href=\"http:\/\/gadoros.hu\/wp-content\/uploads\/2025\/02\/Gadoros-Helyi-Eselyegyenlosegi_program-2022-2027.pdf\">Helyi Es\u00e9lyegyenl\u0151s\u00e9gi Program<\/a><\/strong><\/em><\/h3>\n<\/li>\n<li>\n<h3><em><strong><a href=\"http:\/\/gadoros.hu\/wp-content\/uploads\/2024\/05\/Pieta-arajegyzek.pdf\">Pi\u00e9ta \u00c1rjegyz\u00e9k<\/a><\/strong><\/em><\/h3>\n<\/li>\n<li>\n<h3><em><strong><a href=\"http:\/\/gadoros.hu\/wp-content\/uploads\/2024\/05\/Kegyeleti-kozszolgalati-szerzodes-2020.pdf\">Kegyeleti k\u00f6zszolg\u00e1lati szerz\u0151d\u00e9s 2020<\/a><\/strong><\/em><\/h3>\n<\/li>\n<li>\n<h3><em><strong><a href=\"http:\/\/gadoros.hu\/wp-content\/uploads\/2024\/05\/Gazdasagi-Program-2019-2024.pdf\">Gazdas\u00e1gi program 2019-2024<\/a><\/strong><\/em><\/h3>\n<\/li>\n<li>\n<h3><em><strong><a href=\"http:\/\/gadoros.hu\/wp-content\/uploads\/2025\/02\/KOZBESZERZESI-SZABALYZAT-2024.-januar.pdf\">K\u00d6ZBESZERZ\u00c9SI SZAB\u00c1LYZAT 2024<\/a><\/strong><\/em><\/h3>\n<\/li>\n<li>\n<h3><em><strong><a href=\"http:\/\/gadoros.hu\/wp-content\/uploads\/2024\/05\/10-2019.-SZMSZ-egyseges-szerkezetben.pdf\">10-2019 SZMSZ egys\u00e9ges szerkezetben<\/a><\/strong><\/em><\/h3>\n<\/li>\n<\/ul>\n","protected":false},"excerpt":{"rendered":"<p>Helyi Es\u00e9lyegyenl\u0151s\u00e9gi Program Pi\u00e9ta \u00c1rjegyz\u00e9k Kegyeleti k\u00f6zszolg\u00e1lati szerz\u0151d\u00e9s 2020 Gazdas\u00e1gi program 2019-2024 K\u00d6ZBESZERZ\u00c9SI SZAB\u00c1LYZAT 2024 10-2019 SZMSZ egys\u00e9ges szerkezetben<\/p>\n","protected":false},"author":1,"featured_media":0,"parent":0,"menu_order":0,"comment_status":"closed","ping_status":"closed","template":"","meta":{"footnotes":""},"_links":{"self":[{"href":"http:\/\/gadoros.hu\/index.php?rest_route=\/wp\/v2\/pages\/1159"}],"collection":[{"href":"http:\/\/gadoros.hu\/index.php?rest_route=\/wp\/v2\/pages"}],"about":[{"href":"http:\/\/gadoros.hu\/index.php?rest_route=\/wp\/v2\/types\/page"}],"author":[{"embeddable":true,"href":"http:\/\/gadoros.hu\/index.php?rest_route=\/wp\/v2\/users\/1"}],"replies":[{"embeddable":true,"href":"http:\/\/gadoros.hu\/index.php?rest_route=%2Fwp%2Fv2%2Fcomments&post=1159"}],"version-history":[{"count":7,"href":"http:\/\/gadoros.hu\/index.php?rest_route=\/wp\/v2\/pages\/1159\/revisions"}],"predecessor-version":[{"id":7100,"href":"http:\/\/gadoros.hu\/index.php?rest_route=\/wp\/v2\/pages\/1159\/revisions\/7100"}],"wp:attachment":[{"href":"http:\/\/gadoros.hu\/index.php?rest_route=%2Fwp%2Fv2%2Fmedia&parent=1159"}],"curies":[{"name":"wp","href":"https:\/\/api.w.org\/{rel}","templated":true}]}}