{"id":1048,"date":"2018-03-01T07:27:52","date_gmt":"2018-03-01T07:27:52","guid":{"rendered":"http:\/\/www.gadoros.hu\/?page_id=1048"},"modified":"2018-03-01T07:27:52","modified_gmt":"2018-03-01T07:27:52","slug":"ovoda-kozbeszerzesi-dokumentumok","status":"publish","type":"page","link":"http:\/\/gadoros.hu\/?page_id=1048","title":{"rendered":"\u00d3voda k\u00f6zbeszerz\u00e9si dokumentumok"},"content":{"rendered":"<p>[wpfilebase tag=list id=110 tpl=&#8217;sima_lista&#8217; pagenav=1 \/]<\/p>\n","protected":false},"excerpt":{"rendered":"<p>[wpfilebase tag=list id=110 tpl=&#8217;sima_lista&#8217; pagenav=1 \/]<\/p>\n","protected":false},"author":1,"featured_media":0,"parent":0,"menu_order":0,"comment_status":"closed","ping_status":"closed","template":"","meta":{"footnotes":""},"class_list":["post-1048","page","type-page","status-publish","hentry"],"_links":{"self":[{"href":"http:\/\/gadoros.hu\/index.php?rest_route=\/wp\/v2\/pages\/1048"}],"collection":[{"href":"http:\/\/gadoros.hu\/index.php?rest_route=\/wp\/v2\/pages"}],"about":[{"href":"http:\/\/gadoros.hu\/index.php?rest_route=\/wp\/v2\/types\/page"}],"author":[{"embeddable":true,"href":"http:\/\/gadoros.hu\/index.php?rest_route=\/wp\/v2\/users\/1"}],"replies":[{"embeddable":true,"href":"http:\/\/gadoros.hu\/index.php?rest_route=%2Fwp%2Fv2%2Fcomments&post=1048"}],"version-history":[{"count":1,"href":"http:\/\/gadoros.hu\/index.php?rest_route=\/wp\/v2\/pages\/1048\/revisions"}],"predecessor-version":[{"id":1049,"href":"http:\/\/gadoros.hu\/index.php?rest_route=\/wp\/v2\/pages\/1048\/revisions\/1049"}],"wp:attachment":[{"href":"http:\/\/gadoros.hu\/index.php?rest_route=%2Fwp%2Fv2%2Fmedia&parent=1048"}],"curies":[{"name":"wp","href":"https:\/\/api.w.org\/{rel}","templated":true}]}}